{"id":1118,"date":"2019-03-07T16:43:22","date_gmt":"2019-03-07T21:43:22","guid":{"rendered":"http:\/\/cepforensique.wpengine.com\/?page_id=1118"},"modified":"2021-08-05T12:48:42","modified_gmt":"2021-08-05T16:48:42","slug":"carrieres","status":"publish","type":"page","link":"https:\/\/cep-experts.ca\/fr\/carrieres\/","title":{"rendered":"Carri\u00e8res"},"content":{"rendered":"\t\t<div class=\"et_pb_section et_pb_with_background et_section_regular breadcrumbs_section\">\r\n\t\t\t<div class=\" et_pb_row breadcrumbs_row\">\r\n\t\t\t\t<div class=\"et_pb_column et_pb_column_4_4 breadcrumbs_column\">\r\n\t\t\t\t\t<div class=\"et_pb_code et_pb_module breadcrumbs_module\">\r\n\t\t\t\t\t\t<span><span><a href=\"https:\/\/cep-experts.ca\/fr\/\">Accueil<\/a><\/span><\/span>\t\t\t\t\t<\/div> <!-- .et_pb_code -->\r\n\t\t\t\t<\/div> <!-- .et_pb_column -->\r\n\t\t\t<\/div> <!-- .et_pb_row -->\r\n\t\t<\/div>\r\n\t[et_pb_section bb_built=\u00a0\u00bb1&Prime; _builder_version=\u00a0\u00bb4.5.1&Prime; background_image=\u00a0\u00bbhttps:\/\/cep-experts.ca\/wp-content\/uploads\/2020\/07\/career-bg-2.jpg\u00a0\u00bb background_position=\u00a0\u00bbtop_center\u00a0\u00bb inner_width_tablet=\u00a0\u00bb50px\u00a0\u00bb inner_max_width_tablet=\u00a0\u00bb50px\u00a0\u00bb custom_padding=\u00a0\u00bb0px|0px|0px|0px\u00a0\u00bb z_index_tablet=\u00a0\u00bb500&Prime; border_style_all=\u00a0\u00bbnone\u00a0\u00bb border_width_top=\u00a0\u00bb25&Prime; border_width_right=\u00a0\u00bb25&Prime; border_width_bottom=\u00a0\u00bb25&Prime; border_width_left=\u00a0\u00bb25&Prime; next_background_color=\u00a0\u00bb#ffffff\u00a0\u00bb][et_pb_row use_custom_gutter=\u00a0\u00bbon\u00a0\u00bb gutter_width=\u00a0\u00bb1&Prime; _builder_version=\u00a0\u00bb3.25&Prime; width=\u00a0\u00bb100%\u00a0\u00bb max_width=\u00a0\u00bb100%\u00a0\u00bb module_alignment=\u00a0\u00bbcenter\u00a0\u00bb custom_padding=\u00a0\u00bb0px|0px|0px|0px\u00a0\u00bb use_custom_width=\u00a0\u00bbon\u00a0\u00bb width_unit=\u00a0\u00bboff\u00a0\u00bb custom_width_percent=\u00a0\u00bb100%\u00a0\u00bb][et_pb_column type=\u00a0\u00bb4_4&Prime; _builder_version=\u00a0\u00bb3.25&Prime; custom_padding=\u00a0\u00bb|||\u00a0\u00bb custom_padding__hover=\u00a0\u00bb|||\u00a0\u00bb][et_pb_divider admin_label=\u00a0\u00bbImage en BG\u00a0\u00bb show_divider=\u00a0\u00bboff\u00a0\u00bb _builder_version=\u00a0\u00bb4.5.1&Prime; custom_padding=\u00a0\u00bb175px||175px||false|false\u00a0\u00bb custom_padding_phone=\u00a0\u00bb100px||100px|\u00a0\u00bb custom_padding_last_edited=\u00a0\u00bbon|phone\u00a0\u00bb \/][\/et_pb_column][\/et_pb_row][\/et_pb_section][et_pb_section bb_built=\u00a0\u00bb1&Prime; _builder_version=\u00a0\u00bb3.22&Prime; prev_background_color=\u00a0\u00bb#000000&Prime; next_background_color=\u00a0\u00bb#ededed\u00a0\u00bb][et_pb_row _builder_version=\u00a0\u00bb3.25&Prime; background_size=\u00a0\u00bbinitial\u00a0\u00bb background_position=\u00a0\u00bbtop_left\u00a0\u00bb background_repeat=\u00a0\u00bbrepeat\u00a0\u00bb][et_pb_column type=\u00a0\u00bb4_4&Prime; _builder_version=\u00a0\u00bb3.25&Prime; custom_padding=\u00a0\u00bb|||\u00a0\u00bb custom_padding__hover=\u00a0\u00bb|||\u00a0\u00bb][et_pb_text admin_label=\u00a0\u00bbD\u00c9VELOPPEZ VOTRE PLEIN POTENTIELDANS UNE \u00c9QUIPE D\u2019EXPERTS\u00a0\u00bb _builder_version=\u00a0\u00bb3.27.4&Prime;]\r\n\r\n<h1 style=\"text-align: center;\">D\u00c9VELOPPEZ VOTRE PLEIN POTENTIEL<br \/><strong>DANS UNE \u00c9QUIPE D\u2019EXPERTS<\/strong><\/h1>\r\n\r\n[\/et_pb_text][\/et_pb_column][\/et_pb_row][\/et_pb_section][et_pb_section bb_built=\u00a0\u00bb1&Prime; _builder_version=\u00a0\u00bb3.22&Prime; background_color=\u00a0\u00bb#ededed\u00a0\u00bb background_image=\u00a0\u00bbhttps:\/\/cep-experts.ca\/wp-content\/uploads\/2019\/03\/texture-carre-small.svg\u00a0\u00bb background_size=\u00a0\u00bbcontain\u00a0\u00bb prev_background_color=\u00a0\u00bb#ffffff\u00a0\u00bb next_background_color=\u00a0\u00bb#ffffff\u00a0\u00bb][et_pb_row column_structure=\u00a0\u00bb2_5,3_5&Prime; _builder_version=\u00a0\u00bb3.25&Prime; max_width=\u00a0\u00bb1200px\u00a0\u00bb use_custom_width=\u00a0\u00bbon\u00a0\u00bb custom_width_px=\u00a0\u00bb1200px\u00a0\u00bb][et_pb_column type=\u00a0\u00bb2_5&Prime; _builder_version=\u00a0\u00bb3.25&Prime; custom_padding=\u00a0\u00bb|||\u00a0\u00bb custom_padding__hover=\u00a0\u00bb|||\u00a0\u00bb][et_pb_text admin_label=\u00a0\u00bbVOUS \u00caTES\u2026\u00a0\u00bb _builder_version=\u00a0\u00bb4.5.5&Prime; background_color=\u00a0\u00bb#ffffff\u00a0\u00bb custom_padding=\u00a0\u00bb50px|50px|50px|50px\u00a0\u00bb custom_padding_phone=\u00a0\u00bb25px|25px|25px|25px\u00a0\u00bb custom_padding_last_edited=\u00a0\u00bbon|phone\u00a0\u00bb z_index_tablet=\u00a0\u00bb500&Prime; text_text_shadow_horizontal_length=\u00a0\u00bbtext_text_shadow_style,%91object Object%93&Prime; text_text_shadow_horizontal_length_tablet=\u00a0\u00bb0px\u00a0\u00bb text_text_shadow_vertical_length=\u00a0\u00bbtext_text_shadow_style,%91object Object%93&Prime; text_text_shadow_vertical_length_tablet=\u00a0\u00bb0px\u00a0\u00bb text_text_shadow_blur_strength=\u00a0\u00bbtext_text_shadow_style,%91object Object%93&Prime; text_text_shadow_blur_strength_tablet=\u00a0\u00bb1px\u00a0\u00bb link_text_shadow_horizontal_length=\u00a0\u00bblink_text_shadow_style,%91object Object%93&Prime; link_text_shadow_horizontal_length_tablet=\u00a0\u00bb0px\u00a0\u00bb link_text_shadow_vertical_length=\u00a0\u00bblink_text_shadow_style,%91object Object%93&Prime; link_text_shadow_vertical_length_tablet=\u00a0\u00bb0px\u00a0\u00bb link_text_shadow_blur_strength=\u00a0\u00bblink_text_shadow_style,%91object Object%93&Prime; link_text_shadow_blur_strength_tablet=\u00a0\u00bb1px\u00a0\u00bb ul_text_shadow_horizontal_length=\u00a0\u00bbul_text_shadow_style,%91object Object%93&Prime; ul_text_shadow_horizontal_length_tablet=\u00a0\u00bb0px\u00a0\u00bb ul_text_shadow_vertical_length=\u00a0\u00bbul_text_shadow_style,%91object Object%93&Prime; ul_text_shadow_vertical_length_tablet=\u00a0\u00bb0px\u00a0\u00bb ul_text_shadow_blur_strength=\u00a0\u00bbul_text_shadow_style,%91object Object%93&Prime; ul_text_shadow_blur_strength_tablet=\u00a0\u00bb1px\u00a0\u00bb ol_text_shadow_horizontal_length=\u00a0\u00bbol_text_shadow_style,%91object Object%93&Prime; ol_text_shadow_horizontal_length_tablet=\u00a0\u00bb0px\u00a0\u00bb ol_text_shadow_vertical_length=\u00a0\u00bbol_text_shadow_style,%91object Object%93&Prime; ol_text_shadow_vertical_length_tablet=\u00a0\u00bb0px\u00a0\u00bb ol_text_shadow_blur_strength=\u00a0\u00bbol_text_shadow_style,%91object Object%93&Prime; ol_text_shadow_blur_strength_tablet=\u00a0\u00bb1px\u00a0\u00bb quote_text_shadow_horizontal_length=\u00a0\u00bbquote_text_shadow_style,%91object Object%93&Prime; quote_text_shadow_horizontal_length_tablet=\u00a0\u00bb0px\u00a0\u00bb quote_text_shadow_vertical_length=\u00a0\u00bbquote_text_shadow_style,%91object Object%93&Prime; quote_text_shadow_vertical_length_tablet=\u00a0\u00bb0px\u00a0\u00bb quote_text_shadow_blur_strength=\u00a0\u00bbquote_text_shadow_style,%91object Object%93&Prime; quote_text_shadow_blur_strength_tablet=\u00a0\u00bb1px\u00a0\u00bb header_text_shadow_horizontal_length=\u00a0\u00bbheader_text_shadow_style,%91object Object%93&Prime; header_text_shadow_horizontal_length_tablet=\u00a0\u00bb0px\u00a0\u00bb header_text_shadow_vertical_length=\u00a0\u00bbheader_text_shadow_style,%91object Object%93&Prime; header_text_shadow_vertical_length_tablet=\u00a0\u00bb0px\u00a0\u00bb header_text_shadow_blur_strength=\u00a0\u00bbheader_text_shadow_style,%91object Object%93&Prime; header_text_shadow_blur_strength_tablet=\u00a0\u00bb1px\u00a0\u00bb header_2_text_shadow_horizontal_length=\u00a0\u00bbheader_2_text_shadow_style,%91object Object%93&Prime; header_2_text_shadow_horizontal_length_tablet=\u00a0\u00bb0px\u00a0\u00bb header_2_text_shadow_vertical_length=\u00a0\u00bbheader_2_text_shadow_style,%91object Object%93&Prime; header_2_text_shadow_vertical_length_tablet=\u00a0\u00bb0px\u00a0\u00bb header_2_text_shadow_blur_strength=\u00a0\u00bbheader_2_text_shadow_style,%91object Object%93&Prime; header_2_text_shadow_blur_strength_tablet=\u00a0\u00bb1px\u00a0\u00bb header_3_text_shadow_horizontal_length=\u00a0\u00bbheader_3_text_shadow_style,%91object Object%93&Prime; header_3_text_shadow_horizontal_length_tablet=\u00a0\u00bb0px\u00a0\u00bb header_3_text_shadow_vertical_length=\u00a0\u00bbheader_3_text_shadow_style,%91object Object%93&Prime; header_3_text_shadow_vertical_length_tablet=\u00a0\u00bb0px\u00a0\u00bb header_3_text_shadow_blur_strength=\u00a0\u00bbheader_3_text_shadow_style,%91object Object%93&Prime; header_3_text_shadow_blur_strength_tablet=\u00a0\u00bb1px\u00a0\u00bb header_4_text_shadow_horizontal_length=\u00a0\u00bbheader_4_text_shadow_style,%91object Object%93&Prime; header_4_text_shadow_horizontal_length_tablet=\u00a0\u00bb0px\u00a0\u00bb header_4_text_shadow_vertical_length=\u00a0\u00bbheader_4_text_shadow_style,%91object Object%93&Prime; header_4_text_shadow_vertical_length_tablet=\u00a0\u00bb0px\u00a0\u00bb header_4_text_shadow_blur_strength=\u00a0\u00bbheader_4_text_shadow_style,%91object Object%93&Prime; header_4_text_shadow_blur_strength_tablet=\u00a0\u00bb1px\u00a0\u00bb header_5_text_shadow_horizontal_length=\u00a0\u00bbheader_5_text_shadow_style,%91object Object%93&Prime; header_5_text_shadow_horizontal_length_tablet=\u00a0\u00bb0px\u00a0\u00bb header_5_text_shadow_vertical_length=\u00a0\u00bbheader_5_text_shadow_style,%91object Object%93&Prime; header_5_text_shadow_vertical_length_tablet=\u00a0\u00bb0px\u00a0\u00bb header_5_text_shadow_blur_strength=\u00a0\u00bbheader_5_text_shadow_style,%91object Object%93&Prime; header_5_text_shadow_blur_strength_tablet=\u00a0\u00bb1px\u00a0\u00bb header_6_text_shadow_horizontal_length=\u00a0\u00bbheader_6_text_shadow_style,%91object Object%93&Prime; header_6_text_shadow_horizontal_length_tablet=\u00a0\u00bb0px\u00a0\u00bb header_6_text_shadow_vertical_length=\u00a0\u00bbheader_6_text_shadow_style,%91object Object%93&Prime; header_6_text_shadow_vertical_length_tablet=\u00a0\u00bb0px\u00a0\u00bb header_6_text_shadow_blur_strength=\u00a0\u00bbheader_6_text_shadow_style,%91object Object%93&Prime; header_6_text_shadow_blur_strength_tablet=\u00a0\u00bb1px\u00a0\u00bb box_shadow_horizontal_tablet=\u00a0\u00bb0px\u00a0\u00bb box_shadow_vertical_tablet=\u00a0\u00bb0px\u00a0\u00bb box_shadow_blur_tablet=\u00a0\u00bb40px\u00a0\u00bb box_shadow_spread_tablet=\u00a0\u00bb0px\u00a0\u00bb vertical_offset_tablet=\u00a0\u00bb0&Prime; horizontal_offset_tablet=\u00a0\u00bb0&Prime;]\r\n\r\n<h3>VOUS \u00caTES\u2026<\/h3>\r\n<ul>\r\n<li>Soucieux d\u2019exceller en toute situation?<\/li>\r\n<li>Pr\u00e9sent pour vos coll\u00e8gues et clients?<\/li>\r\n<li>Une personne qui s\u2019adapte facilement, pour plus d\u2019efficacit\u00e9?<\/li>\r\n<li>Et vous vous distinguez sans pr\u00e9tention?<\/li>\r\n<\/ul>\r\n<p><a href=\"https:\/\/canr58.dayforcehcm.com\/CandidatePortal\/fr-CA\/cep\">Nous aimerions vous conna\u00eetre!<\/a><\/p>\r\n\r\n[\/et_pb_text][\/et_pb_column][et_pb_column type=\u00a0\u00bb3_5&Prime; _builder_version=\u00a0\u00bb3.25&Prime; custom_padding=\u00a0\u00bb|||\u00a0\u00bb custom_padding__hover=\u00a0\u00bb|||\u00a0\u00bb][et_pb_text admin_label=\u00a0\u00bbCHAQUE EMPLOY\u00c9 PARTICIPE \u00c0 NOTRE SUCC\u00c8S\u00a0\u00bb _builder_version=\u00a0\u00bb3.27.4&Prime; z_index_tablet=\u00a0\u00bb500&Prime;]\r\n\r\n<h2>CHAQUE EMPLOY\u00c9 <br \/>\r\nPARTICIPE \u00c0 NOTRE SUCC\u00c8S<\/h2>\r\n<p>Chez CEP, nous sommes ing\u00e9nieurs, scientifiques, professionnels, experts forensiques\u2026 mais surtout d\u00e9termin\u00e9s! Nous croyons que la meilleure fa\u00e7on de d\u00e9velopper son potentiel tout en ayant du plaisir est de ne pas se prendre trop au s\u00e9rieux. Dans notre \u00e9quipe, la rigueur et le g\u00e9nie humoristique s\u2019assemblent pour cr\u00e9er une ambiance de travail humaine et sympathique.<\/p>\r\n\r\n[\/et_pb_text][et_pb_button admin_label=\u00a0\u00bbRENCONTREZ VOS FUTURS COLL\u00c8GUES!\u00a0\u00bb button_url=\u00a0\u00bb\/fr\/experts\/\u00a0\u00bb button_text=\u00a0\u00bbRENCONTREZ VOS FUTURS COLL\u00c8GUES!\u00a0\u00bb _builder_version=\u00a0\u00bb3.22.6&Prime; z_index_tablet=\u00a0\u00bb500&Prime; \/][\/et_pb_column][\/et_pb_row][\/et_pb_section][et_pb_section bb_built=\u00a0\u00bb1&Prime; _builder_version=\u00a0\u00bb3.22&Prime; prev_background_color=\u00a0\u00bb#ededed\u00a0\u00bb next_background_color=\u00a0\u00bb#000000&Prime;][et_pb_row _builder_version=\u00a0\u00bb3.25&Prime; background_size=\u00a0\u00bbinitial\u00a0\u00bb background_position=\u00a0\u00bbtop_left\u00a0\u00bb background_repeat=\u00a0\u00bbrepeat\u00a0\u00bb][et_pb_column type=\u00a0\u00bb4_4&Prime; _builder_version=\u00a0\u00bb3.25&Prime; custom_padding=\u00a0\u00bb|||\u00a0\u00bb custom_padding__hover=\u00a0\u00bb|||\u00a0\u00bb][et_pb_text admin_label=\u00a0\u00bbTROUVEZ L\u2019EMPLOI QUI VOUS CONVIENT\u00a0\u00bb _builder_version=\u00a0\u00bb3.27.4&Prime; z_index_tablet=\u00a0\u00bb500&Prime;]\r\n\r\n<h2 style=\"text-align: center;\">TROUVEZ L\u2019EMPLOI QUI VOUS CONVIENT<\/h2>\r\n\r\n[\/et_pb_text][\/et_pb_column][\/et_pb_row][et_pb_row _builder_version=\u00a0\u00bb3.25&Prime; background_size=\u00a0\u00bbinitial\u00a0\u00bb background_position=\u00a0\u00bbtop_left\u00a0\u00bb background_repeat=\u00a0\u00bbrepeat\u00a0\u00bb][et_pb_column type=\u00a0\u00bb4_4&Prime; _builder_version=\u00a0\u00bb3.25&Prime; custom_padding=\u00a0\u00bb|||\u00a0\u00bb custom_padding__hover=\u00a0\u00bb|||\u00a0\u00bb][et_pb_button admin_label=\u00a0\u00bbVOIR TOUS LES POSTES\u00a0\u00bb button_url=\u00a0\u00bbhttps:\/\/canr58.dayforcehcm.com\/CandidatePortal\/fr-CA\/cep\u00a0\u00bb button_text=\u00a0\u00bbVOIR TOUS LES POSTES\u00a0\u00bb button_alignment=\u00a0\u00bbcenter\u00a0\u00bb _builder_version=\u00a0\u00bb4.5.5&Prime; hover_enabled=\u00a0\u00bb0&Prime; z_index_tablet=\u00a0\u00bb500&Prime; url_new_window=\u00a0\u00bbon\u00a0\u00bb \/][\/et_pb_column][\/et_pb_row][\/et_pb_section][et_pb_section bb_built=\u00a0\u00bb1&Prime; _builder_version=\u00a0\u00bb3.22&Prime; custom_padding=\u00a0\u00bb0px|0px|0px|0px\u00a0\u00bb prev_background_color=\u00a0\u00bb#000000&Prime;][et_pb_row column_structure=\u00a0\u00bb1_2,1_2&Prime; use_custom_gutter=\u00a0\u00bbon\u00a0\u00bb gutter_width=\u00a0\u00bb1&Prime; make_equal=\u00a0\u00bbon\u00a0\u00bb module_class=\u00a0\u00bbrow-custom-bg\u00a0\u00bb _builder_version=\u00a0\u00bb3.25&Prime; width=\u00a0\u00bb100%\u00a0\u00bb max_width=\u00a0\u00bb100%\u00a0\u00bb module_alignment=\u00a0\u00bbcenter\u00a0\u00bb custom_padding=\u00a0\u00bb0px|0px|0px|0px\u00a0\u00bb z_index_tablet=\u00a0\u00bb500&Prime; make_fullwidth=\u00a0\u00bbon\u00a0\u00bb use_custom_width=\u00a0\u00bbon\u00a0\u00bb width_unit=\u00a0\u00bboff\u00a0\u00bb custom_width_percent=\u00a0\u00bb100%\u00a0\u00bb][et_pb_column type=\u00a0\u00bb1_2&Prime; _builder_version=\u00a0\u00bb3.25&Prime; background_color=\u00a0\u00bb#df6420&Prime; background_image=\u00a0\u00bbhttps:\/\/cep-experts.ca\/wp-content\/uploads\/2019\/03\/bois.jpg\u00a0\u00bb custom_padding=\u00a0\u00bb7%|8%|7%|8%\u00a0\u00bb custom_padding_phone=\u00a0\u00bb40px|10%|40px|10%\u00a0\u00bb custom_padding_last_edited=\u00a0\u00bbon|desktop\u00a0\u00bb custom_padding__hover=\u00a0\u00bb|||\u00a0\u00bb][et_pb_text admin_label=\u00a0\u00bbVOTRE EXPERTISE NE CORRESPOND PAS AUX POSTES AFFICH\u00c9S?\u00a0\u00bb _builder_version=\u00a0\u00bb3.27.4&Prime;]\r\n\r\n<h2 style=\"text-align: center;\">VOTRE EXPERTISE NE CORRESPOND PAS AUX POSTES AFFICH\u00c9S?<\/h2>\r\n<p style=\"text-align: center;\">Nous sommes toujours \u00e0 la recherche de nouveaux talents!<\/p>\r\n\r\n[\/et_pb_text][et_pb_button admin_label=\u00a0\u00bbCANDIDATURE SPONTAN\u00c9E \u00a0\u00bb button_url=\u00a0\u00bbhttps:\/\/canr58.dayforcehcm.com\/CandidatePortal\/fr-CA\/cep\/Posting\/View\/27&Prime; button_text=\u00a0\u00bbCANDIDATURE SPONTAN\u00c9E \u00a0\u00bb button_alignment=\u00a0\u00bbcenter\u00a0\u00bb _builder_version=\u00a0\u00bb4.5.5&Prime; custom_margin=\u00a0\u00bb30px|||\u00a0\u00bb hover_enabled=\u00a0\u00bb0&Prime; z_index_tablet=\u00a0\u00bb500&Prime; url_new_window=\u00a0\u00bbon\u00a0\u00bb \/][\/et_pb_column][et_pb_column type=\u00a0\u00bb1_2&Prime; _builder_version=\u00a0\u00bb3.25&Prime; background_color=\u00a0\u00bb#df6420&Prime; background_image=\u00a0\u00bbhttps:\/\/cep-experts.ca\/wp-content\/uploads\/2019\/04\/carrieres-fils.jpg\u00a0\u00bb custom_padding=\u00a0\u00bb7%|8%|7%|8%\u00a0\u00bb custom_padding_phone=\u00a0\u00bb40px|10%|40px|10%\u00a0\u00bb custom_padding_last_edited=\u00a0\u00bbon|desktop\u00a0\u00bb custom_padding__hover=\u00a0\u00bb|||\u00a0\u00bb][et_pb_text admin_label=\u00a0\u00bbCURIEUX D\u2019EN SAVOIR PLUS SUR CEP FORENSIQUE?\u00a0\u00bb _builder_version=\u00a0\u00bb3.27.4&Prime; z_index_tablet=\u00a0\u00bb500&Prime;]\r\n\r\n<h2 style=\"text-align: center;\">CURIEUX D\u2019EN SAVOIR PLUS SUR CEP FORENSIQUE?<\/h2>\r\n\r\n[\/et_pb_text][et_pb_button admin_label=\u00a0\u00bb\u00c0 PROPOS \u00a0\u00bb button_url=\u00a0\u00bb\/fr\/a-propos\/\u00a0\u00bb button_text=\u00a0\u00bb\u00c0 PROPOS\u00a0\u00bb button_alignment=\u00a0\u00bbcenter\u00a0\u00bb _builder_version=\u00a0\u00bb3.22.7&Prime; custom_margin=\u00a0\u00bb30px|||\u00a0\u00bb z_index_tablet=\u00a0\u00bb500&Prime; \/][\/et_pb_column][\/et_pb_row][\/et_pb_section]","protected":false},"excerpt":{"rendered":"<p>D\u00c9VELOPPEZ VOTRE PLEIN POTENTIELDANS UNE \u00c9QUIPE D\u2019EXPERTS VOUS \u00caTES\u2026 Soucieux d\u2019exceller en toute situation? Pr\u00e9sent pour vos coll\u00e8gues et clients? Une personne qui s\u2019adapte facilement, pour plus d\u2019efficacit\u00e9? Et vous vous distinguez sans pr\u00e9tention? Nous aimerions vous conna\u00eetre! CHAQUE EMPLOY\u00c9 PARTICIPE \u00c0 NOTRE SUCC\u00c8S Chez CEP, nous sommes ing\u00e9nieurs, scientifiques, professionnels, experts forensiques\u2026 mais surtout [&hellip;]<\/p>\n","protected":false},"author":1,"featured_media":0,"parent":0,"menu_order":0,"comment_status":"closed","ping_status":"closed","template":"","meta":{"_acf_changed":false,"_et_pb_use_builder":"on","_et_pb_old_content":"","_et_gb_content_width":"","footnotes":""},"service-specialise":[],"class_list":["post-1118","page","type-page","status-publish","hentry"],"acf":[],"yoast_head":"<!-- This site is optimized with the Yoast SEO plugin v27.2 - https:\/\/yoast.com\/product\/yoast-seo-wordpress\/ -->\n<title>Carri\u00e8res - CEP Forensique<\/title>\n<meta name=\"robots\" content=\"index, follow, max-snippet:-1, max-image-preview:large, max-video-preview:-1\" \/>\n<link rel=\"canonical\" href=\"https:\/\/cep-experts.ca\/fr\/carrieres\/\" \/>\n<meta property=\"og:locale\" content=\"fr_CA\" \/>\n<meta property=\"og:type\" content=\"article\" \/>\n<meta property=\"og:title\" content=\"Carri\u00e8res - CEP Forensique\" \/>\n<meta property=\"og:description\" content=\"D\u00c9VELOPPEZ VOTRE PLEIN POTENTIELDANS UNE \u00c9QUIPE D\u2019EXPERTS VOUS \u00caTES\u2026 Soucieux d\u2019exceller en toute situation? Pr\u00e9sent pour vos coll\u00e8gues et clients? Une personne qui s\u2019adapte facilement, pour plus d\u2019efficacit\u00e9? Et vous vous distinguez sans pr\u00e9tention? Nous aimerions vous conna\u00eetre! CHAQUE EMPLOY\u00c9 PARTICIPE \u00c0 NOTRE SUCC\u00c8S Chez CEP, nous sommes ing\u00e9nieurs, scientifiques, professionnels, experts forensiques\u2026 mais surtout [&hellip;]\" \/>\n<meta property=\"og:url\" content=\"https:\/\/cep-experts.ca\/fr\/carrieres\/\" \/>\n<meta property=\"og:site_name\" content=\"CEP Forensique\" \/>\n<meta property=\"article:modified_time\" content=\"2021-08-05T16:48:42+00:00\" \/>\n<meta property=\"og:image\" content=\"https:\/\/cep-experts.ca\/wp-content\/uploads\/2019\/04\/acceuil-finale.jpg\" \/>\n\t<meta property=\"og:image:width\" content=\"1920\" \/>\n\t<meta property=\"og:image:height\" content=\"700\" \/>\n\t<meta property=\"og:image:type\" content=\"image\/jpeg\" \/>\n<meta name=\"twitter:card\" content=\"summary_large_image\" \/>\n<meta name=\"twitter:label1\" content=\"Estimation du temps de lecture\" \/>\n\t<meta name=\"twitter:data1\" content=\"8 minutes\" \/>\n<script type=\"application\/ld+json\" class=\"yoast-schema-graph\">{\"@context\":\"https:\/\/schema.org\",\"@graph\":[{\"@type\":\"WebPage\",\"@id\":\"https:\/\/cep-experts.ca\/fr\/carrieres\/\",\"url\":\"https:\/\/cep-experts.ca\/fr\/carrieres\/\",\"name\":\"Carri\u00e8res - CEP Forensique\",\"isPartOf\":{\"@id\":\"https:\/\/cep-experts.ca\/fr\/#website\"},\"datePublished\":\"2019-03-07T21:43:22+00:00\",\"dateModified\":\"2021-08-05T16:48:42+00:00\",\"breadcrumb\":{\"@id\":\"https:\/\/cep-experts.ca\/fr\/carrieres\/#breadcrumb\"},\"inLanguage\":\"fr-CA\",\"potentialAction\":[{\"@type\":\"ReadAction\",\"target\":[\"https:\/\/cep-experts.ca\/fr\/carrieres\/\"]}]},{\"@type\":\"BreadcrumbList\",\"@id\":\"https:\/\/cep-experts.ca\/fr\/carrieres\/#breadcrumb\",\"itemListElement\":[{\"@type\":\"ListItem\",\"position\":1,\"name\":\"Accueil\",\"item\":\"https:\/\/cep-experts.ca\/fr\/\"},{\"@type\":\"ListItem\",\"position\":2,\"name\":\"Carri\u00e8res\"}]},{\"@type\":\"WebSite\",\"@id\":\"https:\/\/cep-experts.ca\/fr\/#website\",\"url\":\"https:\/\/cep-experts.ca\/fr\/\",\"name\":\"CEP Forensique\",\"description\":\"\",\"potentialAction\":[{\"@type\":\"SearchAction\",\"target\":{\"@type\":\"EntryPoint\",\"urlTemplate\":\"https:\/\/cep-experts.ca\/fr\/?s={search_term_string}\"},\"query-input\":{\"@type\":\"PropertyValueSpecification\",\"valueRequired\":true,\"valueName\":\"search_term_string\"}}],\"inLanguage\":\"fr-CA\"}]}<\/script>\n<!-- \/ Yoast SEO plugin. -->","yoast_head_json":{"title":"Carri\u00e8res - CEP Forensique","robots":{"index":"index","follow":"follow","max-snippet":"max-snippet:-1","max-image-preview":"max-image-preview:large","max-video-preview":"max-video-preview:-1"},"canonical":"https:\/\/cep-experts.ca\/fr\/carrieres\/","og_locale":"fr_CA","og_type":"article","og_title":"Carri\u00e8res - CEP Forensique","og_description":"D\u00c9VELOPPEZ VOTRE PLEIN POTENTIELDANS UNE \u00c9QUIPE D\u2019EXPERTS VOUS \u00caTES\u2026 Soucieux d\u2019exceller en toute situation? Pr\u00e9sent pour vos coll\u00e8gues et clients? Une personne qui s\u2019adapte facilement, pour plus d\u2019efficacit\u00e9? Et vous vous distinguez sans pr\u00e9tention? Nous aimerions vous conna\u00eetre! CHAQUE EMPLOY\u00c9 PARTICIPE \u00c0 NOTRE SUCC\u00c8S Chez CEP, nous sommes ing\u00e9nieurs, scientifiques, professionnels, experts forensiques\u2026 mais surtout [&hellip;]","og_url":"https:\/\/cep-experts.ca\/fr\/carrieres\/","og_site_name":"CEP Forensique","article_modified_time":"2021-08-05T16:48:42+00:00","og_image":[{"width":1920,"height":700,"url":"https:\/\/cep-experts.ca\/wp-content\/uploads\/2019\/04\/acceuil-finale.jpg","type":"image\/jpeg"}],"twitter_card":"summary_large_image","twitter_misc":{"Estimation du temps de lecture":"8 minutes"},"schema":{"@context":"https:\/\/schema.org","@graph":[{"@type":"WebPage","@id":"https:\/\/cep-experts.ca\/fr\/carrieres\/","url":"https:\/\/cep-experts.ca\/fr\/carrieres\/","name":"Carri\u00e8res - CEP Forensique","isPartOf":{"@id":"https:\/\/cep-experts.ca\/fr\/#website"},"datePublished":"2019-03-07T21:43:22+00:00","dateModified":"2021-08-05T16:48:42+00:00","breadcrumb":{"@id":"https:\/\/cep-experts.ca\/fr\/carrieres\/#breadcrumb"},"inLanguage":"fr-CA","potentialAction":[{"@type":"ReadAction","target":["https:\/\/cep-experts.ca\/fr\/carrieres\/"]}]},{"@type":"BreadcrumbList","@id":"https:\/\/cep-experts.ca\/fr\/carrieres\/#breadcrumb","itemListElement":[{"@type":"ListItem","position":1,"name":"Accueil","item":"https:\/\/cep-experts.ca\/fr\/"},{"@type":"ListItem","position":2,"name":"Carri\u00e8res"}]},{"@type":"WebSite","@id":"https:\/\/cep-experts.ca\/fr\/#website","url":"https:\/\/cep-experts.ca\/fr\/","name":"CEP Forensique","description":"","potentialAction":[{"@type":"SearchAction","target":{"@type":"EntryPoint","urlTemplate":"https:\/\/cep-experts.ca\/fr\/?s={search_term_string}"},"query-input":{"@type":"PropertyValueSpecification","valueRequired":true,"valueName":"search_term_string"}}],"inLanguage":"fr-CA"}]}},"_links":{"self":[{"href":"https:\/\/cep-experts.ca\/fr\/wp-json\/wp\/v2\/pages\/1118","targetHints":{"allow":["GET"]}}],"collection":[{"href":"https:\/\/cep-experts.ca\/fr\/wp-json\/wp\/v2\/pages"}],"about":[{"href":"https:\/\/cep-experts.ca\/fr\/wp-json\/wp\/v2\/types\/page"}],"author":[{"embeddable":true,"href":"https:\/\/cep-experts.ca\/fr\/wp-json\/wp\/v2\/users\/1"}],"replies":[{"embeddable":true,"href":"https:\/\/cep-experts.ca\/fr\/wp-json\/wp\/v2\/comments?post=1118"}],"version-history":[{"count":0,"href":"https:\/\/cep-experts.ca\/fr\/wp-json\/wp\/v2\/pages\/1118\/revisions"}],"wp:attachment":[{"href":"https:\/\/cep-experts.ca\/fr\/wp-json\/wp\/v2\/media?parent=1118"}],"wp:term":[{"taxonomy":"service-specialise","embeddable":true,"href":"https:\/\/cep-experts.ca\/fr\/wp-json\/wp\/v2\/service-specialise?post=1118"}],"curies":[{"name":"wp","href":"https:\/\/api.w.org\/{rel}","templated":true}]}}