{"id":1262,"date":"2019-03-21T11:35:36","date_gmt":"2019-03-21T15:35:36","guid":{"rendered":"http:\/\/cepforensique.wpengine.com\/?page_id=1262"},"modified":"2025-10-03T10:48:56","modified_gmt":"2025-10-03T14:48:56","slug":"ressources","status":"publish","type":"page","link":"https:\/\/cep-experts.ca\/fr\/ressources\/","title":{"rendered":"Ressources"},"content":{"rendered":"\t\t<div class=\"et_pb_section et_pb_with_background et_section_regular breadcrumbs_section\">\r\n\t\t\t<div class=\" et_pb_row breadcrumbs_row\">\r\n\t\t\t\t<div class=\"et_pb_column et_pb_column_4_4 breadcrumbs_column\">\r\n\t\t\t\t\t<div class=\"et_pb_code et_pb_module breadcrumbs_module\">\r\n\t\t\t\t\t\t<span><span><a href=\"https:\/\/cep-experts.ca\/fr\/\">Accueil<\/a><\/span><\/span>\t\t\t\t\t<\/div> <!-- .et_pb_code -->\r\n\t\t\t\t<\/div> <!-- .et_pb_column -->\r\n\t\t\t<\/div> <!-- .et_pb_row -->\r\n\t\t<\/div>\r\n\t[et_pb_section fb_built=\u00a0\u00bb1&Prime; _builder_version=\u00a0\u00bb4.16&Prime; global_colors_info=\u00a0\u00bb{}\u00a0\u00bb][et_pb_row _builder_version=\u00a0\u00bb4.16&Prime; background_size=\u00a0\u00bbinitial\u00a0\u00bb background_position=\u00a0\u00bbtop_left\u00a0\u00bb background_repeat=\u00a0\u00bbrepeat\u00a0\u00bb width=\u00a0\u00bb100%\u00a0\u00bb max_width=\u00a0\u00bb100%\u00a0\u00bb module_alignment=\u00a0\u00bbcenter\u00a0\u00bb custom_padding=\u00a0\u00bb|30px||30px\u00a0\u00bb z_index_tablet=\u00a0\u00bb500&Prime; make_fullwidth=\u00a0\u00bbon\u00a0\u00bb use_custom_width=\u00a0\u00bbon\u00a0\u00bb width_unit=\u00a0\u00bboff\u00a0\u00bb custom_width_px=\u00a0\u00bb2600px\u00a0\u00bb custom_width_percent=\u00a0\u00bb100%\u00a0\u00bb global_colors_info=\u00a0\u00bb{}\u00a0\u00bb][et_pb_column type=\u00a0\u00bb4_4&Prime; _builder_version=\u00a0\u00bb4.16&Prime; custom_padding=\u00a0\u00bb|||\u00a0\u00bb global_colors_info=\u00a0\u00bb{}\u00a0\u00bb custom_padding__hover=\u00a0\u00bb|||\u00a0\u00bb][et_pb_text admin_label=\u00a0\u00bbL\u2019investigation forensique \u00e0 port\u00e9e de main \u00a0\u00bb _builder_version=\u00a0\u00bb4.16&Prime; header_font=\u00a0\u00bb|||on|||||\u00a0\u00bb module_alignment=\u00a0\u00bbcenter\u00a0\u00bb z_index_tablet=\u00a0\u00bb500&Prime; global_colors_info=\u00a0\u00bb{}\u00a0\u00bb]<h1 style=\"text-align: center;\">L\u2019investigation forensique<br \/><strong>\u00e0 port\u00e9e de main <\/strong><\/h1>\r[\/et_pb_text][\/et_pb_column][\/et_pb_row][\/et_pb_section][et_pb_section fb_built=\u00a0\u00bb1&Prime; _builder_version=\u00a0\u00bb4.16&Prime; custom_padding=\u00a0\u00bb0px||0px|\u00a0\u00bb z_index_tablet=\u00a0\u00bb500&Prime; global_colors_info=\u00a0\u00bb{}\u00a0\u00bb][et_pb_row column_structure=\u00a0\u00bb1_2,1_2&Prime; use_custom_gutter=\u00a0\u00bbon\u00a0\u00bb gutter_width=\u00a0\u00bb1&Prime; make_equal=\u00a0\u00bbon\u00a0\u00bb _builder_version=\u00a0\u00bb4.16&Prime; width=\u00a0\u00bb100%\u00a0\u00bb max_width=\u00a0\u00bb100%\u00a0\u00bb custom_padding=\u00a0\u00bb0px||0px|\u00a0\u00bb z_index_tablet=\u00a0\u00bb500&Prime; make_fullwidth=\u00a0\u00bbon\u00a0\u00bb use_custom_width=\u00a0\u00bbon\u00a0\u00bb width_unit=\u00a0\u00bboff\u00a0\u00bb custom_width_percent=\u00a0\u00bb100%\u00a0\u00bb global_colors_info=\u00a0\u00bb{}\u00a0\u00bb][et_pb_column type=\u00a0\u00bb1_2&Prime; _builder_version=\u00a0\u00bb4.16&Prime; background_color=\u00a0\u00bb#ededed\u00a0\u00bb custom_padding=\u00a0\u00bb75px|7%|75px|7%\u00a0\u00bb custom_padding_tablet=\u00a0\u00bb\u00a0\u00bb custom_padding_phone=\u00a0\u00bb30px|7%|30px|7%\u00a0\u00bb custom_padding_last_edited=\u00a0\u00bbon|phone\u00a0\u00bb global_colors_info=\u00a0\u00bb{}\u00a0\u00bb custom_padding__hover=\u00a0\u00bb|||\u00a0\u00bb][et_pb_text _builder_version=\u00a0\u00bb4.16&Prime; z_index_tablet=\u00a0\u00bb500&Prime; global_colors_info=\u00a0\u00bb{}\u00a0\u00bb]<p>Parce que certains sujets valent la peine d\u2019\u00eatre explor\u00e9s plus en d\u00e9tail, nos experts prennent r\u00e9guli\u00e8rement le temps de partager leurs connaissances. Entrez dans les coulisses de l\u2019investigation forensique gr\u00e2ce aux articles techniques, formations et webinaires produits par notre \u00e9quipe.<\/p>\r\n<p>D\u00e9couvrez leurs conseils et avis professionnels sur une vari\u00e9t\u00e9 de sujets. De l\u2019assurance aux causes de sinistres fr\u00e9quentes, de toutes les branches de l\u2019ing\u00e9nierie jusqu\u2019aux enqu\u00eates scientifiques, vous trouverez certainement r\u00e9ponse \u00e0 vos questions parmi nos ressources.<\/p>\r[\/et_pb_text][\/et_pb_column][et_pb_column type=\u00a0\u00bb1_2&Prime; module_class=\u00a0\u00bbds-vertical-align\u00a0\u00bb _builder_version=\u00a0\u00bb4.16&Prime; background_color=\u00a0\u00bb#00afae\u00a0\u00bb custom_padding=\u00a0\u00bb75px|7%|75px|7%\u00a0\u00bb custom_padding_tablet=\u00a0\u00bb\u00a0\u00bb custom_padding_phone=\u00a0\u00bb30px|7%|30px|7%\u00a0\u00bb custom_padding_last_edited=\u00a0\u00bbon|phone\u00a0\u00bb global_colors_info=\u00a0\u00bb{}\u00a0\u00bb custom_padding__hover=\u00a0\u00bb|||\u00a0\u00bb][et_pb_text admin_label=\u00a0\u00bbPour ne rien manquer des nouveaut\u00e9s en ing\u00e9nierie forensique, abonnez-vous \u00e0 notre infolettre! \u00a0\u00bb _builder_version=\u00a0\u00bb4.16&Prime; text_font=\u00a0\u00bb|700|||||||\u00a0\u00bb text_text_color=\u00a0\u00bb#ffffff\u00a0\u00bb text_font_size=\u00a0\u00bb26px\u00a0\u00bb text_line_height=\u00a0\u00bb1.4em\u00a0\u00bb custom_padding=\u00a0\u00bb||30px|\u00a0\u00bb text_font_size_tablet=\u00a0\u00bb\u00a0\u00bb text_font_size_phone=\u00a0\u00bb22px\u00a0\u00bb text_font_size_last_edited=\u00a0\u00bbon|phone\u00a0\u00bb z_index_tablet=\u00a0\u00bb500&Prime; global_colors_info=\u00a0\u00bb{}\u00a0\u00bb]<p>Pour ne rien manquer des nouveaut\u00e9s en ing\u00e9nierie forensique, abonnez-vous \u00e0 notre infolettre!<\/p>\r[\/et_pb_text][et_pb_button button_url=\u00a0\u00bb\/fr\/ressources\/infolettre\/\u00a0\u00bb button_text=\u00a0\u00bbJe veux en savoir plus!\u00a0\u00bb admin_label=\u00a0\u00bbJe veux en savoir plus!\u00a0\u00bb _builder_version=\u00a0\u00bb4.16&Prime; vertical_offset_tablet=\u00a0\u00bb0&Prime; horizontal_offset_tablet=\u00a0\u00bb0&Prime; background_layout=\u00a0\u00bbdark\u00a0\u00bb z_index_tablet=\u00a0\u00bb500&Prime; button_text_shadow_horizontal_length_tablet=\u00a0\u00bb0px\u00a0\u00bb button_text_shadow_vertical_length_tablet=\u00a0\u00bb0px\u00a0\u00bb button_text_shadow_blur_strength_tablet=\u00a0\u00bb1px\u00a0\u00bb box_shadow_horizontal_tablet=\u00a0\u00bb0px\u00a0\u00bb box_shadow_vertical_tablet=\u00a0\u00bb0px\u00a0\u00bb box_shadow_blur_tablet=\u00a0\u00bb40px\u00a0\u00bb box_shadow_spread_tablet=\u00a0\u00bb0px\u00a0\u00bb global_colors_info=\u00a0\u00bb{}\u00a0\u00bb][\/et_pb_button][\/et_pb_column][\/et_pb_row][\/et_pb_section][et_pb_section fb_built=\u00a0\u00bb1&Prime; _builder_version=\u00a0\u00bb4.16&Prime; global_colors_info=\u00a0\u00bb{}\u00a0\u00bb][et_pb_row _builder_version=\u00a0\u00bb4.16&Prime; background_size=\u00a0\u00bbinitial\u00a0\u00bb background_position=\u00a0\u00bbtop_left\u00a0\u00bb background_repeat=\u00a0\u00bbrepeat\u00a0\u00bb global_colors_info=\u00a0\u00bb{}\u00a0\u00bb][et_pb_column type=\u00a0\u00bb4_4&Prime; _builder_version=\u00a0\u00bb4.16&Prime; custom_padding=\u00a0\u00bb|||\u00a0\u00bb global_colors_info=\u00a0\u00bb{}\u00a0\u00bb custom_padding__hover=\u00a0\u00bb|||\u00a0\u00bb][et_pb_text admin_label=\u00a0\u00bbRaffinez vos connaissances\u00a0\u00bb _builder_version=\u00a0\u00bb4.16&Prime; header_2_font=\u00a0\u00bb|||on|||||\u00a0\u00bb z_index_tablet=\u00a0\u00bb500&Prime; global_colors_info=\u00a0\u00bb{}\u00a0\u00bb]<h2 style=\"text-align: center;\"><strong>Raffinez vos connaissances<\/strong><\/h2>\r[\/et_pb_text][\/et_pb_column][\/et_pb_row][et_pb_row column_structure=\u00a0\u00bb1_3,1_3,1_3&Prime; custom_padding_last_edited=\u00a0\u00bbon|phone\u00a0\u00bb _builder_version=\u00a0\u00bb4.16&Prime; max_width=\u00a0\u00bb1300px\u00a0\u00bb module_alignment=\u00a0\u00bbcenter\u00a0\u00bb custom_padding=\u00a0\u00bb|5%||5%\u00a0\u00bb custom_padding_tablet=\u00a0\u00bb\u00a0\u00bb custom_padding_phone=\u00a0\u00bb40px|5%|0px|5%\u00a0\u00bb animation_style=\u00a0\u00bbflip\u00a0\u00bb animation_duration=\u00a0\u00bb500ms\u00a0\u00bb animation_intensity_flip=\u00a0\u00bb70%\u00a0\u00bb z_index_tablet=\u00a0\u00bb500&Prime; use_custom_width=\u00a0\u00bbon\u00a0\u00bb custom_width_px=\u00a0\u00bb1300px\u00a0\u00bb global_colors_info=\u00a0\u00bb{}\u00a0\u00bb][et_pb_column type=\u00a0\u00bb1_3&Prime; _builder_version=\u00a0\u00bb4.16&Prime; custom_padding=\u00a0\u00bb|||\u00a0\u00bb global_colors_info=\u00a0\u00bb{}\u00a0\u00bb custom_padding__hover=\u00a0\u00bb|||\u00a0\u00bb][et_pb_image src=\u00a0\u00bbhttps:\/\/cep-experts.ca\/wp-content\/uploads\/2019\/03\/webinaires.svg\u00a0\u00bb align=\u00a0\u00bbcenter\u00a0\u00bb align_tablet=\u00a0\u00bbcenter\u00a0\u00bb align_phone=\u00a0\u00bb\u00a0\u00bb align_last_edited=\u00a0\u00bbon|desktop\u00a0\u00bb _builder_version=\u00a0\u00bb4.27.4&Prime; hover_enabled=\u00a0\u00bb0&Prime; global_colors_info=\u00a0\u00bb{}\u00a0\u00bb url=\u00a0\u00bb\/fr\/formations\/#webinaires\u00a0\u00bb sticky_enabled=\u00a0\u00bb0&Prime;][\/et_pb_image][et_pb_text admin_label=\u00a0\u00bbWEBINAIRES\u00a0\u00bb _builder_version=\u00a0\u00bb4.27.4&Prime; hover_enabled=\u00a0\u00bb0&Prime; global_colors_info=\u00a0\u00bb{}\u00a0\u00bb link_option_url=\u00a0\u00bb\/fr\/formations\/#webinaires\u00a0\u00bb sticky_enabled=\u00a0\u00bb0&Prime;]<h3 style=\"text-align: center;\">WEBINAIRES<\/h3>[\/et_pb_text][\/et_pb_column][et_pb_column type=\u00a0\u00bb1_3&Prime; _builder_version=\u00a0\u00bb4.16&Prime; custom_padding=\u00a0\u00bb|||\u00a0\u00bb global_colors_info=\u00a0\u00bb{}\u00a0\u00bb custom_padding__hover=\u00a0\u00bb|||\u00a0\u00bb][et_pb_image src=\u00a0\u00bbhttps:\/\/cep-experts.ca\/wp-content\/uploads\/2019\/03\/formations.svg\u00a0\u00bb align=\u00a0\u00bbcenter\u00a0\u00bb align_tablet=\u00a0\u00bbcenter\u00a0\u00bb align_phone=\u00a0\u00bb\u00a0\u00bb align_last_edited=\u00a0\u00bbon|desktop\u00a0\u00bb _builder_version=\u00a0\u00bb4.27.4&Prime; hover_enabled=\u00a0\u00bb0&Prime; global_colors_info=\u00a0\u00bb{}\u00a0\u00bb url=\u00a0\u00bb\/fr\/formations\/\u00a0\u00bb sticky_enabled=\u00a0\u00bb0&Prime;][\/et_pb_image][et_pb_text admin_label=\u00a0\u00bbFORMATIONS\u00a0\u00bb _builder_version=\u00a0\u00bb4.27.4&Prime; hover_enabled=\u00a0\u00bb0&Prime; global_colors_info=\u00a0\u00bb{}\u00a0\u00bb link_option_url=\u00a0\u00bb\/fr\/formations\/\u00a0\u00bb sticky_enabled=\u00a0\u00bb0&Prime;]<h3 style=\"text-align: center;\">FORMATIONS<\/h3>[\/et_pb_text][\/et_pb_column][et_pb_column type=\u00a0\u00bb1_3&Prime; _builder_version=\u00a0\u00bb4.16&Prime; custom_padding=\u00a0\u00bb|||\u00a0\u00bb global_colors_info=\u00a0\u00bb{}\u00a0\u00bb custom_padding__hover=\u00a0\u00bb|||\u00a0\u00bb][et_pb_image src=\u00a0\u00bbhttps:\/\/cep-experts.ca\/wp-content\/uploads\/2019\/03\/infolettre-v2.svg\u00a0\u00bb align=\u00a0\u00bbcenter\u00a0\u00bb align_tablet=\u00a0\u00bbcenter\u00a0\u00bb align_phone=\u00a0\u00bb\u00a0\u00bb align_last_edited=\u00a0\u00bbon|desktop\u00a0\u00bb _builder_version=\u00a0\u00bb4.27.4&Prime; hover_enabled=\u00a0\u00bb0&Prime; global_colors_info=\u00a0\u00bb{}\u00a0\u00bb url=\u00a0\u00bb\/fr\/ressources\/infolettre\/\u00a0\u00bb sticky_enabled=\u00a0\u00bb0&Prime;][\/et_pb_image][et_pb_text admin_label=\u00a0\u00bbINFOLETTRE\u00a0\u00bb _builder_version=\u00a0\u00bb4.27.4&Prime; hover_enabled=\u00a0\u00bb0&Prime; global_colors_info=\u00a0\u00bb{}\u00a0\u00bb link_option_url=\u00a0\u00bb\/fr\/ressources\/infolettre\/\u00a0\u00bb sticky_enabled=\u00a0\u00bb0&Prime;]<h3 style=\"text-align: center;\">INFOLETTRE<\/h3>[\/et_pb_text][\/et_pb_column][\/et_pb_row][\/et_pb_section][et_pb_section fb_built=\u00a0\u00bb1&Prime; _builder_version=\u00a0\u00bb4.27.4&Prime; background_color=\u00a0\u00bb#EDEDED\u00a0\u00bb global_colors_info=\u00a0\u00bb{}\u00a0\u00bb][et_pb_row custom_padding_last_edited=\u00a0\u00bbon|phone\u00a0\u00bb _builder_version=\u00a0\u00bb4.16&Prime; background_size=\u00a0\u00bbinitial\u00a0\u00bb background_position=\u00a0\u00bbtop_left\u00a0\u00bb background_repeat=\u00a0\u00bbrepeat\u00a0\u00bb custom_padding_tablet=\u00a0\u00bb\u00a0\u00bb custom_padding_phone=\u00a0\u00bb||30px|\u00a0\u00bb z_index_tablet=\u00a0\u00bb500&Prime; global_colors_info=\u00a0\u00bb{}\u00a0\u00bb][et_pb_column type=\u00a0\u00bb4_4&Prime; _builder_version=\u00a0\u00bb4.16&Prime; custom_padding=\u00a0\u00bb|||\u00a0\u00bb global_colors_info=\u00a0\u00bb{}\u00a0\u00bb custom_padding__hover=\u00a0\u00bb|||\u00a0\u00bb][et_pb_text admin_label=\u00a0\u00bbD\u00e9couvrez ce qui a retenu notre attention derni\u00e8rement\u00a0\u00bb _builder_version=\u00a0\u00bb4.16&Prime; text_font=\u00a0\u00bb|||on|||||\u00a0\u00bb header_2_font=\u00a0\u00bb|||on|||||\u00a0\u00bb z_index_tablet=\u00a0\u00bb500&Prime; global_colors_info=\u00a0\u00bb{}\u00a0\u00bb]<h2 style=\"text-align: center;\">D\u00e9couvrez ce qui a retenu notre attention derni\u00e8rement<\/h2>\r[\/et_pb_text][\/et_pb_column][\/et_pb_row][et_pb_row _builder_version=\u00a0\u00bb4.16&Prime; global_colors_info=\u00a0\u00bb{}\u00a0\u00bb][et_pb_column type=\u00a0\u00bb4_4&Prime; _builder_version=\u00a0\u00bb4.16&Prime; custom_padding=\u00a0\u00bb|||\u00a0\u00bb global_colors_info=\u00a0\u00bb{}\u00a0\u00bb custom_padding__hover=\u00a0\u00bb|||\u00a0\u00bb][et_pb_text admin_label=\u00a0\u00bbCODE &#8211; Articles r\u00e9cents\u00a0\u00bb _builder_version=\u00a0\u00bb4.16&Prime; z_index_tablet=\u00a0\u00bb500&Prime; global_colors_info=\u00a0\u00bb{}\u00a0\u00bb]<div class=\"recent_posts\"><a href=\"https:\/\/cep-experts.ca\/fr\/detecter-les-signaux-dalerte-les-reclamations-frauduleuses-en-assurance-automobile-au-canada\/\" style=\"background-image:url(https:\/\/cep-experts.ca\/wp-content\/uploads\/2026\/03\/auto-claims-fraud-1.jpeg)\" class=\"post\"><div class=\"overlay\"><\/div><span>D\u00e9tecter les signaux d\u2019alerte : les r\u00e9clamations frauduleuses en assurance automobile au Canada<\/span><\/a><a href=\"https:\/\/cep-experts.ca\/fr\/humidite-ou-qualite-de-lair-faut-il-choisir\/\" style=\"background-image:url(https:\/\/cep-experts.ca\/wp-content\/uploads\/2026\/02\/humidifier-air-quality-scaled.jpeg)\" class=\"post\"><div class=\"overlay\"><\/div><span>Humidit\u00e9 ou qualit\u00e9 de l\u2019air : faut-il choisir?<\/span><\/a><a href=\"https:\/\/cep-experts.ca\/fr\/comprendre-les-dommages-causes-par-les-vibrations\/\" style=\"background-image:url(https:\/\/cep-experts.ca\/wp-content\/uploads\/2026\/01\/cep-understanding-vibration-damage-scaled.jpeg)\" class=\"post\"><div class=\"overlay\"><\/div><span>Comprendre les dommages caus\u00e9s par les vibrations<\/span><\/a><\/div>\r[\/et_pb_text][\/et_pb_column][\/et_pb_row][\/et_pb_section]","protected":false},"excerpt":{"rendered":"<p>L\u2019investigation forensique\u00e0 port\u00e9e de main Parce que certains sujets valent la peine d\u2019\u00eatre explor\u00e9s plus en d\u00e9tail, nos experts prennent r\u00e9guli\u00e8rement le temps de partager leurs connaissances. Entrez dans les coulisses de l\u2019investigation forensique gr\u00e2ce aux articles techniques, formations et webinaires produits par notre \u00e9quipe. D\u00e9couvrez leurs conseils et avis professionnels sur une vari\u00e9t\u00e9 de [&hellip;]<\/p>\n","protected":false},"author":1,"featured_media":0,"parent":0,"menu_order":0,"comment_status":"closed","ping_status":"closed","template":"","meta":{"_acf_changed":false,"_et_pb_use_builder":"on","_et_pb_old_content":"","_et_gb_content_width":"","footnotes":""},"service-specialise":[],"class_list":["post-1262","page","type-page","status-publish","hentry"],"acf":[],"yoast_head":"<!-- This site is optimized with the Yoast SEO plugin v27.2 - https:\/\/yoast.com\/product\/yoast-seo-wordpress\/ -->\n<title>Ressources - CEP Forensique<\/title>\n<meta name=\"robots\" content=\"index, follow, max-snippet:-1, max-image-preview:large, max-video-preview:-1\" \/>\n<link rel=\"canonical\" href=\"https:\/\/cep-experts.ca\/fr\/ressources\/\" \/>\n<meta property=\"og:locale\" content=\"fr_CA\" \/>\n<meta property=\"og:type\" content=\"article\" \/>\n<meta property=\"og:title\" content=\"Ressources - CEP Forensique\" \/>\n<meta property=\"og:description\" content=\"L\u2019investigation forensique\u00e0 port\u00e9e de main Parce que certains sujets valent la peine d\u2019\u00eatre explor\u00e9s plus en d\u00e9tail, nos experts prennent r\u00e9guli\u00e8rement le temps de partager leurs connaissances. Entrez dans les coulisses de l\u2019investigation forensique gr\u00e2ce aux articles techniques, formations et webinaires produits par notre \u00e9quipe. D\u00e9couvrez leurs conseils et avis professionnels sur une vari\u00e9t\u00e9 de [&hellip;]\" \/>\n<meta property=\"og:url\" content=\"https:\/\/cep-experts.ca\/fr\/ressources\/\" \/>\n<meta property=\"og:site_name\" content=\"CEP Forensique\" \/>\n<meta property=\"article:modified_time\" content=\"2025-10-03T14:48:56+00:00\" \/>\n<meta property=\"og:image\" content=\"https:\/\/cep-experts.ca\/wp-content\/uploads\/2019\/04\/acceuil-finale.jpg\" \/>\n\t<meta property=\"og:image:width\" content=\"1920\" \/>\n\t<meta property=\"og:image:height\" content=\"700\" \/>\n\t<meta property=\"og:image:type\" content=\"image\/jpeg\" \/>\n<meta name=\"twitter:card\" content=\"summary_large_image\" \/>\n<meta name=\"twitter:label1\" content=\"Estimation du temps de lecture\" \/>\n\t<meta name=\"twitter:data1\" content=\"5 minutes\" \/>\n<script type=\"application\/ld+json\" class=\"yoast-schema-graph\">{\"@context\":\"https:\/\/schema.org\",\"@graph\":[{\"@type\":\"WebPage\",\"@id\":\"https:\/\/cep-experts.ca\/fr\/ressources\/\",\"url\":\"https:\/\/cep-experts.ca\/fr\/ressources\/\",\"name\":\"Ressources - CEP Forensique\",\"isPartOf\":{\"@id\":\"https:\/\/cep-experts.ca\/fr\/#website\"},\"datePublished\":\"2019-03-21T15:35:36+00:00\",\"dateModified\":\"2025-10-03T14:48:56+00:00\",\"breadcrumb\":{\"@id\":\"https:\/\/cep-experts.ca\/fr\/ressources\/#breadcrumb\"},\"inLanguage\":\"fr-CA\",\"potentialAction\":[{\"@type\":\"ReadAction\",\"target\":[\"https:\/\/cep-experts.ca\/fr\/ressources\/\"]}]},{\"@type\":\"BreadcrumbList\",\"@id\":\"https:\/\/cep-experts.ca\/fr\/ressources\/#breadcrumb\",\"itemListElement\":[{\"@type\":\"ListItem\",\"position\":1,\"name\":\"Accueil\",\"item\":\"https:\/\/cep-experts.ca\/fr\/\"},{\"@type\":\"ListItem\",\"position\":2,\"name\":\"Ressources\"}]},{\"@type\":\"WebSite\",\"@id\":\"https:\/\/cep-experts.ca\/fr\/#website\",\"url\":\"https:\/\/cep-experts.ca\/fr\/\",\"name\":\"CEP Forensique\",\"description\":\"\",\"potentialAction\":[{\"@type\":\"SearchAction\",\"target\":{\"@type\":\"EntryPoint\",\"urlTemplate\":\"https:\/\/cep-experts.ca\/fr\/?s={search_term_string}\"},\"query-input\":{\"@type\":\"PropertyValueSpecification\",\"valueRequired\":true,\"valueName\":\"search_term_string\"}}],\"inLanguage\":\"fr-CA\"}]}<\/script>\n<!-- \/ Yoast SEO plugin. -->","yoast_head_json":{"title":"Ressources - CEP Forensique","robots":{"index":"index","follow":"follow","max-snippet":"max-snippet:-1","max-image-preview":"max-image-preview:large","max-video-preview":"max-video-preview:-1"},"canonical":"https:\/\/cep-experts.ca\/fr\/ressources\/","og_locale":"fr_CA","og_type":"article","og_title":"Ressources - CEP Forensique","og_description":"L\u2019investigation forensique\u00e0 port\u00e9e de main Parce que certains sujets valent la peine d\u2019\u00eatre explor\u00e9s plus en d\u00e9tail, nos experts prennent r\u00e9guli\u00e8rement le temps de partager leurs connaissances. Entrez dans les coulisses de l\u2019investigation forensique gr\u00e2ce aux articles techniques, formations et webinaires produits par notre \u00e9quipe. D\u00e9couvrez leurs conseils et avis professionnels sur une vari\u00e9t\u00e9 de [&hellip;]","og_url":"https:\/\/cep-experts.ca\/fr\/ressources\/","og_site_name":"CEP Forensique","article_modified_time":"2025-10-03T14:48:56+00:00","og_image":[{"width":1920,"height":700,"url":"https:\/\/cep-experts.ca\/wp-content\/uploads\/2019\/04\/acceuil-finale.jpg","type":"image\/jpeg"}],"twitter_card":"summary_large_image","twitter_misc":{"Estimation du temps de lecture":"5 minutes"},"schema":{"@context":"https:\/\/schema.org","@graph":[{"@type":"WebPage","@id":"https:\/\/cep-experts.ca\/fr\/ressources\/","url":"https:\/\/cep-experts.ca\/fr\/ressources\/","name":"Ressources - CEP Forensique","isPartOf":{"@id":"https:\/\/cep-experts.ca\/fr\/#website"},"datePublished":"2019-03-21T15:35:36+00:00","dateModified":"2025-10-03T14:48:56+00:00","breadcrumb":{"@id":"https:\/\/cep-experts.ca\/fr\/ressources\/#breadcrumb"},"inLanguage":"fr-CA","potentialAction":[{"@type":"ReadAction","target":["https:\/\/cep-experts.ca\/fr\/ressources\/"]}]},{"@type":"BreadcrumbList","@id":"https:\/\/cep-experts.ca\/fr\/ressources\/#breadcrumb","itemListElement":[{"@type":"ListItem","position":1,"name":"Accueil","item":"https:\/\/cep-experts.ca\/fr\/"},{"@type":"ListItem","position":2,"name":"Ressources"}]},{"@type":"WebSite","@id":"https:\/\/cep-experts.ca\/fr\/#website","url":"https:\/\/cep-experts.ca\/fr\/","name":"CEP Forensique","description":"","potentialAction":[{"@type":"SearchAction","target":{"@type":"EntryPoint","urlTemplate":"https:\/\/cep-experts.ca\/fr\/?s={search_term_string}"},"query-input":{"@type":"PropertyValueSpecification","valueRequired":true,"valueName":"search_term_string"}}],"inLanguage":"fr-CA"}]}},"_links":{"self":[{"href":"https:\/\/cep-experts.ca\/fr\/wp-json\/wp\/v2\/pages\/1262","targetHints":{"allow":["GET"]}}],"collection":[{"href":"https:\/\/cep-experts.ca\/fr\/wp-json\/wp\/v2\/pages"}],"about":[{"href":"https:\/\/cep-experts.ca\/fr\/wp-json\/wp\/v2\/types\/page"}],"author":[{"embeddable":true,"href":"https:\/\/cep-experts.ca\/fr\/wp-json\/wp\/v2\/users\/1"}],"replies":[{"embeddable":true,"href":"https:\/\/cep-experts.ca\/fr\/wp-json\/wp\/v2\/comments?post=1262"}],"version-history":[{"count":0,"href":"https:\/\/cep-experts.ca\/fr\/wp-json\/wp\/v2\/pages\/1262\/revisions"}],"wp:attachment":[{"href":"https:\/\/cep-experts.ca\/fr\/wp-json\/wp\/v2\/media?parent=1262"}],"wp:term":[{"taxonomy":"service-specialise","embeddable":true,"href":"https:\/\/cep-experts.ca\/fr\/wp-json\/wp\/v2\/service-specialise?post=1262"}],"curies":[{"name":"wp","href":"https:\/\/api.w.org\/{rel}","templated":true}]}}