{"id":14613,"date":"2022-01-25T10:42:48","date_gmt":"2022-01-25T15:42:48","guid":{"rendered":"https:\/\/cep-experts.ca\/?page_id=14613"},"modified":"2022-01-25T10:42:55","modified_gmt":"2022-01-25T15:42:55","slug":"rencontrez-nicolas-rousseau","status":"publish","type":"page","link":"https:\/\/cep-experts.ca\/fr\/rencontrez-nicolas-rousseau\/","title":{"rendered":"Rencontrez Nicolas Rousseau"},"content":{"rendered":"\t\t<div class=\"et_pb_section et_pb_with_background et_section_regular breadcrumbs_section\">\r\n\t\t\t<div class=\" et_pb_row breadcrumbs_row\">\r\n\t\t\t\t<div class=\"et_pb_column et_pb_column_4_4 breadcrumbs_column\">\r\n\t\t\t\t\t<div class=\"et_pb_code et_pb_module breadcrumbs_module\">\r\n\t\t\t\t\t\t<span><span><a href=\"https:\/\/cep-experts.ca\/fr\/\">Accueil<\/a><\/span><\/span>\t\t\t\t\t<\/div> <!-- .et_pb_code -->\r\n\t\t\t\t<\/div> <!-- .et_pb_column -->\r\n\t\t\t<\/div> <!-- .et_pb_row -->\r\n\t\t<\/div>\r\n\t[et_pb_section fb_built=\u00a0\u00bb1&Prime; _builder_version=\u00a0\u00bb3.22&Prime; background_color=\u00a0\u00bb#ededed\u00a0\u00bb background_image=\u00a0\u00bbhttps:\/\/backuplivecep.wpengine.com\/wp-content\/uploads\/2019\/03\/bg-sous-services.svg\u00a0\u00bb z_index_tablet=\u00a0\u00bb500&Prime; global_colors_info=\u00a0\u00bb{}\u00a0\u00bb][et_pb_row disabled_on=\u00a0\u00bbon|on|on\u00a0\u00bb _builder_version=\u00a0\u00bb3.25&Prime; custom_padding=\u00a0\u00bb||0px|\u00a0\u00bb z_index_tablet=\u00a0\u00bb500&Prime; disabled=\u00a0\u00bbon\u00a0\u00bb global_colors_info=\u00a0\u00bb{}\u00a0\u00bb][et_pb_column type=\u00a0\u00bb4_4&Prime; _builder_version=\u00a0\u00bb3.0.47&Prime; custom_padding=\u00a0\u00bb|||\u00a0\u00bb global_colors_info=\u00a0\u00bb{}\u00a0\u00bb custom_padding__hover=\u00a0\u00bb|||\u00a0\u00bb][et_pb_image src=\u00a0\u00bbhttps:\/\/cep-experts.ca\/wp-content\/uploads\/2019\/03\/bois.jpg\u00a0\u00bb align=\u00a0\u00bbcenter\u00a0\u00bb align_tablet=\u00a0\u00bbcenter\u00a0\u00bb align_phone=\u00a0\u00bb\u00a0\u00bb align_last_edited=\u00a0\u00bbon|desktop\u00a0\u00bb admin_label=\u00a0\u00bbImage selon la cliente\u00a0\u00bb _builder_version=\u00a0\u00bb3.23&Prime; max_width=\u00a0\u00bb400px\u00a0\u00bb z_index_tablet=\u00a0\u00bb500&Prime; global_colors_info=\u00a0\u00bb{}\u00a0\u00bb][\/et_pb_image][\/et_pb_column][\/et_pb_row][et_pb_row module_class=\u00a0\u00bbmobile-left\u00a0\u00bb _builder_version=\u00a0\u00bb3.25&Prime; background_color=\u00a0\u00bb#ffffff\u00a0\u00bb custom_margin=\u00a0\u00bb40px||40px|\u00a0\u00bb custom_margin_tablet=\u00a0\u00bb\u00a0\u00bb custom_margin_phone=\u00a0\u00bb20px||20px|\u00a0\u00bb custom_margin_last_edited=\u00a0\u00bbon|phone\u00a0\u00bb custom_padding=\u00a0\u00bb40px|5%|40px|5%\u00a0\u00bb z_index_tablet=\u00a0\u00bb500&Prime; border_radii=\u00a0\u00bbon|15px|15px|15px|15px\u00a0\u00bb box_shadow_style=\u00a0\u00bbpreset1&Prime; box_shadow_color=\u00a0\u00bbrgba(0,0,0,0.2)\u00a0\u00bb global_colors_info=\u00a0\u00bb{}\u00a0\u00bb][et_pb_column type=\u00a0\u00bb4_4&Prime; _builder_version=\u00a0\u00bb3.0.47&Prime; custom_padding=\u00a0\u00bb|||\u00a0\u00bb global_colors_info=\u00a0\u00bb{}\u00a0\u00bb custom_padding__hover=\u00a0\u00bb|||\u00a0\u00bb][et_pb_text _builder_version=\u00a0\u00bb4.13.0&Prime; header_2_font=\u00a0\u00bb|||on|||||\u00a0\u00bb header_3_font=\u00a0\u00bb|||on|||||\u00a0\u00bb vertical_offset_tablet=\u00a0\u00bb0&Prime; horizontal_offset_tablet=\u00a0\u00bb0&Prime; hover_enabled=\u00a0\u00bb0&Prime; z_index_tablet=\u00a0\u00bb500&Prime; text_text_shadow_horizontal_length_tablet=\u00a0\u00bb0px\u00a0\u00bb text_text_shadow_vertical_length_tablet=\u00a0\u00bb0px\u00a0\u00bb text_text_shadow_blur_strength_tablet=\u00a0\u00bb1px\u00a0\u00bb link_text_shadow_horizontal_length_tablet=\u00a0\u00bb0px\u00a0\u00bb link_text_shadow_vertical_length_tablet=\u00a0\u00bb0px\u00a0\u00bb link_text_shadow_blur_strength_tablet=\u00a0\u00bb1px\u00a0\u00bb ul_text_shadow_horizontal_length_tablet=\u00a0\u00bb0px\u00a0\u00bb ul_text_shadow_vertical_length_tablet=\u00a0\u00bb0px\u00a0\u00bb ul_text_shadow_blur_strength_tablet=\u00a0\u00bb1px\u00a0\u00bb ol_text_shadow_horizontal_length_tablet=\u00a0\u00bb0px\u00a0\u00bb ol_text_shadow_vertical_length_tablet=\u00a0\u00bb0px\u00a0\u00bb ol_text_shadow_blur_strength_tablet=\u00a0\u00bb1px\u00a0\u00bb quote_text_shadow_horizontal_length_tablet=\u00a0\u00bb0px\u00a0\u00bb quote_text_shadow_vertical_length_tablet=\u00a0\u00bb0px\u00a0\u00bb quote_text_shadow_blur_strength_tablet=\u00a0\u00bb1px\u00a0\u00bb header_text_shadow_horizontal_length_tablet=\u00a0\u00bb0px\u00a0\u00bb header_text_shadow_vertical_length_tablet=\u00a0\u00bb0px\u00a0\u00bb header_text_shadow_blur_strength_tablet=\u00a0\u00bb1px\u00a0\u00bb header_2_text_shadow_horizontal_length_tablet=\u00a0\u00bb0px\u00a0\u00bb header_2_text_shadow_vertical_length_tablet=\u00a0\u00bb0px\u00a0\u00bb header_2_text_shadow_blur_strength_tablet=\u00a0\u00bb1px\u00a0\u00bb header_3_text_shadow_horizontal_length_tablet=\u00a0\u00bb0px\u00a0\u00bb header_3_text_shadow_vertical_length_tablet=\u00a0\u00bb0px\u00a0\u00bb header_3_text_shadow_blur_strength_tablet=\u00a0\u00bb1px\u00a0\u00bb header_4_text_shadow_horizontal_length_tablet=\u00a0\u00bb0px\u00a0\u00bb header_4_text_shadow_vertical_length_tablet=\u00a0\u00bb0px\u00a0\u00bb header_4_text_shadow_blur_strength_tablet=\u00a0\u00bb1px\u00a0\u00bb header_5_text_shadow_horizontal_length_tablet=\u00a0\u00bb0px\u00a0\u00bb header_5_text_shadow_vertical_length_tablet=\u00a0\u00bb0px\u00a0\u00bb header_5_text_shadow_blur_strength_tablet=\u00a0\u00bb1px\u00a0\u00bb header_6_text_shadow_horizontal_length_tablet=\u00a0\u00bb0px\u00a0\u00bb header_6_text_shadow_vertical_length_tablet=\u00a0\u00bb0px\u00a0\u00bb header_6_text_shadow_blur_strength_tablet=\u00a0\u00bb1px\u00a0\u00bb box_shadow_horizontal_tablet=\u00a0\u00bb0px\u00a0\u00bb box_shadow_vertical_tablet=\u00a0\u00bb0px\u00a0\u00bb box_shadow_blur_tablet=\u00a0\u00bb40px\u00a0\u00bb box_shadow_spread_tablet=\u00a0\u00bb0px\u00a0\u00bb global_colors_info=\u00a0\u00bb{}\u00a0\u00bb sticky_enabled=\u00a0\u00bb0&Prime;]<p><img loading=\"lazy\" decoding=\"async\" class=\"wp-image-14639 aligncenter size-full\" src=\"https:\/\/cep-experts.ca\/wp-content\/uploads\/2022\/01\/artboard-nicrousseau.png\" alt=\"\" width=\"1201\" height=\"950\" srcset=\"https:\/\/cep-experts.ca\/wp-content\/uploads\/2022\/01\/artboard-nicrousseau.png 1201w, https:\/\/cep-experts.ca\/wp-content\/uploads\/2022\/01\/artboard-nicrousseau-980x775.png 980w, https:\/\/cep-experts.ca\/wp-content\/uploads\/2022\/01\/artboard-nicrousseau-480x380.png 480w\" sizes=\"(min-width: 0px) and (max-width: 480px) 480px, (min-width: 481px) and (max-width: 980px) 980px, (min-width: 981px) 1201px, 100vw\" \/><\/p>\n<p><strong><em><img loading=\"lazy\" decoding=\"async\" class=\"aligncenter wp-image-12206\" src=\"https:\/\/cep-experts.ca\/wp-content\/uploads\/2021\/05\/magnifying-glass.png\" alt=\"\" width=\"80\" height=\"69\" \/><\/em><\/strong><\/p>\n<p style=\"text-align: center;\"><strong>Une expertise tout-terrain en v\u00e9hicule<br \/><\/strong>Au quotidien, Nicolas sillonne les routes pour investiguer sur les lieux d&rsquo;accidents. Bris d\u2019une composante de machinerie agricole ou foresti\u00e8re, incendie d\u2019un v\u00e9hicule r\u00e9cr\u00e9atif, collision entre automobiles: aucun mandat n\u2019est trop complexe pour lui.<\/p>\n<p style=\"text-align: center;\">Que ce soit pour \u00e9tablir la cause d\u2019une d\u00e9faillance ou d\u00e9terminer l\u2019origine des flammes d\u2019un v\u00e9hicule lourd incendi\u00e9, l\u2019ing\u00e9nieur r\u00e9colte des indices et des t\u00e9moignages, puis se lance dans l\u2019analyse de preuve et la validation de ses hypoth\u00e8ses.<\/p>\n<p>&nbsp;<\/p>\n<p><strong><img loading=\"lazy\" decoding=\"async\" class=\"aligncenter wp-image-14616\" src=\"https:\/\/cep-experts.ca\/wp-content\/uploads\/2022\/01\/icone3.png\" alt=\"\" width=\"80\" height=\"69\" \/><\/strong><\/p>\n<p style=\"text-align: center;\"><strong>Sa signature ? R\u00e9pondre au <em>pourquoi<\/em> du <em>pourquoi<br \/><\/em><\/strong>Avec plus de dix ans d\u2019exp\u00e9rience avec nous, Nicolas a \u00e9lucid\u00e9 une multitude de mandats de diff\u00e9rentes natures gr\u00e2ce \u00e0 ses connaissances techniques, sans cesse enrichies par sa curiosit\u00e9.<\/p>\n<p style=\"text-align: center;\">De plus, m\u00eame si les investigations sont plut\u00f4t solitaires, l\u2019esprit d\u2019\u00e9quipe est bien aiguis\u00e9 chez CEP! Nicolas \u00e9change souvent avec ses coll\u00e8gues, ce qui permet d\u2019enrichir leurs enqu\u00eates, mais aussi de cibler s\u2019ils ont affaire \u00e0 un bris r\u00e9p\u00e9titif ou \u00e0 un cas ressemblant \u00e0 un mandat pass\u00e9. Gagnant-gagnant!<\/p>\n<p>&nbsp;<\/p>\n<p><img loading=\"lazy\" decoding=\"async\" class=\"wp-image-14618 aligncenter\" src=\"https:\/\/cep-experts.ca\/wp-content\/uploads\/2022\/01\/snowmobile-teal.png\" alt=\"\" width=\"80\" height=\"80\" \/><\/p>\n<p style=\"text-align: center;\"><strong>\u00c9changer et se serrer les coudes : la diff\u00e9rence CEP<br \/><\/strong>Adepte de sports motoris\u00e9s comme la motoneige et le VTT, Nicolas adore jouer dehors. Il pratique \u00e9galement de plus en plus de v\u00e9lo de montagne \u2013 m\u00eame s\u2019il n\u2019a pas de moteur! Aussi, descendant d\u2019une famille pratiquant l\u2019ac\u00e9riculture depuis plusieurs g\u00e9n\u00e9rations, il est toujours f\u00e9brile \u00e0 l\u2019approche du printemps: faire les sucres, \u00eatre en nature et entour\u00e9 de ses proches, trois de ses passions!<\/p>\n<p>&nbsp;<\/p>\n<p style=\"text-align: center;\"><a href=\"https:\/\/cep-experts.ca\/fr\/expert\/nicolas-rousseau\/\"><strong>Retour au profil de Nicolas Rousseau<\/strong><\/a><\/p>[\/et_pb_text][\/et_pb_column][\/et_pb_row][\/et_pb_section]","protected":false},"excerpt":{"rendered":"<p>Une expertise tout-terrain en v\u00e9hiculeAu quotidien, Nicolas sillonne les routes pour investiguer sur les lieux d&rsquo;accidents. Bris d\u2019une composante de machinerie agricole ou foresti\u00e8re, incendie d\u2019un v\u00e9hicule r\u00e9cr\u00e9atif, collision entre automobiles: aucun mandat n\u2019est trop complexe pour lui. Que ce soit pour \u00e9tablir la cause d\u2019une d\u00e9faillance ou d\u00e9terminer l\u2019origine des flammes d\u2019un v\u00e9hicule lourd [&hellip;]<\/p>\n","protected":false},"author":4,"featured_media":0,"parent":0,"menu_order":0,"comment_status":"closed","ping_status":"closed","template":"","meta":{"_acf_changed":false,"_et_pb_use_builder":"on","_et_pb_old_content":"","_et_gb_content_width":"","footnotes":""},"service-specialise":[],"class_list":["post-14613","page","type-page","status-publish","hentry"],"acf":[],"yoast_head":"<!-- This site is optimized with the Yoast SEO plugin v27.2 - https:\/\/yoast.com\/product\/yoast-seo-wordpress\/ -->\n<title>Rencontrez Nicolas Rousseau - CEP Forensique<\/title>\n<meta name=\"robots\" content=\"index, follow, max-snippet:-1, max-image-preview:large, max-video-preview:-1\" \/>\n<link rel=\"canonical\" href=\"https:\/\/cep-experts.ca\/fr\/rencontrez-nicolas-rousseau\/\" \/>\n<meta property=\"og:locale\" content=\"fr_CA\" \/>\n<meta property=\"og:type\" content=\"article\" \/>\n<meta property=\"og:title\" content=\"Rencontrez Nicolas Rousseau - CEP Forensique\" \/>\n<meta property=\"og:description\" content=\"Une expertise tout-terrain en v\u00e9hiculeAu quotidien, Nicolas sillonne les routes pour investiguer sur les lieux d&#039;accidents. Bris d\u2019une composante de machinerie agricole ou foresti\u00e8re, incendie d\u2019un v\u00e9hicule r\u00e9cr\u00e9atif, collision entre automobiles: aucun mandat n\u2019est trop complexe pour lui. Que ce soit pour \u00e9tablir la cause d\u2019une d\u00e9faillance ou d\u00e9terminer l\u2019origine des flammes d\u2019un v\u00e9hicule lourd [&hellip;]\" \/>\n<meta property=\"og:url\" content=\"https:\/\/cep-experts.ca\/fr\/rencontrez-nicolas-rousseau\/\" \/>\n<meta property=\"og:site_name\" content=\"CEP Forensique\" \/>\n<meta property=\"article:modified_time\" content=\"2022-01-25T15:42:55+00:00\" \/>\n<meta property=\"og:image\" content=\"https:\/\/cep-experts.ca\/wp-content\/uploads\/2022\/01\/artboard-nicrousseau.png\" \/>\n<meta name=\"twitter:card\" content=\"summary_large_image\" \/>\n<meta name=\"twitter:label1\" content=\"Estimation du temps de lecture\" \/>\n\t<meta name=\"twitter:data1\" content=\"4 minutes\" \/>\n<script type=\"application\/ld+json\" class=\"yoast-schema-graph\">{\"@context\":\"https:\/\/schema.org\",\"@graph\":[{\"@type\":\"WebPage\",\"@id\":\"https:\/\/cep-experts.ca\/fr\/rencontrez-nicolas-rousseau\/\",\"url\":\"https:\/\/cep-experts.ca\/fr\/rencontrez-nicolas-rousseau\/\",\"name\":\"Rencontrez Nicolas Rousseau - CEP Forensique\",\"isPartOf\":{\"@id\":\"https:\/\/cep-experts.ca\/fr\/#website\"},\"primaryImageOfPage\":{\"@id\":\"https:\/\/cep-experts.ca\/fr\/rencontrez-nicolas-rousseau\/#primaryimage\"},\"image\":{\"@id\":\"https:\/\/cep-experts.ca\/fr\/rencontrez-nicolas-rousseau\/#primaryimage\"},\"thumbnailUrl\":\"https:\/\/cep-experts.ca\/wp-content\/uploads\/2022\/01\/artboard-nicrousseau.png\",\"datePublished\":\"2022-01-25T15:42:48+00:00\",\"dateModified\":\"2022-01-25T15:42:55+00:00\",\"breadcrumb\":{\"@id\":\"https:\/\/cep-experts.ca\/fr\/rencontrez-nicolas-rousseau\/#breadcrumb\"},\"inLanguage\":\"fr-CA\",\"potentialAction\":[{\"@type\":\"ReadAction\",\"target\":[\"https:\/\/cep-experts.ca\/fr\/rencontrez-nicolas-rousseau\/\"]}]},{\"@type\":\"ImageObject\",\"inLanguage\":\"fr-CA\",\"@id\":\"https:\/\/cep-experts.ca\/fr\/rencontrez-nicolas-rousseau\/#primaryimage\",\"url\":\"https:\/\/cep-experts.ca\/wp-content\/uploads\/2022\/01\/artboard-nicrousseau.png\",\"contentUrl\":\"https:\/\/cep-experts.ca\/wp-content\/uploads\/2022\/01\/artboard-nicrousseau.png\"},{\"@type\":\"BreadcrumbList\",\"@id\":\"https:\/\/cep-experts.ca\/fr\/rencontrez-nicolas-rousseau\/#breadcrumb\",\"itemListElement\":[{\"@type\":\"ListItem\",\"position\":1,\"name\":\"Accueil\",\"item\":\"https:\/\/cep-experts.ca\/fr\/\"},{\"@type\":\"ListItem\",\"position\":2,\"name\":\"Rencontrez Nicolas Rousseau\"}]},{\"@type\":\"WebSite\",\"@id\":\"https:\/\/cep-experts.ca\/fr\/#website\",\"url\":\"https:\/\/cep-experts.ca\/fr\/\",\"name\":\"CEP Forensique\",\"description\":\"\",\"potentialAction\":[{\"@type\":\"SearchAction\",\"target\":{\"@type\":\"EntryPoint\",\"urlTemplate\":\"https:\/\/cep-experts.ca\/fr\/?s={search_term_string}\"},\"query-input\":{\"@type\":\"PropertyValueSpecification\",\"valueRequired\":true,\"valueName\":\"search_term_string\"}}],\"inLanguage\":\"fr-CA\"}]}<\/script>\n<!-- \/ Yoast SEO plugin. -->","yoast_head_json":{"title":"Rencontrez Nicolas Rousseau - CEP Forensique","robots":{"index":"index","follow":"follow","max-snippet":"max-snippet:-1","max-image-preview":"max-image-preview:large","max-video-preview":"max-video-preview:-1"},"canonical":"https:\/\/cep-experts.ca\/fr\/rencontrez-nicolas-rousseau\/","og_locale":"fr_CA","og_type":"article","og_title":"Rencontrez Nicolas Rousseau - CEP Forensique","og_description":"Une expertise tout-terrain en v\u00e9hiculeAu quotidien, Nicolas sillonne les routes pour investiguer sur les lieux d'accidents. Bris d\u2019une composante de machinerie agricole ou foresti\u00e8re, incendie d\u2019un v\u00e9hicule r\u00e9cr\u00e9atif, collision entre automobiles: aucun mandat n\u2019est trop complexe pour lui. Que ce soit pour \u00e9tablir la cause d\u2019une d\u00e9faillance ou d\u00e9terminer l\u2019origine des flammes d\u2019un v\u00e9hicule lourd [&hellip;]","og_url":"https:\/\/cep-experts.ca\/fr\/rencontrez-nicolas-rousseau\/","og_site_name":"CEP Forensique","article_modified_time":"2022-01-25T15:42:55+00:00","og_image":[{"url":"https:\/\/cep-experts.ca\/wp-content\/uploads\/2022\/01\/artboard-nicrousseau.png","type":"","width":"","height":""}],"twitter_card":"summary_large_image","twitter_misc":{"Estimation du temps de lecture":"4 minutes"},"schema":{"@context":"https:\/\/schema.org","@graph":[{"@type":"WebPage","@id":"https:\/\/cep-experts.ca\/fr\/rencontrez-nicolas-rousseau\/","url":"https:\/\/cep-experts.ca\/fr\/rencontrez-nicolas-rousseau\/","name":"Rencontrez Nicolas Rousseau - CEP Forensique","isPartOf":{"@id":"https:\/\/cep-experts.ca\/fr\/#website"},"primaryImageOfPage":{"@id":"https:\/\/cep-experts.ca\/fr\/rencontrez-nicolas-rousseau\/#primaryimage"},"image":{"@id":"https:\/\/cep-experts.ca\/fr\/rencontrez-nicolas-rousseau\/#primaryimage"},"thumbnailUrl":"https:\/\/cep-experts.ca\/wp-content\/uploads\/2022\/01\/artboard-nicrousseau.png","datePublished":"2022-01-25T15:42:48+00:00","dateModified":"2022-01-25T15:42:55+00:00","breadcrumb":{"@id":"https:\/\/cep-experts.ca\/fr\/rencontrez-nicolas-rousseau\/#breadcrumb"},"inLanguage":"fr-CA","potentialAction":[{"@type":"ReadAction","target":["https:\/\/cep-experts.ca\/fr\/rencontrez-nicolas-rousseau\/"]}]},{"@type":"ImageObject","inLanguage":"fr-CA","@id":"https:\/\/cep-experts.ca\/fr\/rencontrez-nicolas-rousseau\/#primaryimage","url":"https:\/\/cep-experts.ca\/wp-content\/uploads\/2022\/01\/artboard-nicrousseau.png","contentUrl":"https:\/\/cep-experts.ca\/wp-content\/uploads\/2022\/01\/artboard-nicrousseau.png"},{"@type":"BreadcrumbList","@id":"https:\/\/cep-experts.ca\/fr\/rencontrez-nicolas-rousseau\/#breadcrumb","itemListElement":[{"@type":"ListItem","position":1,"name":"Accueil","item":"https:\/\/cep-experts.ca\/fr\/"},{"@type":"ListItem","position":2,"name":"Rencontrez Nicolas Rousseau"}]},{"@type":"WebSite","@id":"https:\/\/cep-experts.ca\/fr\/#website","url":"https:\/\/cep-experts.ca\/fr\/","name":"CEP Forensique","description":"","potentialAction":[{"@type":"SearchAction","target":{"@type":"EntryPoint","urlTemplate":"https:\/\/cep-experts.ca\/fr\/?s={search_term_string}"},"query-input":{"@type":"PropertyValueSpecification","valueRequired":true,"valueName":"search_term_string"}}],"inLanguage":"fr-CA"}]}},"_links":{"self":[{"href":"https:\/\/cep-experts.ca\/fr\/wp-json\/wp\/v2\/pages\/14613","targetHints":{"allow":["GET"]}}],"collection":[{"href":"https:\/\/cep-experts.ca\/fr\/wp-json\/wp\/v2\/pages"}],"about":[{"href":"https:\/\/cep-experts.ca\/fr\/wp-json\/wp\/v2\/types\/page"}],"author":[{"embeddable":true,"href":"https:\/\/cep-experts.ca\/fr\/wp-json\/wp\/v2\/users\/4"}],"replies":[{"embeddable":true,"href":"https:\/\/cep-experts.ca\/fr\/wp-json\/wp\/v2\/comments?post=14613"}],"version-history":[{"count":0,"href":"https:\/\/cep-experts.ca\/fr\/wp-json\/wp\/v2\/pages\/14613\/revisions"}],"wp:attachment":[{"href":"https:\/\/cep-experts.ca\/fr\/wp-json\/wp\/v2\/media?parent=14613"}],"wp:term":[{"taxonomy":"service-specialise","embeddable":true,"href":"https:\/\/cep-experts.ca\/fr\/wp-json\/wp\/v2\/service-specialise?post=14613"}],"curies":[{"name":"wp","href":"https:\/\/api.w.org\/{rel}","templated":true}]}}