{"id":15664,"date":"2022-04-14T11:30:00","date_gmt":"2022-04-14T15:30:00","guid":{"rendered":"https:\/\/cep-experts.ca\/?page_id=15664"},"modified":"2022-04-20T13:21:12","modified_gmt":"2022-04-20T17:21:12","slug":"bris-et-problematiques-lies-aux-piscines-version-1-heure","status":"publish","type":"page","link":"https:\/\/cep-experts.ca\/fr\/ressources\/formations\/bris-et-problematiques-lies-aux-piscines-version-1-heure\/","title":{"rendered":"Bris et probl\u00e9matiques li\u00e9s aux piscines \u2013 version 1 heure"},"content":{"rendered":"\t\t<div class=\"et_pb_section et_pb_with_background et_section_regular breadcrumbs_section\">\r\n\t\t\t<div class=\" et_pb_row breadcrumbs_row\">\r\n\t\t\t\t<div class=\"et_pb_column et_pb_column_4_4 breadcrumbs_column\">\r\n\t\t\t\t\t<div class=\"et_pb_code et_pb_module breadcrumbs_module\">\r\n\t\t\t\t\t\t<span><span><a href=\"https:\/\/cep-experts.ca\/fr\/\">Accueil<\/a><\/span><\/span>\t\t\t\t\t<\/div> <!-- .et_pb_code -->\r\n\t\t\t\t<\/div> <!-- .et_pb_column -->\r\n\t\t\t<\/div> <!-- .et_pb_row -->\r\n\t\t<\/div>\r\n\t[et_pb_section fb_built=\u00a0\u00bb1&Prime; admin_label=\u00a0\u00bbsection\u00a0\u00bb _builder_version=\u00a0\u00bb3.22&Prime; global_colors_info=\u00a0\u00bb{}\u00a0\u00bb][et_pb_row admin_label=\u00a0\u00bbrow\u00a0\u00bb _builder_version=\u00a0\u00bb3.25&Prime; background_size=\u00a0\u00bbinitial\u00a0\u00bb background_position=\u00a0\u00bbtop_left\u00a0\u00bb background_repeat=\u00a0\u00bbrepeat\u00a0\u00bb global_colors_info=\u00a0\u00bb{}\u00a0\u00bb][et_pb_column type=\u00a0\u00bb4_4&Prime; _builder_version=\u00a0\u00bb3.25&Prime; custom_padding=\u00a0\u00bb|||\u00a0\u00bb global_colors_info=\u00a0\u00bb{}\u00a0\u00bb custom_padding__hover=\u00a0\u00bb|||\u00a0\u00bb][et_pb_text _builder_version=\u00a0\u00bb4.13.0&Prime; header_2_font=\u00a0\u00bb|||on|||||\u00a0\u00bb header_3_font=\u00a0\u00bb|||on|||||\u00a0\u00bb hover_enabled=\u00a0\u00bb0&Prime; z_index_tablet=\u00a0\u00bb500&Prime; box_shadow_horizontal_tablet=\u00a0\u00bb0px\u00a0\u00bb box_shadow_vertical_tablet=\u00a0\u00bb0px\u00a0\u00bb box_shadow_blur_tablet=\u00a0\u00bb40px\u00a0\u00bb box_shadow_spread_tablet=\u00a0\u00bb0px\u00a0\u00bb locked=\u00a0\u00bboff\u00a0\u00bb global_colors_info=\u00a0\u00bb{}\u00a0\u00bb sticky_enabled=\u00a0\u00bb0&Prime;]<h1><strong>Bris et probl\u00e9matiques li\u00e9s aux piscines \u2013 version 1 heure<\/strong><\/h1>\n<p><strong>Formateur : <\/strong><a href=\"https:\/\/cep-experts.ca\/fr\/expert\/patricia-fortier\/\">Patricia Fortier, ing.<\/a><br \/><strong>Accr\u00e9ditation :\u00a0<\/strong>ChAD AFC13761 (1 UFC)<\/p>\n<h3>Client\u00e8le vis\u00e9e<\/h3>\n<ul>\n<li>Experts en sinistre<\/li>\n<li>Courtiers<\/li>\n<li>Souscripteurs<\/li>\n<li>R\u00e9viseurs<\/li>\n<\/ul>\n<h3>Objectif g\u00e9n\u00e9ral<\/h3>\n<p>Pr\u00e9senter les notions de base sur les types de piscines, la r\u00e8glementation et les probl\u00e8mes li\u00e9s aux bris.\u00a0 Ceci dans le but de permettre aux participants de bien comprendre et g\u00e9rer les dossiers de r\u00e9clamations connexes.<\/p>\n<h3>Objectifs sp\u00e9cifiques<\/h3>\n<ul>\n<li>Identifier les types de piscines et les facteurs de risque associ\u00e9s \u00e0 chacun de ces types.<\/li>\n<li>Reconna\u00eetre les normes de s\u00e9curit\u00e9 et les risques reli\u00e9s \u00e0 la responsabilit\u00e9 des propri\u00e9taires en cas de blessures.<\/li>\n<li>Comprendre les concepts de base qui encadrent les piscines et les probl\u00e9matiques qui en d\u00e9coulent.<\/li>\n<li>Identifier les pathologies des bris, de l\u2019installation et de l\u2019entretien d\u00e9ficient.<\/li>\n<\/ul>\n<h3>Dur\u00e9e<\/h3>\n<p>1 heure<\/p>\n<hr \/>\n<p>Pour plus d&rsquo;information, appelez-nous au 450-686-0240 (1 877 686-0240)<\/p>[\/et_pb_text][\/et_pb_column][\/et_pb_row][\/et_pb_section]","protected":false},"excerpt":{"rendered":"<p>Bris et probl\u00e9matiques li\u00e9s aux piscines \u2013 version 1 heure Formateur : Patricia Fortier, ing.Accr\u00e9ditation :\u00a0ChAD AFC13761 (1 UFC) Client\u00e8le vis\u00e9e Experts en sinistre Courtiers Souscripteurs R\u00e9viseurs Objectif g\u00e9n\u00e9ral Pr\u00e9senter les notions de base sur les types de piscines, la r\u00e8glementation et les probl\u00e8mes li\u00e9s aux bris.\u00a0 Ceci dans le but de permettre aux participants [&hellip;]<\/p>\n","protected":false},"author":4,"featured_media":0,"parent":1884,"menu_order":0,"comment_status":"closed","ping_status":"closed","template":"","meta":{"_acf_changed":false,"_et_pb_use_builder":"on","_et_pb_old_content":"","_et_gb_content_width":"","footnotes":""},"service-specialise":[],"class_list":["post-15664","page","type-page","status-publish","hentry"],"acf":[],"yoast_head":"<!-- This site is optimized with the Yoast SEO plugin v27.2 - https:\/\/yoast.com\/product\/yoast-seo-wordpress\/ -->\n<title>Bris et probl\u00e9matiques li\u00e9s aux piscines \u2013 version 1 heure - CEP Forensique<\/title>\n<meta name=\"robots\" content=\"index, follow, max-snippet:-1, max-image-preview:large, max-video-preview:-1\" \/>\n<link rel=\"canonical\" href=\"https:\/\/cep-experts.ca\/fr\/ressources\/formations\/bris-et-problematiques-lies-aux-piscines-version-1-heure\/\" \/>\n<meta property=\"og:locale\" content=\"fr_CA\" \/>\n<meta property=\"og:type\" content=\"article\" \/>\n<meta property=\"og:title\" content=\"Bris et probl\u00e9matiques li\u00e9s aux piscines \u2013 version 1 heure - CEP Forensique\" \/>\n<meta property=\"og:description\" content=\"Bris et probl\u00e9matiques li\u00e9s aux piscines \u2013 version 1 heure Formateur : Patricia Fortier, ing.Accr\u00e9ditation :\u00a0ChAD AFC13761 (1 UFC) Client\u00e8le vis\u00e9e Experts en sinistre Courtiers Souscripteurs R\u00e9viseurs Objectif g\u00e9n\u00e9ral Pr\u00e9senter les notions de base sur les types de piscines, la r\u00e8glementation et les probl\u00e8mes li\u00e9s aux bris.\u00a0 Ceci dans le but de permettre aux participants [&hellip;]\" \/>\n<meta property=\"og:url\" content=\"https:\/\/cep-experts.ca\/fr\/ressources\/formations\/bris-et-problematiques-lies-aux-piscines-version-1-heure\/\" \/>\n<meta property=\"og:site_name\" content=\"CEP Forensique\" \/>\n<meta property=\"article:modified_time\" content=\"2022-04-20T17:21:12+00:00\" \/>\n<meta property=\"og:image\" content=\"https:\/\/cep-experts.ca\/wp-content\/uploads\/2019\/04\/acceuil-finale.jpg\" \/>\n\t<meta property=\"og:image:width\" content=\"1920\" \/>\n\t<meta property=\"og:image:height\" content=\"700\" \/>\n\t<meta property=\"og:image:type\" content=\"image\/jpeg\" \/>\n<meta name=\"twitter:card\" content=\"summary_large_image\" \/>\n<meta name=\"twitter:label1\" content=\"Estimation du temps de lecture\" \/>\n\t<meta name=\"twitter:data1\" content=\"1 minute\" \/>\n<script type=\"application\/ld+json\" class=\"yoast-schema-graph\">{\"@context\":\"https:\/\/schema.org\",\"@graph\":[{\"@type\":\"WebPage\",\"@id\":\"https:\/\/cep-experts.ca\/fr\/ressources\/formations\/bris-et-problematiques-lies-aux-piscines-version-1-heure\/\",\"url\":\"https:\/\/cep-experts.ca\/fr\/ressources\/formations\/bris-et-problematiques-lies-aux-piscines-version-1-heure\/\",\"name\":\"Bris et probl\u00e9matiques li\u00e9s aux piscines \u2013 version 1 heure - CEP Forensique\",\"isPartOf\":{\"@id\":\"https:\/\/cep-experts.ca\/fr\/#website\"},\"datePublished\":\"2022-04-14T15:30:00+00:00\",\"dateModified\":\"2022-04-20T17:21:12+00:00\",\"breadcrumb\":{\"@id\":\"https:\/\/cep-experts.ca\/fr\/ressources\/formations\/bris-et-problematiques-lies-aux-piscines-version-1-heure\/#breadcrumb\"},\"inLanguage\":\"fr-CA\",\"potentialAction\":[{\"@type\":\"ReadAction\",\"target\":[\"https:\/\/cep-experts.ca\/fr\/ressources\/formations\/bris-et-problematiques-lies-aux-piscines-version-1-heure\/\"]}]},{\"@type\":\"BreadcrumbList\",\"@id\":\"https:\/\/cep-experts.ca\/fr\/ressources\/formations\/bris-et-problematiques-lies-aux-piscines-version-1-heure\/#breadcrumb\",\"itemListElement\":[{\"@type\":\"ListItem\",\"position\":1,\"name\":\"Accueil\",\"item\":\"https:\/\/cep-experts.ca\/fr\/\"},{\"@type\":\"ListItem\",\"position\":2,\"name\":\"Ressources\",\"item\":\"https:\/\/cep-experts.ca\/fr\/ressources\/\"},{\"@type\":\"ListItem\",\"position\":3,\"name\":\"Formations\",\"item\":\"https:\/\/cep-experts.ca\/fr\/?page_id=1884\"},{\"@type\":\"ListItem\",\"position\":4,\"name\":\"Bris et probl\u00e9matiques li\u00e9s aux piscines \u2013 version 1 heure\"}]},{\"@type\":\"WebSite\",\"@id\":\"https:\/\/cep-experts.ca\/fr\/#website\",\"url\":\"https:\/\/cep-experts.ca\/fr\/\",\"name\":\"CEP Forensique\",\"description\":\"\",\"potentialAction\":[{\"@type\":\"SearchAction\",\"target\":{\"@type\":\"EntryPoint\",\"urlTemplate\":\"https:\/\/cep-experts.ca\/fr\/?s={search_term_string}\"},\"query-input\":{\"@type\":\"PropertyValueSpecification\",\"valueRequired\":true,\"valueName\":\"search_term_string\"}}],\"inLanguage\":\"fr-CA\"}]}<\/script>\n<!-- \/ Yoast SEO plugin. -->","yoast_head_json":{"title":"Bris et probl\u00e9matiques li\u00e9s aux piscines \u2013 version 1 heure - CEP Forensique","robots":{"index":"index","follow":"follow","max-snippet":"max-snippet:-1","max-image-preview":"max-image-preview:large","max-video-preview":"max-video-preview:-1"},"canonical":"https:\/\/cep-experts.ca\/fr\/ressources\/formations\/bris-et-problematiques-lies-aux-piscines-version-1-heure\/","og_locale":"fr_CA","og_type":"article","og_title":"Bris et probl\u00e9matiques li\u00e9s aux piscines \u2013 version 1 heure - CEP Forensique","og_description":"Bris et probl\u00e9matiques li\u00e9s aux piscines \u2013 version 1 heure Formateur : Patricia Fortier, ing.Accr\u00e9ditation :\u00a0ChAD AFC13761 (1 UFC) Client\u00e8le vis\u00e9e Experts en sinistre Courtiers Souscripteurs R\u00e9viseurs Objectif g\u00e9n\u00e9ral Pr\u00e9senter les notions de base sur les types de piscines, la r\u00e8glementation et les probl\u00e8mes li\u00e9s aux bris.\u00a0 Ceci dans le but de permettre aux participants [&hellip;]","og_url":"https:\/\/cep-experts.ca\/fr\/ressources\/formations\/bris-et-problematiques-lies-aux-piscines-version-1-heure\/","og_site_name":"CEP Forensique","article_modified_time":"2022-04-20T17:21:12+00:00","og_image":[{"width":1920,"height":700,"url":"https:\/\/cep-experts.ca\/wp-content\/uploads\/2019\/04\/acceuil-finale.jpg","type":"image\/jpeg"}],"twitter_card":"summary_large_image","twitter_misc":{"Estimation du temps de lecture":"1 minute"},"schema":{"@context":"https:\/\/schema.org","@graph":[{"@type":"WebPage","@id":"https:\/\/cep-experts.ca\/fr\/ressources\/formations\/bris-et-problematiques-lies-aux-piscines-version-1-heure\/","url":"https:\/\/cep-experts.ca\/fr\/ressources\/formations\/bris-et-problematiques-lies-aux-piscines-version-1-heure\/","name":"Bris et probl\u00e9matiques li\u00e9s aux piscines \u2013 version 1 heure - CEP Forensique","isPartOf":{"@id":"https:\/\/cep-experts.ca\/fr\/#website"},"datePublished":"2022-04-14T15:30:00+00:00","dateModified":"2022-04-20T17:21:12+00:00","breadcrumb":{"@id":"https:\/\/cep-experts.ca\/fr\/ressources\/formations\/bris-et-problematiques-lies-aux-piscines-version-1-heure\/#breadcrumb"},"inLanguage":"fr-CA","potentialAction":[{"@type":"ReadAction","target":["https:\/\/cep-experts.ca\/fr\/ressources\/formations\/bris-et-problematiques-lies-aux-piscines-version-1-heure\/"]}]},{"@type":"BreadcrumbList","@id":"https:\/\/cep-experts.ca\/fr\/ressources\/formations\/bris-et-problematiques-lies-aux-piscines-version-1-heure\/#breadcrumb","itemListElement":[{"@type":"ListItem","position":1,"name":"Accueil","item":"https:\/\/cep-experts.ca\/fr\/"},{"@type":"ListItem","position":2,"name":"Ressources","item":"https:\/\/cep-experts.ca\/fr\/ressources\/"},{"@type":"ListItem","position":3,"name":"Formations","item":"https:\/\/cep-experts.ca\/fr\/?page_id=1884"},{"@type":"ListItem","position":4,"name":"Bris et probl\u00e9matiques li\u00e9s aux piscines \u2013 version 1 heure"}]},{"@type":"WebSite","@id":"https:\/\/cep-experts.ca\/fr\/#website","url":"https:\/\/cep-experts.ca\/fr\/","name":"CEP Forensique","description":"","potentialAction":[{"@type":"SearchAction","target":{"@type":"EntryPoint","urlTemplate":"https:\/\/cep-experts.ca\/fr\/?s={search_term_string}"},"query-input":{"@type":"PropertyValueSpecification","valueRequired":true,"valueName":"search_term_string"}}],"inLanguage":"fr-CA"}]}},"_links":{"self":[{"href":"https:\/\/cep-experts.ca\/fr\/wp-json\/wp\/v2\/pages\/15664","targetHints":{"allow":["GET"]}}],"collection":[{"href":"https:\/\/cep-experts.ca\/fr\/wp-json\/wp\/v2\/pages"}],"about":[{"href":"https:\/\/cep-experts.ca\/fr\/wp-json\/wp\/v2\/types\/page"}],"author":[{"embeddable":true,"href":"https:\/\/cep-experts.ca\/fr\/wp-json\/wp\/v2\/users\/4"}],"replies":[{"embeddable":true,"href":"https:\/\/cep-experts.ca\/fr\/wp-json\/wp\/v2\/comments?post=15664"}],"version-history":[{"count":0,"href":"https:\/\/cep-experts.ca\/fr\/wp-json\/wp\/v2\/pages\/15664\/revisions"}],"up":[{"embeddable":true,"href":"https:\/\/cep-experts.ca\/fr\/wp-json\/wp\/v2\/pages\/1884"}],"wp:attachment":[{"href":"https:\/\/cep-experts.ca\/fr\/wp-json\/wp\/v2\/media?parent=15664"}],"wp:term":[{"taxonomy":"service-specialise","embeddable":true,"href":"https:\/\/cep-experts.ca\/fr\/wp-json\/wp\/v2\/service-specialise?post=15664"}],"curies":[{"name":"wp","href":"https:\/\/api.w.org\/{rel}","templated":true}]}}