{"id":17777,"date":"2022-09-09T10:35:09","date_gmt":"2022-09-09T14:35:09","guid":{"rendered":"https:\/\/cep-experts.ca\/?page_id=17777"},"modified":"2024-06-06T16:23:55","modified_gmt":"2024-06-06T20:23:55","slug":"cas-de-catastrophes","status":"publish","type":"page","link":"https:\/\/cep-experts.ca\/fr\/expertise-specialisee\/cas-de-catastrophes\/","title":{"rendered":"Cas de catastrophes"},"content":{"rendered":"\t\t<div class=\"et_pb_section et_pb_with_background et_section_regular breadcrumbs_section\">\r\n\t\t\t<div class=\" et_pb_row breadcrumbs_row\">\r\n\t\t\t\t<div class=\"et_pb_column et_pb_column_4_4 breadcrumbs_column\">\r\n\t\t\t\t\t<div class=\"et_pb_code et_pb_module breadcrumbs_module\">\r\n\t\t\t\t\t\t<span><span><a href=\"https:\/\/cep-experts.ca\/fr\/\">Accueil<\/a><\/span><\/span>\t\t\t\t\t<\/div> <!-- .et_pb_code -->\r\n\t\t\t\t<\/div> <!-- .et_pb_column -->\r\n\t\t\t<\/div> <!-- .et_pb_row -->\r\n\t\t<\/div>\r\n\t[et_pb_section fb_built=\u00a0\u00bb1&Prime; disabled_on=\u00a0\u00bbon||\u00a0\u00bb _builder_version=\u00a0\u00bb4.16&Prime; locked=\u00a0\u00bboff\u00a0\u00bb global_colors_info=\u00a0\u00bb{}\u00a0\u00bb][et_pb_row column_structure=\u00a0\u00bb1_2,1_2&Prime; _builder_version=\u00a0\u00bb4.16&Prime; max_width=\u00a0\u00bb1400px\u00a0\u00bb module_alignment=\u00a0\u00bbcenter\u00a0\u00bb custom_padding=\u00a0\u00bb0px||0px|\u00a0\u00bb z_index_tablet=\u00a0\u00bb500&Prime; use_custom_width=\u00a0\u00bbon\u00a0\u00bb custom_width_px=\u00a0\u00bb1400px\u00a0\u00bb global_colors_info=\u00a0\u00bb{}\u00a0\u00bb][et_pb_column type=\u00a0\u00bb1_2&Prime; _builder_version=\u00a0\u00bb4.16&Prime; custom_padding=\u00a0\u00bb|||\u00a0\u00bb global_colors_info=\u00a0\u00bb{}\u00a0\u00bb custom_padding__hover=\u00a0\u00bb|||\u00a0\u00bb][et_pb_image src=\u00a0\u00bbhttps:\/\/cep-experts.ca\/wp-content\/uploads\/2022\/09\/catastrophe.jpg\u00a0\u00bb title_text=\u00a0\u00bbcatastrophe\u00a0\u00bb align_tablet=\u00a0\u00bbcenter\u00a0\u00bb align_phone=\u00a0\u00bbcenter\u00a0\u00bb align_last_edited=\u00a0\u00bbon|desktop\u00a0\u00bb admin_label=\u00a0\u00bbImage du service | Ordi &#8211; tablette\u00a0\u00bb _builder_version=\u00a0\u00bb4.18.0&Prime; z_index_tablet=\u00a0\u00bb500&Prime; border_radii=\u00a0\u00bbon|10px|10px|10px|10px\u00a0\u00bb global_colors_info=\u00a0\u00bb{}\u00a0\u00bb][\/et_pb_image][\/et_pb_column][et_pb_column type=\u00a0\u00bb1_2&Prime; _builder_version=\u00a0\u00bb4.16&Prime; custom_padding=\u00a0\u00bb|||\u00a0\u00bb global_colors_info=\u00a0\u00bb{}\u00a0\u00bb custom_padding__hover=\u00a0\u00bb|||\u00a0\u00bb][et_pb_text admin_label=\u00a0\u00bbTITRE DU SERVICE | Ordi &#8211; tablette\u00a0\u00bb _builder_version=\u00a0\u00bb4.18.0&Prime; z_index_tablet=\u00a0\u00bb500&Prime; global_colors_info=\u00a0\u00bb{}\u00a0\u00bb]<h1>CAS DE<br \/><strong>CATASTROPHE<\/strong><\/h1>\n<p>Inondations, glissements de terrain, tremblements de terre, temp\u00eates hivernales causant des dommages, tornades ou vents violents, incendies ou explosions: en cas de catastrophe naturelle, une intervention rapide et efficace est essentielle.<\/p>[\/et_pb_text][\/et_pb_column][\/et_pb_row][\/et_pb_section][et_pb_section fb_built=\u00a0\u00bb1&Prime; disabled_on=\u00a0\u00bb|on|on\u00a0\u00bb _builder_version=\u00a0\u00bb4.16&Prime; locked=\u00a0\u00bboff\u00a0\u00bb global_colors_info=\u00a0\u00bb{}\u00a0\u00bb][et_pb_row _builder_version=\u00a0\u00bb4.16&Prime; custom_padding=\u00a0\u00bb0px|0px|0px|0px\u00a0\u00bb global_colors_info=\u00a0\u00bb{}\u00a0\u00bb][et_pb_column type=\u00a0\u00bb4_4&Prime; _builder_version=\u00a0\u00bb4.16&Prime; custom_padding=\u00a0\u00bb|||\u00a0\u00bb global_colors_info=\u00a0\u00bb{}\u00a0\u00bb custom_padding__hover=\u00a0\u00bb|||\u00a0\u00bb][et_pb_text admin_label=\u00a0\u00bbTITRE DU SERVICE | Mobile\u00a0\u00bb _builder_version=\u00a0\u00bb4.18.0&Prime; z_index_tablet=\u00a0\u00bb500&Prime; global_colors_info=\u00a0\u00bb{}\u00a0\u00bb]<h1>CAS DE <strong>CATASTROPHES<\/strong><\/h1>[\/et_pb_text][\/et_pb_column][\/et_pb_row][et_pb_row _builder_version=\u00a0\u00bb4.16&Prime; width=\u00a0\u00bb100%\u00a0\u00bb max_width=\u00a0\u00bb100%\u00a0\u00bb custom_padding=\u00a0\u00bb20px|0px|20px|0px\u00a0\u00bb make_fullwidth=\u00a0\u00bbon\u00a0\u00bb use_custom_width=\u00a0\u00bbon\u00a0\u00bb width_unit=\u00a0\u00bboff\u00a0\u00bb custom_width_percent=\u00a0\u00bb100%\u00a0\u00bb global_colors_info=\u00a0\u00bb{}\u00a0\u00bb][et_pb_column type=\u00a0\u00bb4_4&Prime; _builder_version=\u00a0\u00bb4.16&Prime; custom_padding=\u00a0\u00bb|||\u00a0\u00bb global_colors_info=\u00a0\u00bb{}\u00a0\u00bb custom_padding__hover=\u00a0\u00bb|||\u00a0\u00bb][et_pb_image src=\u00a0\u00bbhttps:\/\/cep-experts.ca\/wp-content\/uploads\/2022\/09\/catastrophe.jpg\u00a0\u00bb title_text=\u00a0\u00bbcatastrophe\u00a0\u00bb show_bottom_space=\u00a0\u00bboff\u00a0\u00bb align_tablet=\u00a0\u00bbcenter\u00a0\u00bb align_phone=\u00a0\u00bbcenter\u00a0\u00bb align_last_edited=\u00a0\u00bbon|desktop\u00a0\u00bb admin_label=\u00a0\u00bbImage du service | Mobile\u00a0\u00bb _builder_version=\u00a0\u00bb4.18.0&Prime; z_index_tablet=\u00a0\u00bb500&Prime; border_radii=\u00a0\u00bbon|10px|10px|10px|10px\u00a0\u00bb global_colors_info=\u00a0\u00bb{}\u00a0\u00bb][\/et_pb_image][\/et_pb_column][\/et_pb_row][et_pb_row _builder_version=\u00a0\u00bb4.16&Prime; custom_padding=\u00a0\u00bb0px|0px|0px|0px\u00a0\u00bb global_colors_info=\u00a0\u00bb{}\u00a0\u00bb][et_pb_column type=\u00a0\u00bb4_4&Prime; _builder_version=\u00a0\u00bb4.16&Prime; custom_padding=\u00a0\u00bb|||\u00a0\u00bb global_colors_info=\u00a0\u00bb{}\u00a0\u00bb custom_padding__hover=\u00a0\u00bb|||\u00a0\u00bb][et_pb_text admin_label=\u00a0\u00bbTexte du service | Mobile\u00a0\u00bb _builder_version=\u00a0\u00bb4.24.0&Prime; hover_enabled=\u00a0\u00bb0&Prime; z_index_tablet=\u00a0\u00bb500&Prime; global_colors_info=\u00a0\u00bb{}\u00a0\u00bb sticky_enabled=\u00a0\u00bb0&Prime;]<p>Inondations, glissements de terrain, tremblements de terre, temp\u00eates hivernales causant des dommages, tornades ou vents violents, incendies ou explosions: en cas de catastrophe naturelle, une intervention rapide et efficace est essentielle.<\/p>[\/et_pb_text][\/et_pb_column][\/et_pb_row][\/et_pb_section][et_pb_section fb_built=\u00a0\u00bb1&Prime; _builder_version=\u00a0\u00bb4.16&Prime; background_color=\u00a0\u00bb#ededed\u00a0\u00bb background_image=\u00a0\u00bbhttps:\/\/cep-experts.ca\/wp-content\/uploads\/2019\/03\/bg-sous-services.svg\u00a0\u00bb z_index_tablet=\u00a0\u00bb500&Prime; global_colors_info=\u00a0\u00bb{}\u00a0\u00bb][et_pb_row disabled_on=\u00a0\u00bbon|on|on\u00a0\u00bb _builder_version=\u00a0\u00bb4.16&Prime; custom_padding=\u00a0\u00bb||0px|\u00a0\u00bb z_index_tablet=\u00a0\u00bb500&Prime; disabled=\u00a0\u00bbon\u00a0\u00bb global_colors_info=\u00a0\u00bb{}\u00a0\u00bb][et_pb_column type=\u00a0\u00bb4_4&Prime; _builder_version=\u00a0\u00bb4.16&Prime; custom_padding=\u00a0\u00bb|||\u00a0\u00bb global_colors_info=\u00a0\u00bb{}\u00a0\u00bb custom_padding__hover=\u00a0\u00bb|||\u00a0\u00bb][et_pb_image src=\u00a0\u00bbhttps:\/\/cep-experts.ca\/wp-content\/uploads\/2019\/03\/bois.jpg\u00a0\u00bb align=\u00a0\u00bbcenter\u00a0\u00bb admin_label=\u00a0\u00bbImage selon la cliente\u00a0\u00bb _builder_version=\u00a0\u00bb4.16&Prime; max_width=\u00a0\u00bb400px\u00a0\u00bb z_index_tablet=\u00a0\u00bb500&Prime; global_colors_info=\u00a0\u00bb{}\u00a0\u00bb][\/et_pb_image][\/et_pb_column][\/et_pb_row][et_pb_row module_class=\u00a0\u00bbmobile-left\u00a0\u00bb _builder_version=\u00a0\u00bb4.16&Prime; background_color=\u00a0\u00bb#ffffff\u00a0\u00bb custom_margin=\u00a0\u00bb40px||40px|\u00a0\u00bb custom_margin_tablet=\u00a0\u00bb\u00a0\u00bb custom_margin_phone=\u00a0\u00bb20px||20px|\u00a0\u00bb custom_margin_last_edited=\u00a0\u00bbon|phone\u00a0\u00bb custom_padding=\u00a0\u00bb40px|5%|40px|5%\u00a0\u00bb z_index_tablet=\u00a0\u00bb500&Prime; border_radii=\u00a0\u00bbon|15px|15px|15px|15px\u00a0\u00bb box_shadow_style=\u00a0\u00bbpreset1&Prime; box_shadow_color=\u00a0\u00bbrgba(0,0,0,0.2)\u00a0\u00bb global_colors_info=\u00a0\u00bb{}\u00a0\u00bb][et_pb_column type=\u00a0\u00bb4_4&Prime; _builder_version=\u00a0\u00bb4.16&Prime; custom_padding=\u00a0\u00bb|||\u00a0\u00bb global_colors_info=\u00a0\u00bb{}\u00a0\u00bb custom_padding__hover=\u00a0\u00bb|||\u00a0\u00bb][et_pb_text _builder_version=\u00a0\u00bb4.24.0&Prime; header_2_font=\u00a0\u00bb|||on|||||\u00a0\u00bb header_3_font=\u00a0\u00bb|||on|||||\u00a0\u00bb vertical_offset_tablet=\u00a0\u00bb0&Prime; horizontal_offset_tablet=\u00a0\u00bb0&Prime; hover_enabled=\u00a0\u00bb0&Prime; z_index_tablet=\u00a0\u00bb500&Prime; box_shadow_horizontal_tablet=\u00a0\u00bb0px\u00a0\u00bb box_shadow_vertical_tablet=\u00a0\u00bb0px\u00a0\u00bb box_shadow_blur_tablet=\u00a0\u00bb40px\u00a0\u00bb box_shadow_spread_tablet=\u00a0\u00bb0px\u00a0\u00bb global_colors_info=\u00a0\u00bb{}\u00a0\u00bb sticky_enabled=\u00a0\u00bb0&Prime;]<p>Lors d\u2019une situation d\u2019urgence, pouvoir compter sur une \u00e9quipe d\u2019ing\u00e9nieurs forensiques principalement form\u00e9e d\u2019experts en g\u00e9nie civil et en structure est un atout majeur. Plusieurs propri\u00e9t\u00e9s d\u2019une m\u00eame zone g\u00e9ographique \u00e9tant affect\u00e9es par un \u00e9v\u00e9nement soudain et inattendu, le facteur temps est crucial: c\u2019est pourquoi une coordination bien rod\u00e9e et des intervenants chevronn\u00e9s font toute la diff\u00e9rence.<\/p>\n<p>La mission de notre \u00e9quipe d\u2019intervention en cas de catastrophe naturelle (CAT), pr\u00e9sente d\u2019un oc\u00e9an \u00e0 l\u2019autre est de se rendre rapidement sur le site d\u2019un d\u00e9sastre afin d&rsquo;\u00e9valuer l\u2019\u00e9tat des structures et d\u2019offrir des services organis\u00e9s et efficaces advenant de multiples demandes de r\u00e9clamation li\u00e9es au sinistre. Au besoin, nos experts peuvent aussi proposer des solutions temporaires pour soutenir les structures endommag\u00e9es.<\/p>\n<p>Comment se d\u00e9roule une intervention en cas de catastrophe?<\/p>\n<ul>\n<li>Un gestionnaire CAT est d\u00e9sign\u00e9 pour superviser les op\u00e9rations \u00e0 distance et ne rien laisser au hasard;<\/li>\n<li>Les proc\u00e9dures bien \u00e9tablies sont ensuite mises en \u0153uvre afin d\u2019envoyer sur les lieux notre \u00e9quipe CAT dans les plus brefs d\u00e9lais;<\/li>\n<li>Un compte rendu sommaire est produit dans un d\u00e9lai de 48 heures apr\u00e8s notre arriv\u00e9e sur le terrain;<\/li>\n<li>Si n\u00e9cessaire, d\u00e9poser un rapport complet selon nos observations et notre investigation approfondie de l&rsquo;\u00e9v\u00e9nement dans les semaines suivant celui-ci.<\/li>\n<\/ul>\n<p>Gr\u00e2ce \u00e0 leur formation en continu et \u00e0 leur assistance hors site coordonn\u00e9e et supervis\u00e9e de main de ma\u00eetre, nos experts peuvent intervenir de fa\u00e7on s\u00e9curitaire, partout au Canada, en cas de catastrophe.<\/p>\n<p><strong>Rencontrez les chefs de groupe de l&rsquo;\u00e9quipe CAT :<\/strong><\/p>\n<ul>\n<li>Provinces Atlantiques : <strong><a href=\"https:\/\/cep-experts.ca\/fr\/expert\/francois-dentremont\/\">Fran\u00e7ois d\u2019Entremont, ing.<\/a><\/strong><\/li>\n<li>Qu\u00e9bec :<strong> <a href=\"https:\/\/cep-experts.ca\/fr\/expert\/alexandre-provencher\/\">Alexandre Provencher, ing.<\/a><\/strong><\/li>\n<li>Ontario : <a href=\"https:\/\/cep-experts.ca\/fr\/expert\/paul-steneker\/\"><strong>Paul Steneker, Ph.D., ing.<\/strong><\/a><\/li>\n<li>Les Prairies : <strong><a href=\"https:\/\/cep-experts.ca\/fr\/expert\/carla-ladner\/\">Carla Ladner, P.Eng.<\/a><\/strong><\/li>\n<li>Colombie-Britannique : <strong><a href=\"https:\/\/cep-experts.ca\/fr\/expert\/jamie-shandley\/\">Jamie Shandley, P.Eng.<\/a><\/strong><\/li>\n<\/ul>[\/et_pb_text][\/et_pb_column][\/et_pb_row][\/et_pb_section][et_pb_section fb_built=\u00a0\u00bb1&Prime; _builder_version=\u00a0\u00bb4.16&Prime; global_colors_info=\u00a0\u00bb{}\u00a0\u00bb][et_pb_row _builder_version=\u00a0\u00bb4.16&Prime; max_width=\u00a0\u00bb750px\u00a0\u00bb z_index_tablet=\u00a0\u00bb500&Prime; use_custom_width=\u00a0\u00bbon\u00a0\u00bb custom_width_px=\u00a0\u00bb750px\u00a0\u00bb global_colors_info=\u00a0\u00bb{}\u00a0\u00bb][et_pb_column type=\u00a0\u00bb4_4&Prime; _builder_version=\u00a0\u00bb4.16&Prime; custom_padding=\u00a0\u00bb|||\u00a0\u00bb global_colors_info=\u00a0\u00bb{}\u00a0\u00bb custom_padding__hover=\u00a0\u00bb|||\u00a0\u00bb][et_pb_text admin_label=\u00a0\u00bbTITRE\u00a0\u00bb _builder_version=\u00a0\u00bb4.16&Prime; z_index_tablet=\u00a0\u00bb500&Prime; global_colors_info=\u00a0\u00bb{}\u00a0\u00bb]<h2 style=\"text-align: center;\"><strong>D\u00c9COUVREZ MAINTENANT LES RAISONS <\/strong><strong>QUI FONT DE NOUS UN PARTENAIRE D\u2019EXCEPTION!<\/strong><\/h2>\r[\/et_pb_text][et_pb_button button_url=\u00a0\u00bb\/fr\/pourquoi-cep\/\u00a0\u00bb button_text=\u00a0\u00bbPOURQUOI CEP?\u00a0\u00bb button_alignment=\u00a0\u00bbcenter\u00a0\u00bb admin_label=\u00a0\u00bbPOURQUOI CEP?\u00a0\u00bb _builder_version=\u00a0\u00bb4.16&Prime; z_index_tablet=\u00a0\u00bb500&Prime; global_colors_info=\u00a0\u00bb{}\u00a0\u00bb][\/et_pb_button][\/et_pb_column][\/et_pb_row][\/et_pb_section]","protected":false},"excerpt":{"rendered":"<p>CAS DECATASTROPHE Inondations, glissements de terrain, tremblements de terre, temp\u00eates hivernales causant des dommages, tornades ou vents violents, incendies ou explosions: en cas de catastrophe naturelle, une intervention rapide et efficace est essentielle.CAS DE CATASTROPHESInondations, glissements de terrain, tremblements de terre, temp\u00eates hivernales causant des dommages, tornades ou vents violents, incendies ou explosions: en cas [&hellip;]<\/p>\n","protected":false},"author":1,"featured_media":0,"parent":12854,"menu_order":0,"comment_status":"closed","ping_status":"closed","template":"","meta":{"_acf_changed":false,"_et_pb_use_builder":"on","_et_pb_old_content":"","_et_gb_content_width":"","footnotes":""},"service-specialise":[],"class_list":["post-17777","page","type-page","status-publish","hentry"],"acf":[],"yoast_head":"<!-- This site is optimized with the Yoast SEO plugin v27.2 - https:\/\/yoast.com\/product\/yoast-seo-wordpress\/ -->\n<title>Cas de catastrophes - CEP Forensique<\/title>\n<meta name=\"robots\" content=\"index, follow, max-snippet:-1, max-image-preview:large, max-video-preview:-1\" \/>\n<link rel=\"canonical\" href=\"https:\/\/cep-experts.ca\/fr\/expertise-specialisee\/cas-de-catastrophes\/\" \/>\n<meta property=\"og:locale\" content=\"fr_CA\" \/>\n<meta property=\"og:type\" content=\"article\" \/>\n<meta property=\"og:title\" content=\"Cas de catastrophes - CEP Forensique\" \/>\n<meta property=\"og:description\" content=\"CAS DECATASTROPHE Inondations, glissements de terrain, tremblements de terre, temp\u00eates hivernales causant des dommages, tornades ou vents violents, incendies ou explosions: en cas de catastrophe naturelle, une intervention rapide et efficace est essentielle.CAS DE CATASTROPHESInondations, glissements de terrain, tremblements de terre, temp\u00eates hivernales causant des dommages, tornades ou vents violents, incendies ou explosions: en cas [&hellip;]\" \/>\n<meta property=\"og:url\" content=\"https:\/\/cep-experts.ca\/fr\/expertise-specialisee\/cas-de-catastrophes\/\" \/>\n<meta property=\"og:site_name\" content=\"CEP Forensique\" \/>\n<meta property=\"article:modified_time\" content=\"2024-06-06T20:23:55+00:00\" \/>\n<meta property=\"og:image\" content=\"https:\/\/cep-experts.ca\/wp-content\/uploads\/2019\/04\/acceuil-finale.jpg\" \/>\n\t<meta property=\"og:image:width\" content=\"1920\" \/>\n\t<meta property=\"og:image:height\" content=\"700\" \/>\n\t<meta property=\"og:image:type\" content=\"image\/jpeg\" \/>\n<meta name=\"twitter:card\" content=\"summary_large_image\" \/>\n<meta name=\"twitter:label1\" content=\"Estimation du temps de lecture\" \/>\n\t<meta name=\"twitter:data1\" content=\"2 minutes\" \/>\n<script type=\"application\/ld+json\" class=\"yoast-schema-graph\">{\"@context\":\"https:\/\/schema.org\",\"@graph\":[{\"@type\":\"WebPage\",\"@id\":\"https:\/\/cep-experts.ca\/fr\/expertise-specialisee\/cas-de-catastrophes\/\",\"url\":\"https:\/\/cep-experts.ca\/fr\/expertise-specialisee\/cas-de-catastrophes\/\",\"name\":\"Cas de catastrophes - CEP Forensique\",\"isPartOf\":{\"@id\":\"https:\/\/cep-experts.ca\/fr\/#website\"},\"datePublished\":\"2022-09-09T14:35:09+00:00\",\"dateModified\":\"2024-06-06T20:23:55+00:00\",\"breadcrumb\":{\"@id\":\"https:\/\/cep-experts.ca\/fr\/expertise-specialisee\/cas-de-catastrophes\/#breadcrumb\"},\"inLanguage\":\"fr-CA\",\"potentialAction\":[{\"@type\":\"ReadAction\",\"target\":[\"https:\/\/cep-experts.ca\/fr\/expertise-specialisee\/cas-de-catastrophes\/\"]}]},{\"@type\":\"BreadcrumbList\",\"@id\":\"https:\/\/cep-experts.ca\/fr\/expertise-specialisee\/cas-de-catastrophes\/#breadcrumb\",\"itemListElement\":[{\"@type\":\"ListItem\",\"position\":1,\"name\":\"Accueil\",\"item\":\"https:\/\/cep-experts.ca\/fr\/\"},{\"@type\":\"ListItem\",\"position\":2,\"name\":\"Expertise sp\u00e9cialis\u00e9e\",\"item\":\"https:\/\/cep-experts.ca\/fr\/expertise-specialisee\/\"},{\"@type\":\"ListItem\",\"position\":3,\"name\":\"Cas de catastrophes\"}]},{\"@type\":\"WebSite\",\"@id\":\"https:\/\/cep-experts.ca\/fr\/#website\",\"url\":\"https:\/\/cep-experts.ca\/fr\/\",\"name\":\"CEP Forensique\",\"description\":\"\",\"potentialAction\":[{\"@type\":\"SearchAction\",\"target\":{\"@type\":\"EntryPoint\",\"urlTemplate\":\"https:\/\/cep-experts.ca\/fr\/?s={search_term_string}\"},\"query-input\":{\"@type\":\"PropertyValueSpecification\",\"valueRequired\":true,\"valueName\":\"search_term_string\"}}],\"inLanguage\":\"fr-CA\"}]}<\/script>\n<!-- \/ Yoast SEO plugin. -->","yoast_head_json":{"title":"Cas de catastrophes - CEP Forensique","robots":{"index":"index","follow":"follow","max-snippet":"max-snippet:-1","max-image-preview":"max-image-preview:large","max-video-preview":"max-video-preview:-1"},"canonical":"https:\/\/cep-experts.ca\/fr\/expertise-specialisee\/cas-de-catastrophes\/","og_locale":"fr_CA","og_type":"article","og_title":"Cas de catastrophes - CEP Forensique","og_description":"CAS DECATASTROPHE Inondations, glissements de terrain, tremblements de terre, temp\u00eates hivernales causant des dommages, tornades ou vents violents, incendies ou explosions: en cas de catastrophe naturelle, une intervention rapide et efficace est essentielle.CAS DE CATASTROPHESInondations, glissements de terrain, tremblements de terre, temp\u00eates hivernales causant des dommages, tornades ou vents violents, incendies ou explosions: en cas [&hellip;]","og_url":"https:\/\/cep-experts.ca\/fr\/expertise-specialisee\/cas-de-catastrophes\/","og_site_name":"CEP Forensique","article_modified_time":"2024-06-06T20:23:55+00:00","og_image":[{"width":1920,"height":700,"url":"https:\/\/cep-experts.ca\/wp-content\/uploads\/2019\/04\/acceuil-finale.jpg","type":"image\/jpeg"}],"twitter_card":"summary_large_image","twitter_misc":{"Estimation du temps de lecture":"2 minutes"},"schema":{"@context":"https:\/\/schema.org","@graph":[{"@type":"WebPage","@id":"https:\/\/cep-experts.ca\/fr\/expertise-specialisee\/cas-de-catastrophes\/","url":"https:\/\/cep-experts.ca\/fr\/expertise-specialisee\/cas-de-catastrophes\/","name":"Cas de catastrophes - CEP Forensique","isPartOf":{"@id":"https:\/\/cep-experts.ca\/fr\/#website"},"datePublished":"2022-09-09T14:35:09+00:00","dateModified":"2024-06-06T20:23:55+00:00","breadcrumb":{"@id":"https:\/\/cep-experts.ca\/fr\/expertise-specialisee\/cas-de-catastrophes\/#breadcrumb"},"inLanguage":"fr-CA","potentialAction":[{"@type":"ReadAction","target":["https:\/\/cep-experts.ca\/fr\/expertise-specialisee\/cas-de-catastrophes\/"]}]},{"@type":"BreadcrumbList","@id":"https:\/\/cep-experts.ca\/fr\/expertise-specialisee\/cas-de-catastrophes\/#breadcrumb","itemListElement":[{"@type":"ListItem","position":1,"name":"Accueil","item":"https:\/\/cep-experts.ca\/fr\/"},{"@type":"ListItem","position":2,"name":"Expertise sp\u00e9cialis\u00e9e","item":"https:\/\/cep-experts.ca\/fr\/expertise-specialisee\/"},{"@type":"ListItem","position":3,"name":"Cas de catastrophes"}]},{"@type":"WebSite","@id":"https:\/\/cep-experts.ca\/fr\/#website","url":"https:\/\/cep-experts.ca\/fr\/","name":"CEP Forensique","description":"","potentialAction":[{"@type":"SearchAction","target":{"@type":"EntryPoint","urlTemplate":"https:\/\/cep-experts.ca\/fr\/?s={search_term_string}"},"query-input":{"@type":"PropertyValueSpecification","valueRequired":true,"valueName":"search_term_string"}}],"inLanguage":"fr-CA"}]}},"_links":{"self":[{"href":"https:\/\/cep-experts.ca\/fr\/wp-json\/wp\/v2\/pages\/17777","targetHints":{"allow":["GET"]}}],"collection":[{"href":"https:\/\/cep-experts.ca\/fr\/wp-json\/wp\/v2\/pages"}],"about":[{"href":"https:\/\/cep-experts.ca\/fr\/wp-json\/wp\/v2\/types\/page"}],"author":[{"embeddable":true,"href":"https:\/\/cep-experts.ca\/fr\/wp-json\/wp\/v2\/users\/1"}],"replies":[{"embeddable":true,"href":"https:\/\/cep-experts.ca\/fr\/wp-json\/wp\/v2\/comments?post=17777"}],"version-history":[{"count":0,"href":"https:\/\/cep-experts.ca\/fr\/wp-json\/wp\/v2\/pages\/17777\/revisions"}],"up":[{"embeddable":true,"href":"https:\/\/cep-experts.ca\/fr\/wp-json\/wp\/v2\/pages\/12854"}],"wp:attachment":[{"href":"https:\/\/cep-experts.ca\/fr\/wp-json\/wp\/v2\/media?parent=17777"}],"wp:term":[{"taxonomy":"service-specialise","embeddable":true,"href":"https:\/\/cep-experts.ca\/fr\/wp-json\/wp\/v2\/service-specialise?post=17777"}],"curies":[{"name":"wp","href":"https:\/\/api.w.org\/{rel}","templated":true}]}}