{"id":20893,"date":"2023-04-18T14:41:55","date_gmt":"2023-04-18T18:41:55","guid":{"rendered":"https:\/\/cep-experts.ca\/?page_id=20893"},"modified":"2025-04-16T13:04:51","modified_gmt":"2025-04-16T17:04:51","slug":"certification-iso","status":"publish","type":"page","link":"https:\/\/cep-experts.ca\/fr\/a-propos\/certification-iso\/","title":{"rendered":"Assurance qualit\u00e9"},"content":{"rendered":"\t\t<div class=\"et_pb_section et_pb_with_background et_section_regular breadcrumbs_section\">\r\n\t\t\t<div class=\" et_pb_row breadcrumbs_row\">\r\n\t\t\t\t<div class=\"et_pb_column et_pb_column_4_4 breadcrumbs_column\">\r\n\t\t\t\t\t<div class=\"et_pb_code et_pb_module breadcrumbs_module\">\r\n\t\t\t\t\t\t<span><span><a href=\"https:\/\/cep-experts.ca\/fr\/\">Accueil<\/a><\/span><\/span>\t\t\t\t\t<\/div> <!-- .et_pb_code -->\r\n\t\t\t\t<\/div> <!-- .et_pb_column -->\r\n\t\t\t<\/div> <!-- .et_pb_row -->\r\n\t\t<\/div>\r\n\t[et_pb_section fb_built=\u00a0\u00bb1&Prime; _builder_version=\u00a0\u00bb4.16&Prime; global_colors_info=\u00a0\u00bb{}\u00a0\u00bb][et_pb_row _builder_version=\u00a0\u00bb4.16&Prime; max_width=\u00a0\u00bb800&Prime; z_index_tablet=\u00a0\u00bb500&Prime; use_custom_width=\u00a0\u00bbon\u00a0\u00bb custom_width_px=\u00a0\u00bb800&Prime; global_colors_info=\u00a0\u00bb{}\u00a0\u00bb][et_pb_column type=\u00a0\u00bb4_4&Prime; _builder_version=\u00a0\u00bb4.16&Prime; custom_padding=\u00a0\u00bb|||\u00a0\u00bb global_colors_info=\u00a0\u00bb{}\u00a0\u00bb custom_padding__hover=\u00a0\u00bb|||\u00a0\u00bb][et_pb_text admin_label=\u00a0\u00bbTITRE + PETIT TEXTE\u00a0\u00bb _builder_version=\u00a0\u00bb4.20.0&Prime; header_font=\u00a0\u00bb|700||on|||||\u00a0\u00bb header_2_font=\u00a0\u00bb|||on|||||\u00a0\u00bb header_3_font=\u00a0\u00bb|||on|||||\u00a0\u00bb z_index_tablet=\u00a0\u00bb500&Prime; global_colors_info=\u00a0\u00bb{}\u00a0\u00bb]<h1 style=\"text-align: center;\"><strong>La promesse d\u2019assurance qualit\u00e9 de CEP<\/strong><\/h1>\n<h2 style=\"text-align: center;\"><strong>Notre certification ISO au service de votre paix d\u2019esprit<\/strong><\/h2>[\/et_pb_text][\/et_pb_column][\/et_pb_row][\/et_pb_section][et_pb_section fb_built=\u00a0\u00bb1&Prime; _builder_version=\u00a0\u00bb4.16&Prime; background_color=\u00a0\u00bb#ededed\u00a0\u00bb background_image=\u00a0\u00bbhttps:\/\/cep-experts.ca\/wp-content\/uploads\/2019\/03\/bg-sous-services.svg\u00a0\u00bb z_index_tablet=\u00a0\u00bb500&Prime; global_colors_info=\u00a0\u00bb{}\u00a0\u00bb][et_pb_row disabled_on=\u00a0\u00bbon|on|on\u00a0\u00bb _builder_version=\u00a0\u00bb4.16&Prime; custom_padding=\u00a0\u00bb||0px|\u00a0\u00bb z_index_tablet=\u00a0\u00bb500&Prime; disabled=\u00a0\u00bbon\u00a0\u00bb global_colors_info=\u00a0\u00bb{}\u00a0\u00bb][et_pb_column type=\u00a0\u00bb4_4&Prime; _builder_version=\u00a0\u00bb4.16&Prime; custom_padding=\u00a0\u00bb|||\u00a0\u00bb global_colors_info=\u00a0\u00bb{}\u00a0\u00bb custom_padding__hover=\u00a0\u00bb|||\u00a0\u00bb][et_pb_image src=\u00a0\u00bbhttps:\/\/cep-experts.ca\/wp-content\/uploads\/2019\/03\/bois.jpg\u00a0\u00bb align=\u00a0\u00bbcenter\u00a0\u00bb align_tablet=\u00a0\u00bbcenter\u00a0\u00bb align_phone=\u00a0\u00bbcenter\u00a0\u00bb align_last_edited=\u00a0\u00bbon|desktop\u00a0\u00bb admin_label=\u00a0\u00bbImage selon la cliente\u00a0\u00bb _builder_version=\u00a0\u00bb4.16&Prime; max_width=\u00a0\u00bb400px\u00a0\u00bb z_index_tablet=\u00a0\u00bb500&Prime; global_colors_info=\u00a0\u00bb{}\u00a0\u00bb][\/et_pb_image][\/et_pb_column][\/et_pb_row][et_pb_row module_class=\u00a0\u00bbmobile-left\u00a0\u00bb _builder_version=\u00a0\u00bb4.16&Prime; background_color=\u00a0\u00bb#ffffff\u00a0\u00bb custom_margin=\u00a0\u00bb40px||40px|\u00a0\u00bb custom_margin_tablet=\u00a0\u00bb\u00a0\u00bb custom_margin_phone=\u00a0\u00bb20px||20px|\u00a0\u00bb custom_margin_last_edited=\u00a0\u00bbon|phone\u00a0\u00bb custom_padding=\u00a0\u00bb40px|5%|40px|5%\u00a0\u00bb z_index_tablet=\u00a0\u00bb500&Prime; border_radii=\u00a0\u00bbon|15px|15px|15px|15px\u00a0\u00bb box_shadow_style=\u00a0\u00bbpreset1&Prime; box_shadow_color=\u00a0\u00bbrgba(0,0,0,0.2)\u00a0\u00bb global_colors_info=\u00a0\u00bb{}\u00a0\u00bb][et_pb_column type=\u00a0\u00bb4_4&Prime; _builder_version=\u00a0\u00bb4.16&Prime; custom_padding=\u00a0\u00bb|||\u00a0\u00bb global_colors_info=\u00a0\u00bb{}\u00a0\u00bb custom_padding__hover=\u00a0\u00bb|||\u00a0\u00bb][et_pb_text _builder_version=\u00a0\u00bb4.27.4&Prime; header_2_font=\u00a0\u00bb|||on|||||\u00a0\u00bb header_3_font=\u00a0\u00bb|||on|||||\u00a0\u00bb hover_enabled=\u00a0\u00bb0&Prime; z_index_tablet=\u00a0\u00bb500&Prime; global_colors_info=\u00a0\u00bb{}\u00a0\u00bb sticky_enabled=\u00a0\u00bb0&Prime;]<p>Chez CEP Forensique, la qualit\u00e9 est notre priorit\u00e9 absolue et l\u2019assurance fondamentale d\u2019obtenir des services qui d\u00e9passent continuellement vos attentes. Notre <a href=\"https:\/\/cep-experts.ca\/wp-content\/uploads\/2025\/04\/cep-forensic-inc-939502-sgs-iso-9001-2015-caqu2-819944417-en-fr.pdf\">certification ISO 9001:2015<\/a> t\u00e9moigne de notre int\u00e9grit\u00e9 et valide notre engagement en mati\u00e8re d&rsquo;assurance qualit\u00e9.<\/p>\n<p>En tant qu&rsquo;entreprise soucieuse de la qualit\u00e9, nous nous engageons \u00e0 :<\/p>\n<ul>\n<li>Fournir des services de haute qualit\u00e9 et qui r\u00e9pondent aux besoins et aux attentes de nos clients en mati\u00e8re de qualit\u00e9, d&rsquo;int\u00e9grit\u00e9, de fiabilit\u00e9 et de s\u00e9curit\u00e9;<\/li>\n<li>Optimiser de mani\u00e8re constante nos processus et nos services;<\/li>\n<li>Maintenir un programme d&rsquo;am\u00e9lioration continue hautement structur\u00e9, fond\u00e9 sur le contr\u00f4le et la gestion de la qualit\u00e9 totale, afin d\u2019appuyer notre orientation strat\u00e9gique;<\/li>\n<li>Respecter les exigences r\u00e9glementaires, ainsi que les normes et codes internationaux applicables;<\/li>\n<li>Proc\u00e9der \u00e0 des examens de gestion de la qualit\u00e9, afin d&rsquo;\u00e9valuer les performances;<\/li>\n<li>Fournir l&rsquo;expertise et les ressources n\u00e9cessaires pour communiquer efficacement, assurer une formation sp\u00e9cialis\u00e9e, fixer des objectifs et des buts, et r\u00e9aliser des audits de performance.<\/li>\n<\/ul>\n<p>La certification ISO 9001 fournit une structure centr\u00e9e sur le client, ce qui nous permet de garantir des niveaux de qualit\u00e9 sup\u00e9rieure dans l&rsquo;ensemble de nos services. En am\u00e9liorant continuellement nos syst\u00e8mes, en standardisant nos processus et en offrant des formations avanc\u00e9es, nous sommes en mesure de fournir des services et des r\u00e9sultats qui d\u00e9passent les normes de l&rsquo;industrie. Notre syst\u00e8me de gestion de la qualit\u00e9 nous permet d&rsquo;am\u00e9liorer nos processus d&rsquo;assurance qualit\u00e9, ce qui garantit la pr\u00e9cision, l&rsquo;exactitude, et la fiabilit\u00e9 de nos r\u00e9sultats.<\/p>[\/et_pb_text][\/et_pb_column][\/et_pb_row][\/et_pb_section][et_pb_section fb_built=\u00a0\u00bb1&Prime; _builder_version=\u00a0\u00bb4.16&Prime; z_index_tablet=\u00a0\u00bb500&Prime; global_colors_info=\u00a0\u00bb{}\u00a0\u00bb][et_pb_row _builder_version=\u00a0\u00bb4.16&Prime; max_width=\u00a0\u00bb750px\u00a0\u00bb z_index_tablet=\u00a0\u00bb500&Prime; use_custom_width=\u00a0\u00bbon\u00a0\u00bb custom_width_px=\u00a0\u00bb750px\u00a0\u00bb global_colors_info=\u00a0\u00bb{}\u00a0\u00bb][et_pb_column type=\u00a0\u00bb4_4&Prime; _builder_version=\u00a0\u00bb4.16&Prime; custom_padding=\u00a0\u00bb|||\u00a0\u00bb global_colors_info=\u00a0\u00bb{}\u00a0\u00bb custom_padding__hover=\u00a0\u00bb|||\u00a0\u00bb][et_pb_text admin_label=\u00a0\u00bbD\u00e9couvrez ce qui fait de nous le partenaire id\u00e9al\u00a0\u00bb _builder_version=\u00a0\u00bb4.20.0&Prime; z_index_tablet=\u00a0\u00bb500&Prime; global_colors_info=\u00a0\u00bb{}\u00a0\u00bb]&nbsp;\n<h3 style=\"text-align: center;\"><strong>D\u00c9COUVREZ CE QUI FAIT DE NOUS LE PARTENAIRE ID\u00c9AL<\/strong><\/h3>\n&nbsp;[\/et_pb_text][et_pb_button button_url=\u00a0\u00bb\/fr\/pourquoi-cep\/\u00a0\u00bb button_text=\u00a0\u00bbPOURQUOI CEP?\u00a0\u00bb button_alignment=\u00a0\u00bbcenter\u00a0\u00bb admin_label=\u00a0\u00bbPOURQUOI CEP?\u00a0\u00bb _builder_version=\u00a0\u00bb4.20.0&Prime; z_index_tablet=\u00a0\u00bb500&Prime; global_colors_info=\u00a0\u00bb{}\u00a0\u00bb][\/et_pb_button][\/et_pb_column][\/et_pb_row][\/et_pb_section]","protected":false},"excerpt":{"rendered":"<p>La promesse d\u2019assurance qualit\u00e9 de CEP Notre certification ISO au service de votre paix d\u2019espritChez CEP Forensique, la qualit\u00e9 est notre priorit\u00e9 absolue et l\u2019assurance fondamentale d\u2019obtenir des services qui d\u00e9passent continuellement vos attentes. Notre certification ISO 9001:2015 t\u00e9moigne de notre int\u00e9grit\u00e9 et valide notre engagement en mati\u00e8re d&rsquo;assurance qualit\u00e9. En tant qu&rsquo;entreprise soucieuse de [&hellip;]<\/p>\n","protected":false},"author":1,"featured_media":0,"parent":23875,"menu_order":0,"comment_status":"closed","ping_status":"closed","template":"","meta":{"_acf_changed":false,"_et_pb_use_builder":"on","_et_pb_old_content":"","_et_gb_content_width":"","footnotes":""},"service-specialise":[],"class_list":["post-20893","page","type-page","status-publish","hentry"],"acf":[],"yoast_head":"<!-- This site is optimized with the Yoast SEO plugin v27.2 - https:\/\/yoast.com\/product\/yoast-seo-wordpress\/ -->\n<title>Assurance qualit\u00e9 pour votre tranquillit\u00e9 d&#039;esprit | CEP Forensique<\/title>\n<meta name=\"description\" content=\"Chez CEP Forensique, nous prenons l&#039;assurance qualit\u00e9 au s\u00e9rieux, garantissant des r\u00e9sultats qui d\u00e9passent toutes les attentes.\" \/>\n<meta name=\"robots\" content=\"index, follow, max-snippet:-1, max-image-preview:large, max-video-preview:-1\" \/>\n<link rel=\"canonical\" href=\"https:\/\/cep-experts.ca\/fr\/a-propos\/certification-iso\/\" \/>\n<meta property=\"og:locale\" content=\"fr_CA\" \/>\n<meta property=\"og:type\" content=\"article\" \/>\n<meta property=\"og:title\" content=\"Assurance qualit\u00e9 pour votre tranquillit\u00e9 d&#039;esprit | CEP Forensique\" \/>\n<meta property=\"og:description\" content=\"Chez CEP Forensique, nous prenons l&#039;assurance qualit\u00e9 au s\u00e9rieux, garantissant des r\u00e9sultats qui d\u00e9passent toutes les attentes.\" \/>\n<meta property=\"og:url\" content=\"https:\/\/cep-experts.ca\/fr\/a-propos\/certification-iso\/\" \/>\n<meta property=\"og:site_name\" content=\"CEP Forensique\" \/>\n<meta property=\"article:modified_time\" content=\"2025-04-16T17:04:51+00:00\" \/>\n<meta property=\"og:image\" content=\"https:\/\/cep-experts.ca\/wp-content\/uploads\/2019\/04\/acceuil-finale.jpg\" \/>\n\t<meta property=\"og:image:width\" content=\"1920\" \/>\n\t<meta property=\"og:image:height\" content=\"700\" \/>\n\t<meta property=\"og:image:type\" content=\"image\/jpeg\" \/>\n<meta name=\"twitter:card\" content=\"summary_large_image\" \/>\n<meta name=\"twitter:label1\" content=\"Estimation du temps de lecture\" \/>\n\t<meta name=\"twitter:data1\" content=\"2 minutes\" \/>\n<script type=\"application\/ld+json\" class=\"yoast-schema-graph\">{\"@context\":\"https:\/\/schema.org\",\"@graph\":[{\"@type\":\"WebPage\",\"@id\":\"https:\/\/cep-experts.ca\/fr\/a-propos\/certification-iso\/\",\"url\":\"https:\/\/cep-experts.ca\/fr\/a-propos\/certification-iso\/\",\"name\":\"Assurance qualit\u00e9 pour votre tranquillit\u00e9 d'esprit | CEP Forensique\",\"isPartOf\":{\"@id\":\"https:\/\/cep-experts.ca\/fr\/#website\"},\"datePublished\":\"2023-04-18T18:41:55+00:00\",\"dateModified\":\"2025-04-16T17:04:51+00:00\",\"description\":\"Chez CEP Forensique, nous prenons l'assurance qualit\u00e9 au s\u00e9rieux, garantissant des r\u00e9sultats qui d\u00e9passent toutes les attentes.\",\"breadcrumb\":{\"@id\":\"https:\/\/cep-experts.ca\/fr\/a-propos\/certification-iso\/#breadcrumb\"},\"inLanguage\":\"fr-CA\",\"potentialAction\":[{\"@type\":\"ReadAction\",\"target\":[\"https:\/\/cep-experts.ca\/fr\/a-propos\/certification-iso\/\"]}]},{\"@type\":\"BreadcrumbList\",\"@id\":\"https:\/\/cep-experts.ca\/fr\/a-propos\/certification-iso\/#breadcrumb\",\"itemListElement\":[{\"@type\":\"ListItem\",\"position\":1,\"name\":\"Accueil\",\"item\":\"https:\/\/cep-experts.ca\/fr\/\"},{\"@type\":\"ListItem\",\"position\":2,\"name\":\"\u00c0 propos\",\"item\":\"https:\/\/cep-experts.ca\/fr\/a-propos\/\"},{\"@type\":\"ListItem\",\"position\":3,\"name\":\"Assurance qualit\u00e9\"}]},{\"@type\":\"WebSite\",\"@id\":\"https:\/\/cep-experts.ca\/fr\/#website\",\"url\":\"https:\/\/cep-experts.ca\/fr\/\",\"name\":\"CEP Forensique\",\"description\":\"\",\"potentialAction\":[{\"@type\":\"SearchAction\",\"target\":{\"@type\":\"EntryPoint\",\"urlTemplate\":\"https:\/\/cep-experts.ca\/fr\/?s={search_term_string}\"},\"query-input\":{\"@type\":\"PropertyValueSpecification\",\"valueRequired\":true,\"valueName\":\"search_term_string\"}}],\"inLanguage\":\"fr-CA\"}]}<\/script>\n<!-- \/ Yoast SEO plugin. -->","yoast_head_json":{"title":"Assurance qualit\u00e9 pour votre tranquillit\u00e9 d'esprit | CEP Forensique","description":"Chez CEP Forensique, nous prenons l'assurance qualit\u00e9 au s\u00e9rieux, garantissant des r\u00e9sultats qui d\u00e9passent toutes les attentes.","robots":{"index":"index","follow":"follow","max-snippet":"max-snippet:-1","max-image-preview":"max-image-preview:large","max-video-preview":"max-video-preview:-1"},"canonical":"https:\/\/cep-experts.ca\/fr\/a-propos\/certification-iso\/","og_locale":"fr_CA","og_type":"article","og_title":"Assurance qualit\u00e9 pour votre tranquillit\u00e9 d'esprit | CEP Forensique","og_description":"Chez CEP Forensique, nous prenons l'assurance qualit\u00e9 au s\u00e9rieux, garantissant des r\u00e9sultats qui d\u00e9passent toutes les attentes.","og_url":"https:\/\/cep-experts.ca\/fr\/a-propos\/certification-iso\/","og_site_name":"CEP Forensique","article_modified_time":"2025-04-16T17:04:51+00:00","og_image":[{"width":1920,"height":700,"url":"https:\/\/cep-experts.ca\/wp-content\/uploads\/2019\/04\/acceuil-finale.jpg","type":"image\/jpeg"}],"twitter_card":"summary_large_image","twitter_misc":{"Estimation du temps de lecture":"2 minutes"},"schema":{"@context":"https:\/\/schema.org","@graph":[{"@type":"WebPage","@id":"https:\/\/cep-experts.ca\/fr\/a-propos\/certification-iso\/","url":"https:\/\/cep-experts.ca\/fr\/a-propos\/certification-iso\/","name":"Assurance qualit\u00e9 pour votre tranquillit\u00e9 d'esprit | CEP Forensique","isPartOf":{"@id":"https:\/\/cep-experts.ca\/fr\/#website"},"datePublished":"2023-04-18T18:41:55+00:00","dateModified":"2025-04-16T17:04:51+00:00","description":"Chez CEP Forensique, nous prenons l'assurance qualit\u00e9 au s\u00e9rieux, garantissant des r\u00e9sultats qui d\u00e9passent toutes les attentes.","breadcrumb":{"@id":"https:\/\/cep-experts.ca\/fr\/a-propos\/certification-iso\/#breadcrumb"},"inLanguage":"fr-CA","potentialAction":[{"@type":"ReadAction","target":["https:\/\/cep-experts.ca\/fr\/a-propos\/certification-iso\/"]}]},{"@type":"BreadcrumbList","@id":"https:\/\/cep-experts.ca\/fr\/a-propos\/certification-iso\/#breadcrumb","itemListElement":[{"@type":"ListItem","position":1,"name":"Accueil","item":"https:\/\/cep-experts.ca\/fr\/"},{"@type":"ListItem","position":2,"name":"\u00c0 propos","item":"https:\/\/cep-experts.ca\/fr\/a-propos\/"},{"@type":"ListItem","position":3,"name":"Assurance qualit\u00e9"}]},{"@type":"WebSite","@id":"https:\/\/cep-experts.ca\/fr\/#website","url":"https:\/\/cep-experts.ca\/fr\/","name":"CEP Forensique","description":"","potentialAction":[{"@type":"SearchAction","target":{"@type":"EntryPoint","urlTemplate":"https:\/\/cep-experts.ca\/fr\/?s={search_term_string}"},"query-input":{"@type":"PropertyValueSpecification","valueRequired":true,"valueName":"search_term_string"}}],"inLanguage":"fr-CA"}]}},"_links":{"self":[{"href":"https:\/\/cep-experts.ca\/fr\/wp-json\/wp\/v2\/pages\/20893","targetHints":{"allow":["GET"]}}],"collection":[{"href":"https:\/\/cep-experts.ca\/fr\/wp-json\/wp\/v2\/pages"}],"about":[{"href":"https:\/\/cep-experts.ca\/fr\/wp-json\/wp\/v2\/types\/page"}],"author":[{"embeddable":true,"href":"https:\/\/cep-experts.ca\/fr\/wp-json\/wp\/v2\/users\/1"}],"replies":[{"embeddable":true,"href":"https:\/\/cep-experts.ca\/fr\/wp-json\/wp\/v2\/comments?post=20893"}],"version-history":[{"count":0,"href":"https:\/\/cep-experts.ca\/fr\/wp-json\/wp\/v2\/pages\/20893\/revisions"}],"up":[{"embeddable":true,"href":"https:\/\/cep-experts.ca\/fr\/wp-json\/wp\/v2\/pages\/23875"}],"wp:attachment":[{"href":"https:\/\/cep-experts.ca\/fr\/wp-json\/wp\/v2\/media?parent=20893"}],"wp:term":[{"taxonomy":"service-specialise","embeddable":true,"href":"https:\/\/cep-experts.ca\/fr\/wp-json\/wp\/v2\/service-specialise?post=20893"}],"curies":[{"name":"wp","href":"https:\/\/api.w.org\/{rel}","templated":true}]}}