{"id":4118,"date":"2019-07-29T11:43:24","date_gmt":"2019-07-29T15:43:24","guid":{"rendered":"https:\/\/cep-experts.ca\/?page_id=4118"},"modified":"2022-04-18T11:26:11","modified_gmt":"2022-04-18T15:26:11","slug":"introduction-aux-incendies-de-vehicule","status":"publish","type":"page","link":"https:\/\/cep-experts.ca\/fr\/ressources\/formations\/introduction-aux-incendies-de-vehicule\/","title":{"rendered":"Introduction aux incendies de v\u00e9hicule"},"content":{"rendered":"\t\t<div class=\"et_pb_section et_pb_with_background et_section_regular breadcrumbs_section\">\r\n\t\t\t<div class=\" et_pb_row breadcrumbs_row\">\r\n\t\t\t\t<div class=\"et_pb_column et_pb_column_4_4 breadcrumbs_column\">\r\n\t\t\t\t\t<div class=\"et_pb_code et_pb_module breadcrumbs_module\">\r\n\t\t\t\t\t\t<span><span><a href=\"https:\/\/cep-experts.ca\/fr\/\">Accueil<\/a><\/span><\/span>\t\t\t\t\t<\/div> <!-- .et_pb_code -->\r\n\t\t\t\t<\/div> <!-- .et_pb_column -->\r\n\t\t\t<\/div> <!-- .et_pb_row -->\r\n\t\t<\/div>\r\n\t[et_pb_section fb_built=\u00a0\u00bb1&Prime; _builder_version=\u00a0\u00bb3.22&Prime; background_color=\u00a0\u00bb#ededed\u00a0\u00bb background_image=\u00a0\u00bbhttps:\/\/cep-experts.ca\/wp-content\/uploads\/2019\/03\/bg-sous-services.svg\u00a0\u00bb z_index_tablet=\u00a0\u00bb500&Prime; global_colors_info=\u00a0\u00bb{}\u00a0\u00bb][et_pb_row disabled_on=\u00a0\u00bbon|on|on\u00a0\u00bb _builder_version=\u00a0\u00bb3.25&Prime; custom_padding=\u00a0\u00bb||0px|\u00a0\u00bb z_index_tablet=\u00a0\u00bb500&Prime; disabled=\u00a0\u00bbon\u00a0\u00bb global_colors_info=\u00a0\u00bb{}\u00a0\u00bb][et_pb_column type=\u00a0\u00bb4_4&Prime; _builder_version=\u00a0\u00bb3.25&Prime; custom_padding=\u00a0\u00bb|||\u00a0\u00bb global_colors_info=\u00a0\u00bb{}\u00a0\u00bb custom_padding__hover=\u00a0\u00bb|||\u00a0\u00bb][et_pb_image src=\u00a0\u00bbhttps:\/\/cep-experts.ca\/wp-content\/uploads\/2019\/03\/bois.jpg\u00a0\u00bb align=\u00a0\u00bbcenter\u00a0\u00bb align_tablet=\u00a0\u00bbcenter\u00a0\u00bb align_phone=\u00a0\u00bbcenter\u00a0\u00bb align_last_edited=\u00a0\u00bbon|desktop\u00a0\u00bb admin_label=\u00a0\u00bbImage selon la cliente\u00a0\u00bb _builder_version=\u00a0\u00bb3.23&Prime; max_width=\u00a0\u00bb400px\u00a0\u00bb z_index_tablet=\u00a0\u00bb500&Prime; global_colors_info=\u00a0\u00bb{}\u00a0\u00bb][\/et_pb_image][\/et_pb_column][\/et_pb_row][et_pb_row module_class=\u00a0\u00bbmobile-left\u00a0\u00bb _builder_version=\u00a0\u00bb3.25&Prime; background_color=\u00a0\u00bb#ffffff\u00a0\u00bb custom_margin=\u00a0\u00bb40px||40px|\u00a0\u00bb custom_margin_tablet=\u00a0\u00bb\u00a0\u00bb custom_margin_phone=\u00a0\u00bb20px||20px|\u00a0\u00bb custom_margin_last_edited=\u00a0\u00bbon|phone\u00a0\u00bb custom_padding=\u00a0\u00bb40px|5%|40px|5%\u00a0\u00bb z_index_tablet=\u00a0\u00bb500&Prime; border_radii=\u00a0\u00bbon|15px|15px|15px|15px\u00a0\u00bb box_shadow_style=\u00a0\u00bbpreset1&Prime; box_shadow_color=\u00a0\u00bbrgba(0,0,0,0.2)\u00a0\u00bb global_colors_info=\u00a0\u00bb{}\u00a0\u00bb][et_pb_column type=\u00a0\u00bb4_4&Prime; _builder_version=\u00a0\u00bb3.25&Prime; custom_padding=\u00a0\u00bb|||\u00a0\u00bb global_colors_info=\u00a0\u00bb{}\u00a0\u00bb custom_padding__hover=\u00a0\u00bb|||\u00a0\u00bb][et_pb_text _builder_version=\u00a0\u00bb4.13.0&Prime; header_2_font=\u00a0\u00bb|||on|||||\u00a0\u00bb header_3_font=\u00a0\u00bb|||on|||||\u00a0\u00bb hover_enabled=\u00a0\u00bb0&Prime; z_index_tablet=\u00a0\u00bb500&Prime; box_shadow_horizontal_tablet=\u00a0\u00bb0px\u00a0\u00bb box_shadow_vertical_tablet=\u00a0\u00bb0px\u00a0\u00bb box_shadow_blur_tablet=\u00a0\u00bb40px\u00a0\u00bb box_shadow_spread_tablet=\u00a0\u00bb0px\u00a0\u00bb global_colors_info=\u00a0\u00bb{}\u00a0\u00bb sticky_enabled=\u00a0\u00bb0&Prime;]<h1><strong>Introduction aux incendies de v\u00e9hicule<\/strong><\/h1>\n<p><strong>Formateurs :\u00a0<\/strong><a href=\"https:\/\/cep-experts.ca\/fr\/expert\/nicolas-rousseau\/\">Nicolas Rousseau, ing., CFEI, CVFI<\/a><br \/><strong>Accr\u00e9ditation :\u00a0<\/strong>ChAD AFC13129 (1 UFC)<\/p>\n<h3>Client\u00e8le vis\u00e9e<\/h3>\n<ul>\n<li>Experts en sinistres<\/li>\n<li>Avocats<\/li>\n<li>R\u00e9viseurs<\/li>\n<\/ul>\n<h3>Objectif g\u00e9n\u00e9ral<\/h3>\n<ul>\n<li>Familiariser le participant avec la terminologie propre \u00e0 l\u2019investigation des incendies de v\u00e9hicules.<\/li>\n<li>Conna\u00eetre les principaux composants d\u2019un v\u00e9hicule.<\/li>\n<li>Reconna\u00eetre les principaux indices physiques associ\u00e9s \u00e0 l\u2019origine et la cause des incendies de v\u00e9hicules.<\/li>\n<\/ul>\n<h3>Objectifs sp\u00e9cifiques<\/h3>\n<p>Le participant sera en mesure de\u00a0:<\/p>\n<ul>\n<li>Identifier, dans le cadre d\u2019une investigation, le type de v\u00e9hicule, ses composants m\u00e9caniques et ses composants \u00e9lectriques.<\/li>\n<li>Conna\u00eetre les principales m\u00e9thodes techniques pour situer l\u2019origine d\u2019un incendie de v\u00e9hicule.<\/li>\n<li>Savoir quelles sont les principales causes d\u2019incendie d\u2019un v\u00e9hicule moteur.<\/li>\n<li>Reconna\u00eetre les principaux indices reli\u00e9s \u00e0 un incendie de v\u00e9hicule de nature intentionnelle.<\/li>\n<\/ul>\n<h3>Dur\u00e9e<\/h3>\n<p>1 heure<\/p>\n<hr \/>\n<p>Pour plus d&rsquo;information, appelez-nous au 450-686-0240 (1 877 686-0240)<\/p>[\/et_pb_text][\/et_pb_column][\/et_pb_row][\/et_pb_section]","protected":false},"excerpt":{"rendered":"<p>Introduction aux incendies de v\u00e9hicule Formateurs :\u00a0Nicolas Rousseau, ing., CFEI, CVFIAccr\u00e9ditation :\u00a0ChAD AFC13129 (1 UFC) Client\u00e8le vis\u00e9e Experts en sinistres Avocats R\u00e9viseurs Objectif g\u00e9n\u00e9ral Familiariser le participant avec la terminologie propre \u00e0 l\u2019investigation des incendies de v\u00e9hicules. Conna\u00eetre les principaux composants d\u2019un v\u00e9hicule. Reconna\u00eetre les principaux indices physiques associ\u00e9s \u00e0 l\u2019origine et la cause des [&hellip;]<\/p>\n","protected":false},"author":4,"featured_media":0,"parent":1884,"menu_order":0,"comment_status":"closed","ping_status":"closed","template":"","meta":{"_acf_changed":false,"_et_pb_use_builder":"on","_et_pb_old_content":"","_et_gb_content_width":"","footnotes":""},"service-specialise":[],"class_list":["post-4118","page","type-page","status-publish","hentry"],"acf":[],"yoast_head":"<!-- This site is optimized with the Yoast SEO plugin v27.2 - https:\/\/yoast.com\/product\/yoast-seo-wordpress\/ -->\n<title>Introduction aux incendies de v\u00e9hicule - CEP Forensique<\/title>\n<meta name=\"robots\" content=\"index, follow, max-snippet:-1, max-image-preview:large, max-video-preview:-1\" \/>\n<link rel=\"canonical\" href=\"https:\/\/cep-experts.ca\/fr\/ressources\/formations\/introduction-aux-incendies-de-vehicule\/\" \/>\n<meta property=\"og:locale\" content=\"fr_CA\" \/>\n<meta property=\"og:type\" content=\"article\" \/>\n<meta property=\"og:title\" content=\"Introduction aux incendies de v\u00e9hicule - CEP Forensique\" \/>\n<meta property=\"og:description\" content=\"Introduction aux incendies de v\u00e9hicule Formateurs :\u00a0Nicolas Rousseau, ing., CFEI, CVFIAccr\u00e9ditation :\u00a0ChAD AFC13129 (1 UFC) Client\u00e8le vis\u00e9e Experts en sinistres Avocats R\u00e9viseurs Objectif g\u00e9n\u00e9ral Familiariser le participant avec la terminologie propre \u00e0 l\u2019investigation des incendies de v\u00e9hicules. Conna\u00eetre les principaux composants d\u2019un v\u00e9hicule. Reconna\u00eetre les principaux indices physiques associ\u00e9s \u00e0 l\u2019origine et la cause des [&hellip;]\" \/>\n<meta property=\"og:url\" content=\"https:\/\/cep-experts.ca\/fr\/ressources\/formations\/introduction-aux-incendies-de-vehicule\/\" \/>\n<meta property=\"og:site_name\" content=\"CEP Forensique\" \/>\n<meta property=\"article:modified_time\" content=\"2022-04-18T15:26:11+00:00\" \/>\n<meta property=\"og:image\" content=\"https:\/\/cep-experts.ca\/wp-content\/uploads\/2019\/04\/acceuil-finale.jpg\" \/>\n\t<meta property=\"og:image:width\" content=\"1920\" \/>\n\t<meta property=\"og:image:height\" content=\"700\" \/>\n\t<meta property=\"og:image:type\" content=\"image\/jpeg\" \/>\n<meta name=\"twitter:card\" content=\"summary_large_image\" \/>\n<meta name=\"twitter:label1\" content=\"Estimation du temps de lecture\" \/>\n\t<meta name=\"twitter:data1\" content=\"2 minutes\" \/>\n<script type=\"application\/ld+json\" class=\"yoast-schema-graph\">{\"@context\":\"https:\/\/schema.org\",\"@graph\":[{\"@type\":\"WebPage\",\"@id\":\"https:\/\/cep-experts.ca\/fr\/ressources\/formations\/introduction-aux-incendies-de-vehicule\/\",\"url\":\"https:\/\/cep-experts.ca\/fr\/ressources\/formations\/introduction-aux-incendies-de-vehicule\/\",\"name\":\"Introduction aux incendies de v\u00e9hicule - CEP Forensique\",\"isPartOf\":{\"@id\":\"https:\/\/cep-experts.ca\/fr\/#website\"},\"datePublished\":\"2019-07-29T15:43:24+00:00\",\"dateModified\":\"2022-04-18T15:26:11+00:00\",\"breadcrumb\":{\"@id\":\"https:\/\/cep-experts.ca\/fr\/ressources\/formations\/introduction-aux-incendies-de-vehicule\/#breadcrumb\"},\"inLanguage\":\"fr-CA\",\"potentialAction\":[{\"@type\":\"ReadAction\",\"target\":[\"https:\/\/cep-experts.ca\/fr\/ressources\/formations\/introduction-aux-incendies-de-vehicule\/\"]}]},{\"@type\":\"BreadcrumbList\",\"@id\":\"https:\/\/cep-experts.ca\/fr\/ressources\/formations\/introduction-aux-incendies-de-vehicule\/#breadcrumb\",\"itemListElement\":[{\"@type\":\"ListItem\",\"position\":1,\"name\":\"Accueil\",\"item\":\"https:\/\/cep-experts.ca\/fr\/\"},{\"@type\":\"ListItem\",\"position\":2,\"name\":\"Ressources\",\"item\":\"https:\/\/cep-experts.ca\/fr\/ressources\/\"},{\"@type\":\"ListItem\",\"position\":3,\"name\":\"Formations\",\"item\":\"https:\/\/cep-experts.ca\/fr\/?page_id=1884\"},{\"@type\":\"ListItem\",\"position\":4,\"name\":\"Introduction aux incendies de v\u00e9hicule\"}]},{\"@type\":\"WebSite\",\"@id\":\"https:\/\/cep-experts.ca\/fr\/#website\",\"url\":\"https:\/\/cep-experts.ca\/fr\/\",\"name\":\"CEP Forensique\",\"description\":\"\",\"potentialAction\":[{\"@type\":\"SearchAction\",\"target\":{\"@type\":\"EntryPoint\",\"urlTemplate\":\"https:\/\/cep-experts.ca\/fr\/?s={search_term_string}\"},\"query-input\":{\"@type\":\"PropertyValueSpecification\",\"valueRequired\":true,\"valueName\":\"search_term_string\"}}],\"inLanguage\":\"fr-CA\"}]}<\/script>\n<!-- \/ Yoast SEO plugin. -->","yoast_head_json":{"title":"Introduction aux incendies de v\u00e9hicule - CEP Forensique","robots":{"index":"index","follow":"follow","max-snippet":"max-snippet:-1","max-image-preview":"max-image-preview:large","max-video-preview":"max-video-preview:-1"},"canonical":"https:\/\/cep-experts.ca\/fr\/ressources\/formations\/introduction-aux-incendies-de-vehicule\/","og_locale":"fr_CA","og_type":"article","og_title":"Introduction aux incendies de v\u00e9hicule - CEP Forensique","og_description":"Introduction aux incendies de v\u00e9hicule Formateurs :\u00a0Nicolas Rousseau, ing., CFEI, CVFIAccr\u00e9ditation :\u00a0ChAD AFC13129 (1 UFC) Client\u00e8le vis\u00e9e Experts en sinistres Avocats R\u00e9viseurs Objectif g\u00e9n\u00e9ral Familiariser le participant avec la terminologie propre \u00e0 l\u2019investigation des incendies de v\u00e9hicules. Conna\u00eetre les principaux composants d\u2019un v\u00e9hicule. Reconna\u00eetre les principaux indices physiques associ\u00e9s \u00e0 l\u2019origine et la cause des [&hellip;]","og_url":"https:\/\/cep-experts.ca\/fr\/ressources\/formations\/introduction-aux-incendies-de-vehicule\/","og_site_name":"CEP Forensique","article_modified_time":"2022-04-18T15:26:11+00:00","og_image":[{"width":1920,"height":700,"url":"https:\/\/cep-experts.ca\/wp-content\/uploads\/2019\/04\/acceuil-finale.jpg","type":"image\/jpeg"}],"twitter_card":"summary_large_image","twitter_misc":{"Estimation du temps de lecture":"2 minutes"},"schema":{"@context":"https:\/\/schema.org","@graph":[{"@type":"WebPage","@id":"https:\/\/cep-experts.ca\/fr\/ressources\/formations\/introduction-aux-incendies-de-vehicule\/","url":"https:\/\/cep-experts.ca\/fr\/ressources\/formations\/introduction-aux-incendies-de-vehicule\/","name":"Introduction aux incendies de v\u00e9hicule - CEP Forensique","isPartOf":{"@id":"https:\/\/cep-experts.ca\/fr\/#website"},"datePublished":"2019-07-29T15:43:24+00:00","dateModified":"2022-04-18T15:26:11+00:00","breadcrumb":{"@id":"https:\/\/cep-experts.ca\/fr\/ressources\/formations\/introduction-aux-incendies-de-vehicule\/#breadcrumb"},"inLanguage":"fr-CA","potentialAction":[{"@type":"ReadAction","target":["https:\/\/cep-experts.ca\/fr\/ressources\/formations\/introduction-aux-incendies-de-vehicule\/"]}]},{"@type":"BreadcrumbList","@id":"https:\/\/cep-experts.ca\/fr\/ressources\/formations\/introduction-aux-incendies-de-vehicule\/#breadcrumb","itemListElement":[{"@type":"ListItem","position":1,"name":"Accueil","item":"https:\/\/cep-experts.ca\/fr\/"},{"@type":"ListItem","position":2,"name":"Ressources","item":"https:\/\/cep-experts.ca\/fr\/ressources\/"},{"@type":"ListItem","position":3,"name":"Formations","item":"https:\/\/cep-experts.ca\/fr\/?page_id=1884"},{"@type":"ListItem","position":4,"name":"Introduction aux incendies de v\u00e9hicule"}]},{"@type":"WebSite","@id":"https:\/\/cep-experts.ca\/fr\/#website","url":"https:\/\/cep-experts.ca\/fr\/","name":"CEP Forensique","description":"","potentialAction":[{"@type":"SearchAction","target":{"@type":"EntryPoint","urlTemplate":"https:\/\/cep-experts.ca\/fr\/?s={search_term_string}"},"query-input":{"@type":"PropertyValueSpecification","valueRequired":true,"valueName":"search_term_string"}}],"inLanguage":"fr-CA"}]}},"_links":{"self":[{"href":"https:\/\/cep-experts.ca\/fr\/wp-json\/wp\/v2\/pages\/4118","targetHints":{"allow":["GET"]}}],"collection":[{"href":"https:\/\/cep-experts.ca\/fr\/wp-json\/wp\/v2\/pages"}],"about":[{"href":"https:\/\/cep-experts.ca\/fr\/wp-json\/wp\/v2\/types\/page"}],"author":[{"embeddable":true,"href":"https:\/\/cep-experts.ca\/fr\/wp-json\/wp\/v2\/users\/4"}],"replies":[{"embeddable":true,"href":"https:\/\/cep-experts.ca\/fr\/wp-json\/wp\/v2\/comments?post=4118"}],"version-history":[{"count":0,"href":"https:\/\/cep-experts.ca\/fr\/wp-json\/wp\/v2\/pages\/4118\/revisions"}],"up":[{"embeddable":true,"href":"https:\/\/cep-experts.ca\/fr\/wp-json\/wp\/v2\/pages\/1884"}],"wp:attachment":[{"href":"https:\/\/cep-experts.ca\/fr\/wp-json\/wp\/v2\/media?parent=4118"}],"wp:term":[{"taxonomy":"service-specialise","embeddable":true,"href":"https:\/\/cep-experts.ca\/fr\/wp-json\/wp\/v2\/service-specialise?post=4118"}],"curies":[{"name":"wp","href":"https:\/\/api.w.org\/{rel}","templated":true}]}}