{"id":700,"date":"2018-10-11T15:12:42","date_gmt":"2018-10-11T19:12:42","guid":{"rendered":"http:\/\/cepforensique.wpengine.com\/?page_id=700"},"modified":"2022-07-15T11:48:35","modified_gmt":"2022-07-15T15:48:35","slug":"administration-et-direction","status":"publish","type":"page","link":"https:\/\/cep-experts.ca\/fr\/experts\/administration-et-direction\/","title":{"rendered":"Administration et direction"},"content":{"rendered":"\t\t<div class=\"et_pb_section et_pb_with_background et_section_regular breadcrumbs_section\">\r\n\t\t\t<div class=\" et_pb_row breadcrumbs_row\">\r\n\t\t\t\t<div class=\"et_pb_column et_pb_column_4_4 breadcrumbs_column\">\r\n\t\t\t\t\t<div class=\"et_pb_code et_pb_module breadcrumbs_module\">\r\n\t\t\t\t\t\t<span><span><a href=\"https:\/\/cep-experts.ca\/fr\/\">Accueil<\/a><\/span><\/span>\t\t\t\t\t<\/div> <!-- .et_pb_code -->\r\n\t\t\t\t<\/div> <!-- .et_pb_column -->\r\n\t\t\t<\/div> <!-- .et_pb_row -->\r\n\t\t<\/div>\r\n\t[et_pb_section fb_built=\u00a0\u00bb1&Prime; disabled_on=\u00a0\u00bboff|off|off\u00a0\u00bb _builder_version=\u00a0\u00bb4.16&Prime; z_index=\u00a0\u00bb999&Prime; z_index_tablet=\u00a0\u00bb500&Prime; global_colors_info=\u00a0\u00bb{}\u00a0\u00bb][et_pb_row _builder_version=\u00a0\u00bb4.16&Prime; max_width=\u00a0\u00bb800&Prime; z_index_tablet=\u00a0\u00bb500&Prime; use_custom_width=\u00a0\u00bbon\u00a0\u00bb custom_width_px=\u00a0\u00bb800&Prime; global_colors_info=\u00a0\u00bb{}\u00a0\u00bb][et_pb_column type=\u00a0\u00bb4_4&Prime; _builder_version=\u00a0\u00bb4.16&Prime; custom_padding=\u00a0\u00bb|||\u00a0\u00bb global_colors_info=\u00a0\u00bb{}\u00a0\u00bb custom_padding__hover=\u00a0\u00bb|||\u00a0\u00bb][et_pb_text admin_label=\u00a0\u00bbNOTRE \u00c9QUIPE\u00a0\u00bb _builder_version=\u00a0\u00bb4.17.3&Prime; header_font=\u00a0\u00bb|||on|||||\u00a0\u00bb z_index_tablet=\u00a0\u00bb500&Prime; global_colors_info=\u00a0\u00bb{}\u00a0\u00bb]<h1 style=\"text-align: center;\">Une \u00e9quipe administrative <br \/><strong>\u00e0 toute \u00e9preuve<\/strong><\/h1>\n<p style=\"text-align: center;\"><span style=\"font-weight: 400;\">Chez CEP, l\u2019efficacit\u00e9 passe avant tout par une solide structure op\u00e9rationnelle. L\u2019\u00e9quipe administrative de chacun de nos bureaux est compos\u00e9e de professionnels aussi agiles que rigoureux.<\/span><\/p>\n<p style=\"text-align: center;\"><span style=\"font-weight: 400;\">Pour apprendre \u00e0 les conna\u00eetre, s\u00e9lectionnez le bureau qui vous int\u00e9resse.<\/span><\/p>[\/et_pb_text][\/et_pb_column][\/et_pb_row][et_pb_row custom_padding_last_edited=\u00a0\u00bbon|phone\u00a0\u00bb _builder_version=\u00a0\u00bb4.16&Prime; custom_padding=\u00a0\u00bb0px||0px|\u00a0\u00bb custom_padding_tablet=\u00a0\u00bb\u00a0\u00bb custom_padding_phone=\u00a0\u00bb20px||0px|\u00a0\u00bb z_index_tablet=\u00a0\u00bb500&Prime; global_colors_info=\u00a0\u00bb{}\u00a0\u00bb][et_pb_column type=\u00a0\u00bb4_4&Prime; _builder_version=\u00a0\u00bb4.16&Prime; custom_padding=\u00a0\u00bb|||\u00a0\u00bb custom_padding_last_edited=\u00a0\u00bboff|\u00a0\u00bb global_colors_info=\u00a0\u00bb{}\u00a0\u00bb custom_padding__hover=\u00a0\u00bb|||\u00a0\u00bb][et_pb_code _builder_version=\u00a0\u00bb4.16&Prime; z_index_tablet=\u00a0\u00bb500&Prime; global_colors_info=\u00a0\u00bb{}\u00a0\u00bb]\r\n<div class=\"section-equipe\">\r\n    <form action=\"https:\/\/cep-experts.ca\/fr\/experts\/administration-et-direction\/#filtrer\" name=\"bureau-form\" method=\"get\" id=\"bureau-filters\">\r\n        <select class=\"bureau-select\" name=\"nos_bureau\" onchange=\"this.form.submit()\">\r\n            <option value=\"\">\r\n                S\u00e9lectionner un bureau            <\/option>\r\n                            <option value=\"1572\" >\r\n                    Calgary                <\/option>\r\n                            <option value=\"1571\" >\r\n                    Edmonton                <\/option>\r\n                            <option value=\"1569\" >\r\n                    Moncton                <\/option>\r\n                            <option value=\"1383\" >\r\n                    Montr\u00e9al (Laval)                <\/option>\r\n                            <option value=\"1567\" >\r\n                    Ottawa                <\/option>\r\n                            <option value=\"1566\" >\r\n                    Qu\u00e9bec                <\/option>\r\n                            <option value=\"1574\" >\r\n                    Toronto                <\/option>\r\n                            <option value=\"1573\" >\r\n                    Vancouver                <\/option>\r\n                            <option value=\"1570\" >\r\n                    Waterloo                <\/option>\r\n                    <\/select>\r\n        <button style=\"display: none\" type=\"submit\" class=\"et_pb_button et_pb_module et_pb_bg_layout_dark\">Search<\/button>\r\n    <\/form>\r\n\r\n<div class=\"cat-content\"><div class='row'><article class=\"sync-2 employe\"><a><img decoding=\"async\" class=\"team-member-img\" src=\"https:\/\/cep-experts.ca\/wp-content\/uploads\/2021\/10\/fond-ciment-cv-amelie.jpg\" alt=\"Am\u00e9lie Bruneau David\"\/><p><strong>Am\u00e9lie Bruneau David<\/strong><\/p><\/a><p>Conseill\u00e8re Talent et Culture<\/p><p>Montr\u00e9al (Laval)<\/p><p>450 686-0240, 4159<\/p><p>abruneaudavid@cep-experts.ca<\/p><\/article><article class=\"sync-2 employe\"><a><img decoding=\"async\" class=\"team-member-img\" src=\"https:\/\/cep-experts.ca\/wp-content\/uploads\/2025\/06\/profile-icon-png-898.png\" alt=\"Andrea Tanglao\"\/><p><strong>Andrea Tanglao<\/strong><\/p><\/a><p>Assistante administrative<\/p><p>Edmonton<\/p><p>780 420 1551<\/p><p>atanglao@cep-experts.ca<\/p><\/article><article class=\"sync-2 employe\"><a><img decoding=\"async\" class=\"team-member-img\" src=\"https:\/\/cep-experts.ca\/wp-content\/uploads\/2019\/11\/andrew-540x540-1.jpg\" alt=\"Andrew Happer\"\/><p><strong>Andrew Happer<\/strong><\/p><\/a><p>Responsable national de pratique, reconstitution de collisions  MBA, M.Eng., P.Eng., CFEI<\/p><p>Edmonton<\/p><p>780 420-1551, 6102<\/p><p>ahapper@cep-experts.ca<\/p><\/article><article class=\"sync-2 employe\"><a><img decoding=\"async\" class=\"team-member-img\" src=\"https:\/\/cep-experts.ca\/wp-content\/uploads\/2022\/01\/profile-icon-png-898.png\" alt=\"Anjum Ahmad Donovan\"\/><p><strong>Anjum Ahmad Donovan<\/strong><\/p><\/a><p>Adjointe administrative<\/p><p>Toronto<\/p><p>647 483 0118 <\/p><p>adonovan@cep-experts.ca<\/p><\/article><div class=\"clear\"><\/div><\/div><div class='row'><article class=\"sync-2 employe\"><a><img decoding=\"async\" class=\"team-member-img\" src=\"https:\/\/cep-experts.ca\/wp-content\/uploads\/2019\/04\/annelaureesquirol-540x540-1.jpg\" alt=\"Anne-Laure Esquirol\"\/><p><strong>Anne-Laure Esquirol<\/strong><\/p><\/a><p>Chef de groupe - mat\u00e9riaux et m\u00e9tallurgie, ing., M.Sc.A.<\/p><p>Montr\u00e9al (Laval)<\/p><p>450 686-0240, 4108<\/p><p>alesquirol@cep-experts.ca<\/p><\/article><article class=\"sync-2 employe\"><a><img decoding=\"async\" class=\"team-member-img\" src=\"https:\/\/cep-experts.ca\/wp-content\/uploads\/2021\/07\/annie-ouellette-site-web.jpg\" alt=\"Annie Ouellette\"\/><p><strong>Annie Ouellette<\/strong><\/p><\/a><p>Coordonnatrice aux mandats<\/p><p>Montr\u00e9al (Laval)<\/p><p>450 686-0240, 4117<\/p><p>aouellette@cep-experts.ca<\/p><\/article><article class=\"sync-2 employe\"><a><img decoding=\"async\" class=\"team-member-img\" src=\"https:\/\/cep-experts.ca\/wp-content\/uploads\/2025\/06\/profile-icon-png-898.png\" alt=\"Ara Carson\"\/><p><strong>Ara Carson<\/strong><\/p><\/a><p>Analyste TI<\/p><p>Toronto<\/p><p>647 483-0118<\/p><p>acarson@cep-experts.ca<\/p><\/article><article class=\"sync-2 employe\"><a><img decoding=\"async\" class=\"team-member-img\" src=\"https:\/\/cep-experts.ca\/wp-content\/uploads\/2019\/04\/16.png\" alt=\"Benoit Godin\"\/><p><strong>Benoit Godin<\/strong><\/p><\/a><p>Chef de la direction, ing.<\/p><p>Montr\u00e9al (Laval)<\/p><p>450 686-0240, 4110<\/p><p>bgodin@cep-experts.ca<\/p><\/article><div class=\"clear\"><\/div><\/div><div class='row'><article class=\"sync-2 employe\"><a><img decoding=\"async\" class=\"team-member-img\" src=\"https:\/\/cep-experts.ca\/wp-content\/uploads\/2019\/04\/benson-540x540-1.jpg\" alt=\"Benson Pedoniquott\"\/><p><strong>Benson Pedoniquott<\/strong><\/p><\/a><p>Responsable national QSSE | Investigateur forensique<\/p><p>Calgary<\/p><p>403 230-2344  , 6305<\/p><p>bpedoniquott@cep-experts.ca<\/p><\/article><article class=\"sync-2 employe\"><a><img decoding=\"async\" class=\"team-member-img\" src=\"https:\/\/cep-experts.ca\/wp-content\/uploads\/2023\/08\/brettcampbell-540x540-1.jpg\" alt=\"Brett Campbell\"\/><p><strong>Brett Campbell<\/strong><\/p><\/a><p>M.A.Sc., P.Eng. | Directeur r\u00e9gional, Ottawa | Ing\u00e9nieur forensique s\u00e9nior<\/p><p>Ottawa<\/p><p>613 234-1668<\/p><p>bcampbell@cep-experts.ca<\/p><\/article><article class=\"sync-2 employe\"><a><img decoding=\"async\" class=\"team-member-img\" src=\"https:\/\/cep-experts.ca\/wp-content\/uploads\/2024\/02\/carla-540x540-1.jpg\" alt=\"Carla Ladner\"\/><p><strong>Carla Ladner<\/strong><\/p><\/a><p>Responsable nationale de pratique, g\u00e9nie civil et structure\/science du b\u00e2timent, P.Eng.<\/p><p>Edmonton<\/p><p>780 420-1551 , 6104<\/p><p>cladner@cep-experts.ca<\/p><\/article><article class=\"sync-2 employe\"><a><img decoding=\"async\" class=\"team-member-img\" src=\"https:\/\/cep-experts.ca\/wp-content\/uploads\/2021\/09\/caroline-gonzalez-site-web.jpg\" alt=\"Caroline Gonzalez\"\/><p><strong>Caroline Gonzalez<\/strong><\/p><\/a><p>Adjointe administrative<\/p><p>Montr\u00e9al (Laval)<\/p><p>450 686-0240, 4133<\/p><p>cgonzalez@cep-experts.ca<\/p><\/article><div class=\"clear\"><\/div><\/div><div class='row'><article class=\"sync-2 employe\"><a><img decoding=\"async\" class=\"team-member-img\" src=\"https:\/\/cep-experts.ca\/wp-content\/uploads\/2019\/04\/charles-leblanc-site-web.jpg\" alt=\"Charles LeBlanc\"\/><p><strong>Charles LeBlanc<\/strong><\/p><\/a><p>CFEI, CVFI, CFIS, CFSA  | Directeur r\u00e9gional, Moncton<\/p><p>Moncton<\/p><p>506 801-8869, 3402<\/p><p>cleblanc@cep-experts.ca<\/p><\/article><article class=\"sync-2 employe\"><a><img decoding=\"async\" class=\"team-member-img\" src=\"https:\/\/cep-experts.ca\/wp-content\/uploads\/2025\/01\/img-0030.jpeg\" alt=\"Charlotte Robitaille\"\/><p><strong>Charlotte Robitaille<\/strong><\/p><\/a><p>Assistante marketing <\/p><p>Montr\u00e9al (Laval)<\/p><p>450 686 0240<\/p><p>crobitaille@cep-experts.ca<\/p><\/article><article class=\"sync-2 employe\"><a><img decoding=\"async\" class=\"team-member-img\" src=\"https:\/\/cep-experts.ca\/wp-content\/uploads\/2019\/10\/cindy-nadeau-site-web.jpg\" alt=\"Cindy Nadeau\"\/><p><strong>Cindy Nadeau<\/strong><\/p><\/a><p>Adjointe administrative<\/p><p>Qu\u00e9bec<\/p><p>418 622-4480, 4402<\/p><p>cnadeau@cep-experts.ca<\/p><\/article><article class=\"sync-2 employe\"><a><img decoding=\"async\" class=\"team-member-img\" src=\"https:\/\/cep-experts.ca\/wp-content\/uploads\/2019\/04\/claudelefrancois-540x540-1.jpg\" alt=\"Claude Lefran\u00e7ois\"\/><p><strong>Claude Lefran\u00e7ois<\/strong><\/p><\/a><p>Directeur relation client, T.P., IAAI-CFI, i.c.c.s.<\/p><p>Montr\u00e9al (Laval)<\/p><p>450 686-0240 , 4111<\/p><p>clefran\u00e7ois@cep-experts.ca <\/p><\/article><div class=\"clear\"><\/div><\/div><\/div><\/div>\r\n<div class='wp-pagenavi' role='navigation'>\n<span aria-current='page' class='current'>1<\/span><a class=\"page larger\" title=\"Page 2\" href=\"https:\/\/cep-experts.ca\/fr\/wp-json\/wp\/v2\/pages\/700\/page\/2\/\">2<\/a><a class=\"page larger\" title=\"Page 3\" href=\"https:\/\/cep-experts.ca\/fr\/wp-json\/wp\/v2\/pages\/700\/page\/3\/\">3<\/a><a class=\"page larger\" title=\"Page 4\" href=\"https:\/\/cep-experts.ca\/fr\/wp-json\/wp\/v2\/pages\/700\/page\/4\/\">4<\/a><a class=\"page larger\" title=\"Page 5\" href=\"https:\/\/cep-experts.ca\/fr\/wp-json\/wp\/v2\/pages\/700\/page\/5\/\">5<\/a><a class=\"nextpostslink\" rel=\"next\" aria-label=\"Page suivante\" href=\"https:\/\/cep-experts.ca\/fr\/wp-json\/wp\/v2\/pages\/700\/page\/2\/\">&gt;<\/a>\n<\/div>[\/et_pb_code][\/et_pb_column][\/et_pb_row][\/et_pb_section][et_pb_section fb_built=\u00a0\u00bb1&Prime; _builder_version=\u00a0\u00bb4.16&Prime; background_color=\u00a0\u00bb#ededed\u00a0\u00bb background_image=\u00a0\u00bbhttps:\/\/cep-experts.ca\/wp-content\/uploads\/2019\/03\/texture-carre-small.svg\u00a0\u00bb z_index_tablet=\u00a0\u00bb500&Prime; global_colors_info=\u00a0\u00bb{}\u00a0\u00bb][et_pb_row _builder_version=\u00a0\u00bb4.16&Prime; width=\u00a0\u00bb100%\u00a0\u00bb max_width=\u00a0\u00bb100%\u00a0\u00bb custom_padding=\u00a0\u00bb|30px||30px\u00a0\u00bb z_index_tablet=\u00a0\u00bb500&Prime; make_fullwidth=\u00a0\u00bbon\u00a0\u00bb use_custom_width=\u00a0\u00bbon\u00a0\u00bb width_unit=\u00a0\u00bboff\u00a0\u00bb custom_width_percent=\u00a0\u00bb100%\u00a0\u00bb global_colors_info=\u00a0\u00bb{}\u00a0\u00bb][et_pb_column type=\u00a0\u00bb4_4&Prime; _builder_version=\u00a0\u00bb4.16&Prime; custom_padding=\u00a0\u00bb|||\u00a0\u00bb global_colors_info=\u00a0\u00bb{}\u00a0\u00bb custom_padding__hover=\u00a0\u00bb|||\u00a0\u00bb][et_pb_text admin_label=\u00a0\u00bb\u00c0 la recherche d\u2019un expert?\u00a0\u00bb _builder_version=\u00a0\u00bb4.16&Prime; header_2_font=\u00a0\u00bb|||on|||||\u00a0\u00bb z_index_tablet=\u00a0\u00bb500&Prime; global_colors_info=\u00a0\u00bb{}\u00a0\u00bb]<h2 style=\"text-align: center;\">\u00c0 la recherche d\u2019un expert?<\/h2>\r\n<p style=\"text-align: center;\"><span style=\"font-weight: 400;\">Pour r\u00e9pondre \u00e0 un besoin pr\u00e9cis, consultez la liste de nos experts.<\/span><\/p>\r[\/et_pb_text][et_pb_button button_url=\u00a0\u00bb\/fr\/experts\/\u00a0\u00bb button_text=\u00a0\u00bbTrouvez le bon expert\u00a0\u00bb button_alignment=\u00a0\u00bbcenter\u00a0\u00bb admin_label=\u00a0\u00bbTrouvez le bon expert\u00a0\u00bb _builder_version=\u00a0\u00bb4.16&Prime; z_index_tablet=\u00a0\u00bb500&Prime; global_colors_info=\u00a0\u00bb{}\u00a0\u00bb][\/et_pb_button][\/et_pb_column][\/et_pb_row][\/et_pb_section]","protected":false},"excerpt":{"rendered":"<p>Accueil [et_pb_section fb_built=\u00a0\u00bb1&Prime; disabled_on=\u00a0\u00bboff|off|off\u00a0\u00bb _builder_version=\u00a0\u00bb4.16&Prime; z_index=\u00a0\u00bb999&Prime; z_index_tablet=\u00a0\u00bb500&Prime; global_colors_info=\u00a0\u00bb{}\u00a0\u00bb][et_pb_row _builder_version=\u00a0\u00bb4.16&Prime; max_width=\u00a0\u00bb800&Prime; z_index_tablet=\u00a0\u00bb500&Prime; use_custom_width=\u00a0\u00bbon\u00a0\u00bb custom_width_px=\u00a0\u00bb800&Prime; global_colors_info=\u00a0\u00bb{}\u00a0\u00bb][et_pb_column type=\u00a0\u00bb4_4&Prime; _builder_version=\u00a0\u00bb4.16&Prime; custom_padding=\u00a0\u00bb|||\u00a0\u00bb global_colors_info=\u00a0\u00bb{}\u00a0\u00bb custom_padding__hover=\u00a0\u00bb|||\u00a0\u00bb][et_pb_text admin_label=\u00a0\u00bbNOTRE \u00c9QUIPE\u00a0\u00bb _builder_version=\u00a0\u00bb4.17.3&Prime; header_font=\u00a0\u00bb|||on|||||\u00a0\u00bb z_index_tablet=\u00a0\u00bb500&Prime; global_colors_info=\u00a0\u00bb{}\u00a0\u00bb]Une \u00e9quipe administrative \u00e0 toute \u00e9preuve Chez CEP, l\u2019efficacit\u00e9 passe avant tout par une solide structure op\u00e9rationnelle. L\u2019\u00e9quipe administrative de chacun de nos bureaux est compos\u00e9e de professionnels aussi agiles que [&hellip;]<\/p>\n","protected":false},"author":1,"featured_media":0,"parent":1260,"menu_order":0,"comment_status":"closed","ping_status":"closed","template":"","meta":{"_acf_changed":false,"_et_pb_use_builder":"on","_et_pb_old_content":"","_et_gb_content_width":"","footnotes":""},"service-specialise":[],"class_list":["post-700","page","type-page","status-publish","hentry"],"acf":[],"yoast_head":"<!-- This site is optimized with the Yoast SEO plugin v27.2 - https:\/\/yoast.com\/product\/yoast-seo-wordpress\/ -->\n<title>Administration et direction - CEP Forensique<\/title>\n<meta name=\"robots\" content=\"index, follow, max-snippet:-1, max-image-preview:large, max-video-preview:-1\" \/>\n<link rel=\"canonical\" href=\"https:\/\/cep-experts.ca\/fr\/experts\/administration-et-direction\/\" \/>\n<meta property=\"og:locale\" content=\"fr_CA\" \/>\n<meta property=\"og:type\" content=\"article\" \/>\n<meta property=\"og:title\" content=\"Administration et direction - CEP Forensique\" \/>\n<meta property=\"og:description\" content=\"Accueil [et_pb_section fb_built=\u00a0\u00bb1&Prime; disabled_on=\u00a0\u00bboff|off|off\u00a0\u00bb _builder_version=\u00a0\u00bb4.16&Prime; z_index=\u00a0\u00bb999&Prime; z_index_tablet=\u00a0\u00bb500&Prime; global_colors_info=\u00a0\u00bb{}\u00a0\u00bb][et_pb_row _builder_version=\u00a0\u00bb4.16&Prime; max_width=\u00a0\u00bb800&Prime; z_index_tablet=\u00a0\u00bb500&Prime; use_custom_width=\u00a0\u00bbon\u00a0\u00bb custom_width_px=\u00a0\u00bb800&Prime; global_colors_info=\u00a0\u00bb{}\u00a0\u00bb][et_pb_column type=\u00a0\u00bb4_4&Prime; _builder_version=\u00a0\u00bb4.16&Prime; custom_padding=\u00a0\u00bb|||\u00a0\u00bb global_colors_info=\u00a0\u00bb{}\u00a0\u00bb custom_padding__hover=\u00a0\u00bb|||\u00a0\u00bb][et_pb_text admin_label=\u00a0\u00bbNOTRE \u00c9QUIPE\u00a0\u00bb _builder_version=\u00a0\u00bb4.17.3&Prime; header_font=\u00a0\u00bb|||on|||||\u00a0\u00bb z_index_tablet=\u00a0\u00bb500&Prime; global_colors_info=\u00a0\u00bb{}\u00a0\u00bb]Une \u00e9quipe administrative \u00e0 toute \u00e9preuve Chez CEP, l\u2019efficacit\u00e9 passe avant tout par une solide structure op\u00e9rationnelle. L\u2019\u00e9quipe administrative de chacun de nos bureaux est compos\u00e9e de professionnels aussi agiles que [&hellip;]\" \/>\n<meta property=\"og:url\" content=\"https:\/\/cep-experts.ca\/fr\/experts\/administration-et-direction\/\" \/>\n<meta property=\"og:site_name\" content=\"CEP Forensique\" \/>\n<meta property=\"article:modified_time\" content=\"2022-07-15T15:48:35+00:00\" \/>\n<meta property=\"og:image\" content=\"https:\/\/cep-experts.ca\/wp-content\/uploads\/2019\/04\/acceuil-finale.jpg\" \/>\n\t<meta property=\"og:image:width\" content=\"1920\" \/>\n\t<meta property=\"og:image:height\" content=\"700\" \/>\n\t<meta property=\"og:image:type\" content=\"image\/jpeg\" \/>\n<meta name=\"twitter:card\" content=\"summary_large_image\" \/>\n<meta name=\"twitter:label1\" content=\"Estimation du temps de lecture\" \/>\n\t<meta name=\"twitter:data1\" content=\"2 minutes\" \/>\n<script type=\"application\/ld+json\" class=\"yoast-schema-graph\">{\"@context\":\"https:\/\/schema.org\",\"@graph\":[{\"@type\":\"WebPage\",\"@id\":\"https:\/\/cep-experts.ca\/fr\/experts\/administration-et-direction\/\",\"url\":\"https:\/\/cep-experts.ca\/fr\/experts\/administration-et-direction\/\",\"name\":\"Administration et direction - CEP Forensique\",\"isPartOf\":{\"@id\":\"https:\/\/cep-experts.ca\/fr\/#website\"},\"datePublished\":\"2018-10-11T19:12:42+00:00\",\"dateModified\":\"2022-07-15T15:48:35+00:00\",\"breadcrumb\":{\"@id\":\"https:\/\/cep-experts.ca\/fr\/experts\/administration-et-direction\/#breadcrumb\"},\"inLanguage\":\"fr-CA\",\"potentialAction\":[{\"@type\":\"ReadAction\",\"target\":[\"https:\/\/cep-experts.ca\/fr\/experts\/administration-et-direction\/\"]}]},{\"@type\":\"BreadcrumbList\",\"@id\":\"https:\/\/cep-experts.ca\/fr\/experts\/administration-et-direction\/#breadcrumb\",\"itemListElement\":[{\"@type\":\"ListItem\",\"position\":1,\"name\":\"Accueil\",\"item\":\"https:\/\/cep-experts.ca\/fr\/\"},{\"@type\":\"ListItem\",\"position\":2,\"name\":\"Experts\",\"item\":\"https:\/\/cep-experts.ca\/fr\/experts\/\"},{\"@type\":\"ListItem\",\"position\":3,\"name\":\"Administration et direction\"}]},{\"@type\":\"WebSite\",\"@id\":\"https:\/\/cep-experts.ca\/fr\/#website\",\"url\":\"https:\/\/cep-experts.ca\/fr\/\",\"name\":\"CEP Forensique\",\"description\":\"\",\"potentialAction\":[{\"@type\":\"SearchAction\",\"target\":{\"@type\":\"EntryPoint\",\"urlTemplate\":\"https:\/\/cep-experts.ca\/fr\/?s={search_term_string}\"},\"query-input\":{\"@type\":\"PropertyValueSpecification\",\"valueRequired\":true,\"valueName\":\"search_term_string\"}}],\"inLanguage\":\"fr-CA\"}]}<\/script>\n<!-- \/ Yoast SEO plugin. -->","yoast_head_json":{"title":"Administration et direction - CEP Forensique","robots":{"index":"index","follow":"follow","max-snippet":"max-snippet:-1","max-image-preview":"max-image-preview:large","max-video-preview":"max-video-preview:-1"},"canonical":"https:\/\/cep-experts.ca\/fr\/experts\/administration-et-direction\/","og_locale":"fr_CA","og_type":"article","og_title":"Administration et direction - CEP Forensique","og_description":"Accueil [et_pb_section fb_built=\u00a0\u00bb1&Prime; disabled_on=\u00a0\u00bboff|off|off\u00a0\u00bb _builder_version=\u00a0\u00bb4.16&Prime; z_index=\u00a0\u00bb999&Prime; z_index_tablet=\u00a0\u00bb500&Prime; global_colors_info=\u00a0\u00bb{}\u00a0\u00bb][et_pb_row _builder_version=\u00a0\u00bb4.16&Prime; max_width=\u00a0\u00bb800&Prime; z_index_tablet=\u00a0\u00bb500&Prime; use_custom_width=\u00a0\u00bbon\u00a0\u00bb custom_width_px=\u00a0\u00bb800&Prime; global_colors_info=\u00a0\u00bb{}\u00a0\u00bb][et_pb_column type=\u00a0\u00bb4_4&Prime; _builder_version=\u00a0\u00bb4.16&Prime; custom_padding=\u00a0\u00bb|||\u00a0\u00bb global_colors_info=\u00a0\u00bb{}\u00a0\u00bb custom_padding__hover=\u00a0\u00bb|||\u00a0\u00bb][et_pb_text admin_label=\u00a0\u00bbNOTRE \u00c9QUIPE\u00a0\u00bb _builder_version=\u00a0\u00bb4.17.3&Prime; header_font=\u00a0\u00bb|||on|||||\u00a0\u00bb z_index_tablet=\u00a0\u00bb500&Prime; global_colors_info=\u00a0\u00bb{}\u00a0\u00bb]Une \u00e9quipe administrative \u00e0 toute \u00e9preuve Chez CEP, l\u2019efficacit\u00e9 passe avant tout par une solide structure op\u00e9rationnelle. L\u2019\u00e9quipe administrative de chacun de nos bureaux est compos\u00e9e de professionnels aussi agiles que [&hellip;]","og_url":"https:\/\/cep-experts.ca\/fr\/experts\/administration-et-direction\/","og_site_name":"CEP Forensique","article_modified_time":"2022-07-15T15:48:35+00:00","og_image":[{"width":1920,"height":700,"url":"https:\/\/cep-experts.ca\/wp-content\/uploads\/2019\/04\/acceuil-finale.jpg","type":"image\/jpeg"}],"twitter_card":"summary_large_image","twitter_misc":{"Estimation du temps de lecture":"2 minutes"},"schema":{"@context":"https:\/\/schema.org","@graph":[{"@type":"WebPage","@id":"https:\/\/cep-experts.ca\/fr\/experts\/administration-et-direction\/","url":"https:\/\/cep-experts.ca\/fr\/experts\/administration-et-direction\/","name":"Administration et direction - CEP Forensique","isPartOf":{"@id":"https:\/\/cep-experts.ca\/fr\/#website"},"datePublished":"2018-10-11T19:12:42+00:00","dateModified":"2022-07-15T15:48:35+00:00","breadcrumb":{"@id":"https:\/\/cep-experts.ca\/fr\/experts\/administration-et-direction\/#breadcrumb"},"inLanguage":"fr-CA","potentialAction":[{"@type":"ReadAction","target":["https:\/\/cep-experts.ca\/fr\/experts\/administration-et-direction\/"]}]},{"@type":"BreadcrumbList","@id":"https:\/\/cep-experts.ca\/fr\/experts\/administration-et-direction\/#breadcrumb","itemListElement":[{"@type":"ListItem","position":1,"name":"Accueil","item":"https:\/\/cep-experts.ca\/fr\/"},{"@type":"ListItem","position":2,"name":"Experts","item":"https:\/\/cep-experts.ca\/fr\/experts\/"},{"@type":"ListItem","position":3,"name":"Administration et direction"}]},{"@type":"WebSite","@id":"https:\/\/cep-experts.ca\/fr\/#website","url":"https:\/\/cep-experts.ca\/fr\/","name":"CEP Forensique","description":"","potentialAction":[{"@type":"SearchAction","target":{"@type":"EntryPoint","urlTemplate":"https:\/\/cep-experts.ca\/fr\/?s={search_term_string}"},"query-input":{"@type":"PropertyValueSpecification","valueRequired":true,"valueName":"search_term_string"}}],"inLanguage":"fr-CA"}]}},"_links":{"self":[{"href":"https:\/\/cep-experts.ca\/fr\/wp-json\/wp\/v2\/pages\/700","targetHints":{"allow":["GET"]}}],"collection":[{"href":"https:\/\/cep-experts.ca\/fr\/wp-json\/wp\/v2\/pages"}],"about":[{"href":"https:\/\/cep-experts.ca\/fr\/wp-json\/wp\/v2\/types\/page"}],"author":[{"embeddable":true,"href":"https:\/\/cep-experts.ca\/fr\/wp-json\/wp\/v2\/users\/1"}],"replies":[{"embeddable":true,"href":"https:\/\/cep-experts.ca\/fr\/wp-json\/wp\/v2\/comments?post=700"}],"version-history":[{"count":0,"href":"https:\/\/cep-experts.ca\/fr\/wp-json\/wp\/v2\/pages\/700\/revisions"}],"up":[{"embeddable":true,"href":"https:\/\/cep-experts.ca\/fr\/wp-json\/wp\/v2\/pages\/1260"}],"wp:attachment":[{"href":"https:\/\/cep-experts.ca\/fr\/wp-json\/wp\/v2\/media?parent=700"}],"wp:term":[{"taxonomy":"service-specialise","embeddable":true,"href":"https:\/\/cep-experts.ca\/fr\/wp-json\/wp\/v2\/service-specialise?post=700"}],"curies":[{"name":"wp","href":"https:\/\/api.w.org\/{rel}","templated":true}]}}