{"id":827,"date":"2018-10-30T11:40:49","date_gmt":"2018-10-30T15:40:49","guid":{"rendered":"http:\/\/cepforensique.wpengine.com\/?page_id=827"},"modified":"2019-05-07T09:06:42","modified_gmt":"2019-05-07T13:06:42","slug":"infolettre","status":"publish","type":"page","link":"https:\/\/cep-experts.ca\/fr\/ressources\/infolettre\/","title":{"rendered":"Infolettre"},"content":{"rendered":"\t\t<div class=\"et_pb_section et_pb_with_background et_section_regular breadcrumbs_section\">\r\n\t\t\t<div class=\" et_pb_row breadcrumbs_row\">\r\n\t\t\t\t<div class=\"et_pb_column et_pb_column_4_4 breadcrumbs_column\">\r\n\t\t\t\t\t<div class=\"et_pb_code et_pb_module breadcrumbs_module\">\r\n\t\t\t\t\t\t<span><span><a href=\"https:\/\/cep-experts.ca\/fr\/\">Accueil<\/a><\/span><\/span>\t\t\t\t\t<\/div> <!-- .et_pb_code -->\r\n\t\t\t\t<\/div> <!-- .et_pb_column -->\r\n\t\t\t<\/div> <!-- .et_pb_row -->\r\n\t\t<\/div>\r\n\t[et_pb_section bb_built=\u00a0\u00bb1&Prime; _builder_version=\u00a0\u00bb3.22.4&Prime; next_background_color=\u00a0\u00bb#ededed\u00a0\u00bb z_index_tablet=\u00a0\u00bb500&Prime; inner_width_tablet=\u00a0\u00bb50px\u00a0\u00bb inner_max_width_tablet=\u00a0\u00bb50px\u00a0\u00bb z_index=\u00a0\u00bb501&Prime;][et_pb_row _builder_version=\u00a0\u00bb3.21.4&Prime; custom_padding=\u00a0\u00bb0px||0px||true\u00a0\u00bb z_index_tablet=\u00a0\u00bb500&Prime; width=\u00a0\u00bb80%\u00a0\u00bb max_width=\u00a0\u00bb1080px\u00a0\u00bb][et_pb_column type=\u00a0\u00bb3_5&Prime;][et_pb_text admin_label=\u00a0\u00bbNe manquez rien des nouveaut\u00e9s en ing\u00e9nierie forensique!\u00a0\u00bb _builder_version=\u00a0\u00bb3.22.4&Prime; module_alignment=\u00a0\u00bbcenter\u00a0\u00bb z_index_tablet=\u00a0\u00bb500&Prime; header_font=\u00a0\u00bb|||on|||||\u00a0\u00bb text_text_shadow_horizontal_length=\u00a0\u00bbtext_text_shadow_style,%91object Object%93&Prime; text_text_shadow_vertical_length=\u00a0\u00bbtext_text_shadow_style,%91object Object%93&Prime; text_text_shadow_blur_strength=\u00a0\u00bbtext_text_shadow_style,%91object Object%93&Prime; link_text_shadow_horizontal_length=\u00a0\u00bblink_text_shadow_style,%91object Object%93&Prime; link_text_shadow_vertical_length=\u00a0\u00bblink_text_shadow_style,%91object Object%93&Prime; link_text_shadow_blur_strength=\u00a0\u00bblink_text_shadow_style,%91object Object%93&Prime; ul_text_shadow_horizontal_length=\u00a0\u00bbul_text_shadow_style,%91object Object%93&Prime; ul_text_shadow_vertical_length=\u00a0\u00bbul_text_shadow_style,%91object Object%93&Prime; ul_text_shadow_blur_strength=\u00a0\u00bbul_text_shadow_style,%91object Object%93&Prime; ol_text_shadow_horizontal_length=\u00a0\u00bbol_text_shadow_style,%91object Object%93&Prime; ol_text_shadow_vertical_length=\u00a0\u00bbol_text_shadow_style,%91object Object%93&Prime; ol_text_shadow_blur_strength=\u00a0\u00bbol_text_shadow_style,%91object Object%93&Prime; quote_text_shadow_horizontal_length=\u00a0\u00bbquote_text_shadow_style,%91object Object%93&Prime; quote_text_shadow_vertical_length=\u00a0\u00bbquote_text_shadow_style,%91object Object%93&Prime; quote_text_shadow_blur_strength=\u00a0\u00bbquote_text_shadow_style,%91object Object%93&Prime; header_text_shadow_horizontal_length=\u00a0\u00bbheader_text_shadow_style,%91object Object%93&Prime; header_text_shadow_vertical_length=\u00a0\u00bbheader_text_shadow_style,%91object Object%93&Prime; header_text_shadow_blur_strength=\u00a0\u00bbheader_text_shadow_style,%91object Object%93&Prime; header_2_text_shadow_horizontal_length=\u00a0\u00bbheader_2_text_shadow_style,%91object Object%93&Prime; header_2_text_shadow_vertical_length=\u00a0\u00bbheader_2_text_shadow_style,%91object Object%93&Prime; header_2_text_shadow_blur_strength=\u00a0\u00bbheader_2_text_shadow_style,%91object Object%93&Prime; header_3_text_shadow_horizontal_length=\u00a0\u00bbheader_3_text_shadow_style,%91object Object%93&Prime; header_3_text_shadow_vertical_length=\u00a0\u00bbheader_3_text_shadow_style,%91object Object%93&Prime; header_3_text_shadow_blur_strength=\u00a0\u00bbheader_3_text_shadow_style,%91object Object%93&Prime; header_4_text_shadow_horizontal_length=\u00a0\u00bbheader_4_text_shadow_style,%91object Object%93&Prime; header_4_text_shadow_vertical_length=\u00a0\u00bbheader_4_text_shadow_style,%91object Object%93&Prime; header_4_text_shadow_blur_strength=\u00a0\u00bbheader_4_text_shadow_style,%91object Object%93&Prime; header_5_text_shadow_horizontal_length=\u00a0\u00bbheader_5_text_shadow_style,%91object Object%93&Prime; header_5_text_shadow_vertical_length=\u00a0\u00bbheader_5_text_shadow_style,%91object Object%93&Prime; header_5_text_shadow_blur_strength=\u00a0\u00bbheader_5_text_shadow_style,%91object Object%93&Prime; header_6_text_shadow_horizontal_length=\u00a0\u00bbheader_6_text_shadow_style,%91object Object%93&Prime; header_6_text_shadow_vertical_length=\u00a0\u00bbheader_6_text_shadow_style,%91object Object%93&Prime; header_6_text_shadow_blur_strength=\u00a0\u00bbheader_6_text_shadow_style,%91object Object%93&Prime;]\r\n\r\n<h1><strong>Ne manquez rien des nouveaut\u00e9s!<\/strong><\/h1>\r\n<p>Passionn\u00e9s par notre domaine, nous concevons pour vous une infolettre remplie de conseils qui vous seront utiles au quotidien et qui vous aideront \u00e0 mieux comprendre le processus d\u2019investigation forensique.\u00a0<\/p>\r\n<p>Au programme\u00a0:<br \/><br \/><\/p>\r\n<ul>\r\n<li>Des trucs et des astuces en mati\u00e8re de pr\u00e9vention;<\/li>\r\n<li>Des bulletins techniques sur les nombreuses facettes de l\u2019ing\u00e9nierie forensique.<\/li>\r\n<li>Des avis d\u2019experts sur l\u2019actualit\u00e9.<\/li>\r\n<\/ul>\r\n\r\n[\/et_pb_text][\/et_pb_column][et_pb_column type=\u00a0\u00bb2_5&Prime;][et_pb_code _builder_version=\u00a0\u00bb3.21.4&Prime; z_index_tablet=\u00a0\u00bb500&Prime;]<div class=\"frm_forms  with_frm_style frm_style_formidable-style\" id=\"frm_form_9_container\" data-token=\"a375731679e6caada04448d4e6514937\">\n<form enctype=\"multipart\/form-data\" method=\"post\" class=\"frm-show-form btn-right frm_pro_form \" id=\"form_contact-form2\" data-token=\"a375731679e6caada04448d4e6514937\">\n<div class=\"frm_form_fields \">\n<fieldset>\n<legend class=\"frm_screen_reader\">Formulaire d'infolettre - FR<\/legend>\r\n\r\n<div class=\"frm_fields_container\">\n<input type=\"hidden\" name=\"frm_action\" value=\"create\" \/>\n<input type=\"hidden\" name=\"form_id\" value=\"9\" \/>\n<input type=\"hidden\" name=\"frm_hide_fields_9\" id=\"frm_hide_fields_9\" value=\"\" \/>\n<input type=\"hidden\" name=\"form_key\" value=\"contact-form2\" \/>\n<input type=\"hidden\" name=\"item_meta[0]\" value=\"\" \/>\n<input type=\"hidden\" id=\"frm_submit_entry_9\" name=\"frm_submit_entry_9\" value=\"abab0ef1d5\" \/><input type=\"hidden\" name=\"_wp_http_referer\" value=\"\/fr\/wp-json\/wp\/v2\/pages\/827\" \/><div id=\"frm_field_87_container\" class=\"frm_form_field form-field  frm_required_field frm_none_container\">\r\n    <label for=\"field_qh4icy3\" class=\"frm_primary_label\">Pr\u00e9nom\r\n        <span class=\"frm_required\"><\/span>\r\n    <\/label>\r\n    <input  type=\"text\" id=\"field_qh4icy3\" name=\"item_meta[87]\" value=\"\"  placeholder=\"Pr\u00e9nom*\" data-reqmsg=\"Ce champ ne peut pas \u00eatre vide\" aria-required=\"true\" data-invmsg=\"Name est non valide\" aria-invalid=\"false\"   \/>\r\n    \r\n    \r\n<\/div>\n<div id=\"frm_field_88_container\" class=\"frm_form_field form-field  frm_required_field frm_none_container\">\r\n    <label for=\"field_ocfup13\" class=\"frm_primary_label\">Nom\r\n        <span class=\"frm_required\"><\/span>\r\n    <\/label>\r\n    <input  type=\"text\" id=\"field_ocfup13\" name=\"item_meta[88]\" value=\"\"  placeholder=\"Nom*\" data-reqmsg=\"Ce champ ne peut pas \u00eatre vide\" aria-required=\"true\" data-invmsg=\"Last est non valide\" aria-invalid=\"false\"   \/>\r\n    \r\n    \r\n<\/div>\n<div id=\"frm_field_89_container\" class=\"frm_form_field form-field  frm_required_field frm_none_container frm_full\">\r\n    <label for=\"field_29yf4d3\" class=\"frm_primary_label\">Courriel\r\n        <span class=\"frm_required\"><\/span>\r\n    <\/label>\r\n    <input type=\"email\" id=\"field_29yf4d3\" name=\"item_meta[89]\" value=\"\"  placeholder=\"Courriel*\" data-reqmsg=\"Ce champ ne peut pas \u00eatre vide\" aria-required=\"true\" data-invmsg=\"Veuillez entrer un adresse courriel valide s&#039;il vous pla\u00eet\" aria-invalid=\"false\"  \/>\r\n    \r\n    \r\n<\/div>\n<div id=\"frm_field_196_container\" class=\"frm_form_field form-field  frm_required_field frm_none_container\">\r\n    <label for=\"field_25ow6\" id=\"field_25ow6_label\" class=\"frm_primary_label\">Province*\r\n        <span class=\"frm_required\">*<\/span>\r\n    <\/label>\r\n    \t\t<select name=\"item_meta[196]\" id=\"field_25ow6\"  data-placeholder=\"Province*\"  placeholder=\"Province*\" data-reqmsg=\"Ce champ ne peut pas \u00eatre vide\" aria-required=\"true\" data-invmsg=\"Province* is invalid\" aria-invalid=\"false\"  >\n\t\t<option  class=\"frm-select-placeholder\" value=\"\" data-placeholder=\"true\">Province*<\/option><option  value=\"Alberta\">Alberta<\/option><option  value=\"Colombie-Britannique\">Colombie-Britannique<\/option><option  value=\"\u00cele-du-Prince-\u00c9douard\">\u00cele-du-Prince-\u00c9douard<\/option><option  value=\"Manitoba\">Manitoba<\/option><option  value=\"Nouveau-Brunswick\">Nouveau-Brunswick<\/option><option  value=\"Nouvelle-\u00c9cosse\">Nouvelle-\u00c9cosse<\/option><option  value=\"Nunavut\">Nunavut<\/option><option  value=\"Ontario\">Ontario<\/option><option  value=\"Qu\u00e9bec\">Qu\u00e9bec<\/option><option  value=\"Saskatchewan\">Saskatchewan<\/option><option  value=\"Terre-Neuve-et-Labrador\">Terre-Neuve-et-Labrador<\/option><option  value=\"Territoires du Nord-Ouest\">Territoires du Nord-Ouest<\/option><option  value=\"Yukon\">Yukon<\/option>\t<\/select>\n\t\r\n    \r\n    \r\n<\/div>\n<div id=\"frm_field_336_container\" class=\"frm_form_field form-field  frm_none_container\">\r\n    <label for=\"field_2xh9m\" id=\"field_2xh9m_label\" class=\"frm_primary_label\">Entreprise\r\n        <span class=\"frm_required\" aria-hidden=\"true\"><\/span>\r\n    <\/label>\r\n    <input  type=\"text\" id=\"field_2xh9m\" name=\"item_meta[336]\" value=\"\"  placeholder=\"Entreprise\" data-invmsg=\"texte est non valide\" aria-invalid=\"false\"   \/>\r\n    \r\n    \r\n<\/div>\n<div id=\"frm_field_337_container\" class=\"frm_form_field form-field  frm_required_field frm_none_container\">\r\n    <label for=\"field_3xvkg\" id=\"field_3xvkg_label\" class=\"frm_primary_label\">Poste\r\n        <span class=\"frm_required\" aria-hidden=\"true\">*<\/span>\r\n    <\/label>\r\n    <input  type=\"text\" id=\"field_3xvkg\" name=\"item_meta[337]\" value=\"\"  placeholder=\"Poste*\" data-reqmsg=\"Ce champ ne peut pas \u00eatre vide\" aria-required=\"true\" data-invmsg=\"texte est non valide\" aria-invalid=\"false\"   \/>\r\n    \r\n    \r\n<\/div>\n\t\t<input  type=\"hidden\" name=\"item_meta[434]\" id=\"field_qke42\" value=\"FR\"  data-frmval=\"FR\"   \/>\n\t\t\t\t<input  type=\"hidden\" name=\"item_meta[435]\" id=\"field_9vash\" value=\"04\/08\/2026\"  data-frmval=\"04\/08\/2026\"   \/>\n\t\t\t\t<input  type=\"hidden\" name=\"item_meta[436]\" id=\"field_p5w6\" value=\"Confirmed Opt In\"  data-frmval=\"Confirmed Opt In\"   \/>\n\t\t\t\t<input  type=\"hidden\" name=\"item_meta[437]\" id=\"field_yifqe\" value=\"Website\"  data-frmval=\"Website\"   \/>\n\t\t\t\t<input  type=\"hidden\" name=\"item_meta[438]\" id=\"field_qnee7\" value=\"Express\"  data-frmval=\"Express\"   \/>\n\t\t<div id=\"frm_field_204_container\" class=\"frm_form_field form-field  frm_none_container\">\r\n    <div  id=\"field_e3mu_label\" class=\"frm_primary_label\">\r\n        <span class=\"frm_required\"><\/span>\r\n    <\/div>\r\n    <div  id=\"field_e3mu\" class=\"frm-g-recaptcha\" data-sitekey=\"6LdI96MUAAAAAMTpgAX2InMEUcj3_34TOboBhuOJ\" data-size=\"normal\" data-theme=\"light\"><\/div>\r\n    \r\n    \r\n<\/div>\n<div id=\"frm_field_702_container\" class=\"frm_form_field form-field \">\r\n\t<div class=\"frm_submit  frm_first\">\r\n\r\n<button class=\"et_pb_promo_button et_pb_button frm_button_submit frm_final_submit\" type=\"submit\"   formnovalidate=\"formnovalidate\" formnovalidate=\"true\">Je m\u2019inscris<\/button>\r\n\r\n<\/div>\r\n<\/div>\n\t<input type=\"hidden\" name=\"item_key\" value=\"\" \/>\n\t\t\t<div id=\"frm_field_858_container\">\n\t\t\t<label for=\"field_s19v2\" >\n\t\t\t\tIf you are human, leave this field blank.\t\t\t<\/label>\n\t\t\t<input  id=\"field_s19v2\" type=\"text\" class=\"frm_form_field form-field frm_verify\" name=\"item_meta[858]\" value=\"\"  \/>\n\t\t<\/div>\n\t\t<input name=\"frm_state\" type=\"hidden\" value=\"9mnwN813hYuUCpkjrPfjp+5uwXJB\/G8yPi5nFRHldwfyPznubeg17G+BcgRHkvZi\" \/><\/div>\n<\/fieldset>\n<\/div>\n\n<p style=\"display: none !important;\" class=\"akismet-fields-container\" data-prefix=\"ak_\"><label>&#916;<textarea name=\"ak_hp_textarea\" cols=\"45\" rows=\"8\" maxlength=\"100\"><\/textarea><\/label><input type=\"hidden\" id=\"ak_js_1\" name=\"ak_js\" value=\"164\"\/><script>document.getElementById( \"ak_js_1\" ).setAttribute( \"value\", ( new Date() ).getTime() );<\/script><\/p><\/form>\n<\/div>\n[\/et_pb_code][\/et_pb_column][\/et_pb_row][\/et_pb_section][et_pb_section bb_built=\u00a0\u00bb1&Prime; specialty=\u00a0\u00bboff\u00a0\u00bb prev_background_color=\u00a0\u00bb#ffffff\u00a0\u00bb _builder_version=\u00a0\u00bb3.21.1&Prime; background_color=\u00a0\u00bb#ededed\u00a0\u00bb background_image=\u00a0\u00bbhttps:\/\/cep-experts.ca\/wp-content\/uploads\/2019\/03\/texture-carre-small.svg\u00a0\u00bb z_index_tablet=\u00a0\u00bb500&Prime; inner_width=\u00a0\u00bbauto\u00a0\u00bb inner_max_width=\u00a0\u00bbnone\u00a0\u00bb][et_pb_row _builder_version=\u00a0\u00bb3.21.4&Prime; make_fullwidth=\u00a0\u00bbon\u00a0\u00bb z_index_tablet=\u00a0\u00bb500&Prime; use_custom_width=\u00a0\u00bbon\u00a0\u00bb custom_width_percent=\u00a0\u00bb100%\u00a0\u00bb custom_width_px=\u00a0\u00bb900px\u00a0\u00bb width=\u00a0\u00bb80%\u00a0\u00bb max_width=\u00a0\u00bb900px\u00a0\u00bb][et_pb_column type=\u00a0\u00bb4_4&Prime;][et_pb_text admin_label=\u00a0\u00bbVous avez une question pr\u00e9cise en t\u00eate? Contactez-nous! Nos experts les plus qualifi\u00e9s y r\u00e9pondront sans attendre. \u00a0\u00bb _builder_version=\u00a0\u00bb3.22.4&Prime; z_index_tablet=\u00a0\u00bb500&Prime; header_2_font=\u00a0\u00bb|||on|||||\u00a0\u00bb text_text_shadow_horizontal_length=\u00a0\u00bbtext_text_shadow_style,%91object Object%93&Prime; text_text_shadow_vertical_length=\u00a0\u00bbtext_text_shadow_style,%91object Object%93&Prime; text_text_shadow_blur_strength=\u00a0\u00bbtext_text_shadow_style,%91object Object%93&Prime; link_text_shadow_horizontal_length=\u00a0\u00bblink_text_shadow_style,%91object Object%93&Prime; link_text_shadow_vertical_length=\u00a0\u00bblink_text_shadow_style,%91object Object%93&Prime; link_text_shadow_blur_strength=\u00a0\u00bblink_text_shadow_style,%91object Object%93&Prime; ul_text_shadow_horizontal_length=\u00a0\u00bbul_text_shadow_style,%91object Object%93&Prime; ul_text_shadow_vertical_length=\u00a0\u00bbul_text_shadow_style,%91object Object%93&Prime; ul_text_shadow_blur_strength=\u00a0\u00bbul_text_shadow_style,%91object Object%93&Prime; ol_text_shadow_horizontal_length=\u00a0\u00bbol_text_shadow_style,%91object Object%93&Prime; ol_text_shadow_vertical_length=\u00a0\u00bbol_text_shadow_style,%91object Object%93&Prime; ol_text_shadow_blur_strength=\u00a0\u00bbol_text_shadow_style,%91object Object%93&Prime; quote_text_shadow_horizontal_length=\u00a0\u00bbquote_text_shadow_style,%91object Object%93&Prime; quote_text_shadow_vertical_length=\u00a0\u00bbquote_text_shadow_style,%91object Object%93&Prime; quote_text_shadow_blur_strength=\u00a0\u00bbquote_text_shadow_style,%91object Object%93&Prime; header_text_shadow_horizontal_length=\u00a0\u00bbheader_text_shadow_style,%91object Object%93&Prime; header_text_shadow_vertical_length=\u00a0\u00bbheader_text_shadow_style,%91object Object%93&Prime; header_text_shadow_blur_strength=\u00a0\u00bbheader_text_shadow_style,%91object Object%93&Prime; header_2_text_shadow_horizontal_length=\u00a0\u00bbheader_2_text_shadow_style,%91object Object%93&Prime; header_2_text_shadow_vertical_length=\u00a0\u00bbheader_2_text_shadow_style,%91object Object%93&Prime; header_2_text_shadow_blur_strength=\u00a0\u00bbheader_2_text_shadow_style,%91object Object%93&Prime; header_3_text_shadow_horizontal_length=\u00a0\u00bbheader_3_text_shadow_style,%91object Object%93&Prime; header_3_text_shadow_vertical_length=\u00a0\u00bbheader_3_text_shadow_style,%91object Object%93&Prime; header_3_text_shadow_blur_strength=\u00a0\u00bbheader_3_text_shadow_style,%91object Object%93&Prime; header_4_text_shadow_horizontal_length=\u00a0\u00bbheader_4_text_shadow_style,%91object Object%93&Prime; header_4_text_shadow_vertical_length=\u00a0\u00bbheader_4_text_shadow_style,%91object Object%93&Prime; header_4_text_shadow_blur_strength=\u00a0\u00bbheader_4_text_shadow_style,%91object Object%93&Prime; header_5_text_shadow_horizontal_length=\u00a0\u00bbheader_5_text_shadow_style,%91object Object%93&Prime; header_5_text_shadow_vertical_length=\u00a0\u00bbheader_5_text_shadow_style,%91object Object%93&Prime; header_5_text_shadow_blur_strength=\u00a0\u00bbheader_5_text_shadow_style,%91object Object%93&Prime; header_6_text_shadow_horizontal_length=\u00a0\u00bbheader_6_text_shadow_style,%91object Object%93&Prime; header_6_text_shadow_vertical_length=\u00a0\u00bbheader_6_text_shadow_style,%91object Object%93&Prime; header_6_text_shadow_blur_strength=\u00a0\u00bbheader_6_text_shadow_style,%91object Object%93&Prime;]\r\n\r\n<h2 style=\"text-align: center;\">Vous avez une question pr\u00e9cise en t\u00eate?<\/h2>\r\n<p style=\"text-align: center;\">Contactez-nous! Nos experts les plus qualifi\u00e9s y r\u00e9pondront sans attendre.<\/p>\r\n\r\n[\/et_pb_text][et_pb_button admin_label=\u00a0\u00bbFaisons connaissance\u00a0\u00bb _builder_version=\u00a0\u00bb3.22.7&Prime; button_text=\u00a0\u00bbFaisons connaissance\u00a0\u00bb z_index_tablet=\u00a0\u00bb500&Prime; button_alignment=\u00a0\u00bbcenter\u00a0\u00bb button_url=\u00a0\u00bb\/fr\/contact\/\u00a0\u00bb button_text_shadow_horizontal_length=\u00a0\u00bbbutton_text_shadow_style,%91object Object%93&Prime; button_text_shadow_vertical_length=\u00a0\u00bbbutton_text_shadow_style,%91object Object%93&Prime; button_text_shadow_blur_strength=\u00a0\u00bbbutton_text_shadow_style,%91object Object%93&Prime; \/][\/et_pb_column][\/et_pb_row][\/et_pb_section]","protected":false},"excerpt":{"rendered":"<p>Ne manquez rien des nouveaut\u00e9s! Passionn\u00e9s par notre domaine, nous concevons pour vous une infolettre remplie de conseils qui vous seront utiles au quotidien et qui vous aideront \u00e0 mieux comprendre le processus d\u2019investigation forensique.\u00a0 Au programme\u00a0: Des trucs et des astuces en mati\u00e8re de pr\u00e9vention; Des bulletins techniques sur les nombreuses facettes de l\u2019ing\u00e9nierie [&hellip;]<\/p>\n","protected":false},"author":1,"featured_media":0,"parent":1262,"menu_order":0,"comment_status":"closed","ping_status":"closed","template":"","meta":{"_acf_changed":false,"_et_pb_use_builder":"on","_et_pb_old_content":"","_et_gb_content_width":"","footnotes":""},"service-specialise":[],"class_list":["post-827","page","type-page","status-publish","hentry"],"acf":[],"yoast_head":"<!-- This site is optimized with the Yoast SEO plugin v27.2 - https:\/\/yoast.com\/product\/yoast-seo-wordpress\/ -->\n<title>Infolettre - CEP Forensique<\/title>\n<meta name=\"robots\" content=\"index, follow, max-snippet:-1, max-image-preview:large, max-video-preview:-1\" \/>\n<link rel=\"canonical\" href=\"https:\/\/cep-experts.ca\/fr\/ressources\/infolettre\/\" \/>\n<meta property=\"og:locale\" content=\"fr_CA\" \/>\n<meta property=\"og:type\" content=\"article\" \/>\n<meta property=\"og:title\" content=\"Infolettre - CEP Forensique\" \/>\n<meta property=\"og:description\" content=\"Ne manquez rien des nouveaut\u00e9s! Passionn\u00e9s par notre domaine, nous concevons pour vous une infolettre remplie de conseils qui vous seront utiles au quotidien et qui vous aideront \u00e0 mieux comprendre le processus d\u2019investigation forensique.\u00a0 Au programme\u00a0: Des trucs et des astuces en mati\u00e8re de pr\u00e9vention; Des bulletins techniques sur les nombreuses facettes de l\u2019ing\u00e9nierie [&hellip;]\" \/>\n<meta property=\"og:url\" content=\"https:\/\/cep-experts.ca\/fr\/ressources\/infolettre\/\" \/>\n<meta property=\"og:site_name\" content=\"CEP Forensique\" \/>\n<meta property=\"article:modified_time\" content=\"2019-05-07T13:06:42+00:00\" \/>\n<meta property=\"og:image\" content=\"https:\/\/cep-experts.ca\/wp-content\/uploads\/2019\/04\/acceuil-finale.jpg\" \/>\n\t<meta property=\"og:image:width\" content=\"1920\" \/>\n\t<meta property=\"og:image:height\" content=\"700\" \/>\n\t<meta property=\"og:image:type\" content=\"image\/jpeg\" \/>\n<meta name=\"twitter:card\" content=\"summary_large_image\" \/>\n<meta name=\"twitter:label1\" content=\"Estimation du temps de lecture\" \/>\n\t<meta name=\"twitter:data1\" content=\"5 minutes\" \/>\n<script type=\"application\/ld+json\" class=\"yoast-schema-graph\">{\"@context\":\"https:\/\/schema.org\",\"@graph\":[{\"@type\":\"WebPage\",\"@id\":\"https:\/\/cep-experts.ca\/fr\/ressources\/infolettre\/\",\"url\":\"https:\/\/cep-experts.ca\/fr\/ressources\/infolettre\/\",\"name\":\"Infolettre - CEP Forensique\",\"isPartOf\":{\"@id\":\"https:\/\/cep-experts.ca\/fr\/#website\"},\"datePublished\":\"2018-10-30T15:40:49+00:00\",\"dateModified\":\"2019-05-07T13:06:42+00:00\",\"breadcrumb\":{\"@id\":\"https:\/\/cep-experts.ca\/fr\/ressources\/infolettre\/#breadcrumb\"},\"inLanguage\":\"fr-CA\",\"potentialAction\":[{\"@type\":\"ReadAction\",\"target\":[\"https:\/\/cep-experts.ca\/fr\/ressources\/infolettre\/\"]}]},{\"@type\":\"BreadcrumbList\",\"@id\":\"https:\/\/cep-experts.ca\/fr\/ressources\/infolettre\/#breadcrumb\",\"itemListElement\":[{\"@type\":\"ListItem\",\"position\":1,\"name\":\"Accueil\",\"item\":\"https:\/\/cep-experts.ca\/fr\/\"},{\"@type\":\"ListItem\",\"position\":2,\"name\":\"Ressources\",\"item\":\"https:\/\/cep-experts.ca\/fr\/ressources\/\"},{\"@type\":\"ListItem\",\"position\":3,\"name\":\"Infolettre\"}]},{\"@type\":\"WebSite\",\"@id\":\"https:\/\/cep-experts.ca\/fr\/#website\",\"url\":\"https:\/\/cep-experts.ca\/fr\/\",\"name\":\"CEP Forensique\",\"description\":\"\",\"potentialAction\":[{\"@type\":\"SearchAction\",\"target\":{\"@type\":\"EntryPoint\",\"urlTemplate\":\"https:\/\/cep-experts.ca\/fr\/?s={search_term_string}\"},\"query-input\":{\"@type\":\"PropertyValueSpecification\",\"valueRequired\":true,\"valueName\":\"search_term_string\"}}],\"inLanguage\":\"fr-CA\"}]}<\/script>\n<!-- \/ Yoast SEO plugin. -->","yoast_head_json":{"title":"Infolettre - CEP Forensique","robots":{"index":"index","follow":"follow","max-snippet":"max-snippet:-1","max-image-preview":"max-image-preview:large","max-video-preview":"max-video-preview:-1"},"canonical":"https:\/\/cep-experts.ca\/fr\/ressources\/infolettre\/","og_locale":"fr_CA","og_type":"article","og_title":"Infolettre - CEP Forensique","og_description":"Ne manquez rien des nouveaut\u00e9s! Passionn\u00e9s par notre domaine, nous concevons pour vous une infolettre remplie de conseils qui vous seront utiles au quotidien et qui vous aideront \u00e0 mieux comprendre le processus d\u2019investigation forensique.\u00a0 Au programme\u00a0: Des trucs et des astuces en mati\u00e8re de pr\u00e9vention; Des bulletins techniques sur les nombreuses facettes de l\u2019ing\u00e9nierie [&hellip;]","og_url":"https:\/\/cep-experts.ca\/fr\/ressources\/infolettre\/","og_site_name":"CEP Forensique","article_modified_time":"2019-05-07T13:06:42+00:00","og_image":[{"width":1920,"height":700,"url":"https:\/\/cep-experts.ca\/wp-content\/uploads\/2019\/04\/acceuil-finale.jpg","type":"image\/jpeg"}],"twitter_card":"summary_large_image","twitter_misc":{"Estimation du temps de lecture":"5 minutes"},"schema":{"@context":"https:\/\/schema.org","@graph":[{"@type":"WebPage","@id":"https:\/\/cep-experts.ca\/fr\/ressources\/infolettre\/","url":"https:\/\/cep-experts.ca\/fr\/ressources\/infolettre\/","name":"Infolettre - CEP Forensique","isPartOf":{"@id":"https:\/\/cep-experts.ca\/fr\/#website"},"datePublished":"2018-10-30T15:40:49+00:00","dateModified":"2019-05-07T13:06:42+00:00","breadcrumb":{"@id":"https:\/\/cep-experts.ca\/fr\/ressources\/infolettre\/#breadcrumb"},"inLanguage":"fr-CA","potentialAction":[{"@type":"ReadAction","target":["https:\/\/cep-experts.ca\/fr\/ressources\/infolettre\/"]}]},{"@type":"BreadcrumbList","@id":"https:\/\/cep-experts.ca\/fr\/ressources\/infolettre\/#breadcrumb","itemListElement":[{"@type":"ListItem","position":1,"name":"Accueil","item":"https:\/\/cep-experts.ca\/fr\/"},{"@type":"ListItem","position":2,"name":"Ressources","item":"https:\/\/cep-experts.ca\/fr\/ressources\/"},{"@type":"ListItem","position":3,"name":"Infolettre"}]},{"@type":"WebSite","@id":"https:\/\/cep-experts.ca\/fr\/#website","url":"https:\/\/cep-experts.ca\/fr\/","name":"CEP Forensique","description":"","potentialAction":[{"@type":"SearchAction","target":{"@type":"EntryPoint","urlTemplate":"https:\/\/cep-experts.ca\/fr\/?s={search_term_string}"},"query-input":{"@type":"PropertyValueSpecification","valueRequired":true,"valueName":"search_term_string"}}],"inLanguage":"fr-CA"}]}},"_links":{"self":[{"href":"https:\/\/cep-experts.ca\/fr\/wp-json\/wp\/v2\/pages\/827","targetHints":{"allow":["GET"]}}],"collection":[{"href":"https:\/\/cep-experts.ca\/fr\/wp-json\/wp\/v2\/pages"}],"about":[{"href":"https:\/\/cep-experts.ca\/fr\/wp-json\/wp\/v2\/types\/page"}],"author":[{"embeddable":true,"href":"https:\/\/cep-experts.ca\/fr\/wp-json\/wp\/v2\/users\/1"}],"replies":[{"embeddable":true,"href":"https:\/\/cep-experts.ca\/fr\/wp-json\/wp\/v2\/comments?post=827"}],"version-history":[{"count":0,"href":"https:\/\/cep-experts.ca\/fr\/wp-json\/wp\/v2\/pages\/827\/revisions"}],"up":[{"embeddable":true,"href":"https:\/\/cep-experts.ca\/fr\/wp-json\/wp\/v2\/pages\/1262"}],"wp:attachment":[{"href":"https:\/\/cep-experts.ca\/fr\/wp-json\/wp\/v2\/media?parent=827"}],"wp:term":[{"taxonomy":"service-specialise","embeddable":true,"href":"https:\/\/cep-experts.ca\/fr\/wp-json\/wp\/v2\/service-specialise?post=827"}],"curies":[{"name":"wp","href":"https:\/\/api.w.org\/{rel}","templated":true}]}}