{"id":8281,"date":"2020-06-17T17:10:02","date_gmt":"2020-06-17T21:10:02","guid":{"rendered":"https:\/\/cep-experts.ca\/?page_id=8281"},"modified":"2020-06-17T17:10:02","modified_gmt":"2020-06-17T21:10:02","slug":"webinaire-lenveloppe-du-batiment","status":"publish","type":"page","link":"https:\/\/cep-experts.ca\/fr\/ressources\/formations\/webinaire-lenveloppe-du-batiment\/","title":{"rendered":"Webinaire &#8211; L&rsquo;enveloppe du b\u00e2timent"},"content":{"rendered":"\t\t<div class=\"et_pb_section et_pb_with_background et_section_regular breadcrumbs_section\">\r\n\t\t\t<div class=\" et_pb_row breadcrumbs_row\">\r\n\t\t\t\t<div class=\"et_pb_column et_pb_column_4_4 breadcrumbs_column\">\r\n\t\t\t\t\t<div class=\"et_pb_code et_pb_module breadcrumbs_module\">\r\n\t\t\t\t\t\t<span><span><a href=\"https:\/\/cep-experts.ca\/fr\/\">Accueil<\/a><\/span><\/span>\t\t\t\t\t<\/div> <!-- .et_pb_code -->\r\n\t\t\t\t<\/div> <!-- .et_pb_column -->\r\n\t\t\t<\/div> <!-- .et_pb_row -->\r\n\t\t<\/div>\r\n\t[et_pb_section bb_built=\u00a0\u00bb1&Prime; specialty=\u00a0\u00bboff\u00a0\u00bb _builder_version=\u00a0\u00bb3.21.1&Prime; background_color=\u00a0\u00bb#ededed\u00a0\u00bb background_image=\u00a0\u00bbhttps:\/\/cep-experts.ca\/wp-content\/uploads\/2019\/03\/bg-sous-services.svg\u00a0\u00bb z_index_tablet=\u00a0\u00bb500&Prime; inner_width=\u00a0\u00bbauto\u00a0\u00bb inner_max_width=\u00a0\u00bbnone\u00a0\u00bb][et_pb_row _builder_version=\u00a0\u00bb3.21.1&Prime; custom_padding=\u00a0\u00bb||0px|\u00a0\u00bb z_index_tablet=\u00a0\u00bb500&Prime; disabled=\u00a0\u00bbon\u00a0\u00bb disabled_on=\u00a0\u00bbon|on|on\u00a0\u00bb width=\u00a0\u00bb80%\u00a0\u00bb max_width=\u00a0\u00bb1080px\u00a0\u00bb][et_pb_column type=\u00a0\u00bb4_4&Prime;][et_pb_image admin_label=\u00a0\u00bbImage selon la cliente\u00a0\u00bb _builder_version=\u00a0\u00bb3.21.1&Prime; src=\u00a0\u00bbhttps:\/\/cep-experts.ca\/wp-content\/uploads\/2019\/03\/bois.jpg\u00a0\u00bb z_index_tablet=\u00a0\u00bb500&Prime; align=\u00a0\u00bbcenter\u00a0\u00bb max_width=\u00a0\u00bb400px\u00a0\u00bb \/][\/et_pb_column][\/et_pb_row][et_pb_row _builder_version=\u00a0\u00bb3.21.1&Prime; border_radii=\u00a0\u00bbon|15px|15px|15px|15px\u00a0\u00bb box_shadow_style=\u00a0\u00bbpreset1&Prime; box_shadow_color=\u00a0\u00bbrgba(0,0,0,0.2)\u00a0\u00bb z_index_tablet=\u00a0\u00bb500&Prime; custom_padding=\u00a0\u00bb40px|5%|40px|5%\u00a0\u00bb background_color=\u00a0\u00bb#ffffff\u00a0\u00bb custom_margin=\u00a0\u00bb40px||40px|\u00a0\u00bb custom_margin_phone=\u00a0\u00bb20px||20px|\u00a0\u00bb custom_margin_last_edited=\u00a0\u00bbon|phone\u00a0\u00bb module_class=\u00a0\u00bbmobile-left\u00a0\u00bb width=\u00a0\u00bb80%\u00a0\u00bb max_width=\u00a0\u00bb1080px\u00a0\u00bb][et_pb_column type=\u00a0\u00bb4_4&Prime; custom_padding__hover=\u00a0\u00bb|||\u00a0\u00bb custom_padding=\u00a0\u00bb|||\u00a0\u00bb][et_pb_text _builder_version=\u00a0\u00bb4.4.8&Prime; z_index_tablet=\u00a0\u00bb500&Prime; header_2_font=\u00a0\u00bb|||on|||||\u00a0\u00bb header_3_font=\u00a0\u00bb|||on|||||\u00a0\u00bb text_text_shadow_horizontal_length=\u00a0\u00bbtext_text_shadow_style,%91object Object%93&Prime; text_text_shadow_vertical_length=\u00a0\u00bbtext_text_shadow_style,%91object Object%93&Prime; text_text_shadow_blur_strength=\u00a0\u00bbtext_text_shadow_style,%91object Object%93&Prime; link_text_shadow_horizontal_length=\u00a0\u00bblink_text_shadow_style,%91object Object%93&Prime; link_text_shadow_vertical_length=\u00a0\u00bblink_text_shadow_style,%91object Object%93&Prime; link_text_shadow_blur_strength=\u00a0\u00bblink_text_shadow_style,%91object Object%93&Prime; ul_text_shadow_horizontal_length=\u00a0\u00bbul_text_shadow_style,%91object Object%93&Prime; ul_text_shadow_vertical_length=\u00a0\u00bbul_text_shadow_style,%91object Object%93&Prime; ul_text_shadow_blur_strength=\u00a0\u00bbul_text_shadow_style,%91object Object%93&Prime; ol_text_shadow_horizontal_length=\u00a0\u00bbol_text_shadow_style,%91object Object%93&Prime; ol_text_shadow_vertical_length=\u00a0\u00bbol_text_shadow_style,%91object Object%93&Prime; ol_text_shadow_blur_strength=\u00a0\u00bbol_text_shadow_style,%91object Object%93&Prime; quote_text_shadow_horizontal_length=\u00a0\u00bbquote_text_shadow_style,%91object Object%93&Prime; quote_text_shadow_vertical_length=\u00a0\u00bbquote_text_shadow_style,%91object Object%93&Prime; quote_text_shadow_blur_strength=\u00a0\u00bbquote_text_shadow_style,%91object Object%93&Prime; header_text_shadow_horizontal_length=\u00a0\u00bbheader_text_shadow_style,%91object Object%93&Prime; header_text_shadow_vertical_length=\u00a0\u00bbheader_text_shadow_style,%91object Object%93&Prime; header_text_shadow_blur_strength=\u00a0\u00bbheader_text_shadow_style,%91object Object%93&Prime; header_2_text_shadow_horizontal_length=\u00a0\u00bbheader_2_text_shadow_style,%91object Object%93&Prime; header_2_text_shadow_vertical_length=\u00a0\u00bbheader_2_text_shadow_style,%91object Object%93&Prime; header_2_text_shadow_blur_strength=\u00a0\u00bbheader_2_text_shadow_style,%91object Object%93&Prime; header_3_text_shadow_horizontal_length=\u00a0\u00bbheader_3_text_shadow_style,%91object Object%93&Prime; header_3_text_shadow_vertical_length=\u00a0\u00bbheader_3_text_shadow_style,%91object Object%93&Prime; header_3_text_shadow_blur_strength=\u00a0\u00bbheader_3_text_shadow_style,%91object Object%93&Prime; header_4_text_shadow_horizontal_length=\u00a0\u00bbheader_4_text_shadow_style,%91object Object%93&Prime; header_4_text_shadow_vertical_length=\u00a0\u00bbheader_4_text_shadow_style,%91object Object%93&Prime; header_4_text_shadow_blur_strength=\u00a0\u00bbheader_4_text_shadow_style,%91object Object%93&Prime; header_5_text_shadow_horizontal_length=\u00a0\u00bbheader_5_text_shadow_style,%91object Object%93&Prime; header_5_text_shadow_vertical_length=\u00a0\u00bbheader_5_text_shadow_style,%91object Object%93&Prime; header_5_text_shadow_blur_strength=\u00a0\u00bbheader_5_text_shadow_style,%91object Object%93&Prime; header_6_text_shadow_horizontal_length=\u00a0\u00bbheader_6_text_shadow_style,%91object Object%93&Prime; header_6_text_shadow_vertical_length=\u00a0\u00bbheader_6_text_shadow_style,%91object Object%93&Prime; header_6_text_shadow_blur_strength=\u00a0\u00bbheader_6_text_shadow_style,%91object Object%93&Prime; box_shadow_horizontal_tablet=\u00a0\u00bb0px\u00a0\u00bb box_shadow_vertical_tablet=\u00a0\u00bb0px\u00a0\u00bb box_shadow_blur_tablet=\u00a0\u00bb40px\u00a0\u00bb box_shadow_spread_tablet=\u00a0\u00bb0px\u00a0\u00bb vertical_offset_tablet=\u00a0\u00bb0&Prime; horizontal_offset_tablet=\u00a0\u00bb0&Prime;]\r\n\r\n\r\n<h1><strong>L&rsquo;enveloppe du b\u00e2timent <\/strong><\/h1>\r\n<p><strong>Formateur : <\/strong>Patricia Fortier, ing.<br \/>\r\n<strong>Accr\u00e9ditation :\u00a0<\/strong>ChAD AFC00088<br \/>\r\n<strong>Dur\u00e9e : 2 heures<\/strong><\/p>\r\n<p>Ce webinaire pr\u00e9sente les notions fondamentales concernant l\u2019enveloppe du b\u00e2timent pour permettre aux participants de mieux g\u00e9rer les dossiers de r\u00e9clamation reli\u00e9s \u00e0 des dommages par infiltrations d\u2019eau ou de condensation aux composantes de l\u2019immeuble.<\/p>\r\n<p>Nous couvrirons les concepts de base encadrant l\u2019enveloppe, identifierons les diff\u00e9rentes composantes et d\u00e9crirons le r\u00f4le de celles-ci. \u00c0 la fin de ce webinaire, vous serez en mesure de conna\u00eetre l\u2019importance de chacune des composantes de l\u2019enveloppe du b\u00e2timent et d\u2019identifier les pathologies r\u00e9sultant de composantes d\u00e9ficientes.<\/p>\r\n<p><a href=\"https:\/\/attendee.gotowebinar.com\/recording\/1244651967702304524\"><strong>VISIONNER CE WEBINAIRE<\/strong><\/a><\/p>\r\n<hr \/>\r\n<p>Pour plus d&rsquo;information, appelez-nous au 450-686-0240 (1 877 686-0240)<\/p>\r\n\r\n\r\n[\/et_pb_text][\/et_pb_column][\/et_pb_row][\/et_pb_section]","protected":false},"excerpt":{"rendered":"<p>L&rsquo;enveloppe du b\u00e2timent Formateur : Patricia Fortier, ing. Accr\u00e9ditation :\u00a0ChAD AFC00088 Dur\u00e9e : 2 heures Ce webinaire pr\u00e9sente les notions fondamentales concernant l\u2019enveloppe du b\u00e2timent pour permettre aux participants de mieux g\u00e9rer les dossiers de r\u00e9clamation reli\u00e9s \u00e0 des dommages par infiltrations d\u2019eau ou de condensation aux composantes de l\u2019immeuble. Nous couvrirons les concepts de [&hellip;]<\/p>\n","protected":false},"author":4,"featured_media":0,"parent":1884,"menu_order":0,"comment_status":"closed","ping_status":"closed","template":"","meta":{"_acf_changed":false,"_et_pb_use_builder":"on","_et_pb_old_content":"","_et_gb_content_width":"","footnotes":""},"service-specialise":[],"class_list":["post-8281","page","type-page","status-publish","hentry"],"acf":[],"yoast_head":"<!-- This site is optimized with the Yoast SEO plugin v27.2 - https:\/\/yoast.com\/product\/yoast-seo-wordpress\/ -->\n<title>Webinaire - L&#039;enveloppe du b\u00e2timent - CEP Forensique<\/title>\n<meta name=\"robots\" content=\"index, follow, max-snippet:-1, max-image-preview:large, max-video-preview:-1\" \/>\n<link rel=\"canonical\" href=\"https:\/\/cep-experts.ca\/fr\/ressources\/formations\/webinaire-lenveloppe-du-batiment\/\" \/>\n<meta property=\"og:locale\" content=\"fr_CA\" \/>\n<meta property=\"og:type\" content=\"article\" \/>\n<meta property=\"og:title\" content=\"Webinaire - L&#039;enveloppe du b\u00e2timent - CEP Forensique\" \/>\n<meta property=\"og:description\" content=\"L&#039;enveloppe du b\u00e2timent Formateur : Patricia Fortier, ing. Accr\u00e9ditation :\u00a0ChAD AFC00088 Dur\u00e9e : 2 heures Ce webinaire pr\u00e9sente les notions fondamentales concernant l\u2019enveloppe du b\u00e2timent pour permettre aux participants de mieux g\u00e9rer les dossiers de r\u00e9clamation reli\u00e9s \u00e0 des dommages par infiltrations d\u2019eau ou de condensation aux composantes de l\u2019immeuble. Nous couvrirons les concepts de [&hellip;]\" \/>\n<meta property=\"og:url\" content=\"https:\/\/cep-experts.ca\/fr\/ressources\/formations\/webinaire-lenveloppe-du-batiment\/\" \/>\n<meta property=\"og:site_name\" content=\"CEP Forensique\" \/>\n<meta property=\"og:image\" content=\"https:\/\/cep-experts.ca\/wp-content\/uploads\/2019\/04\/acceuil-finale.jpg\" \/>\n\t<meta property=\"og:image:width\" content=\"1920\" \/>\n\t<meta property=\"og:image:height\" content=\"700\" \/>\n\t<meta property=\"og:image:type\" content=\"image\/jpeg\" \/>\n<meta name=\"twitter:card\" content=\"summary_large_image\" \/>\n<meta name=\"twitter:label1\" content=\"Estimation du temps de lecture\" \/>\n\t<meta name=\"twitter:data1\" content=\"3 minutes\" \/>\n<script type=\"application\/ld+json\" class=\"yoast-schema-graph\">{\"@context\":\"https:\/\/schema.org\",\"@graph\":[{\"@type\":\"WebPage\",\"@id\":\"https:\/\/cep-experts.ca\/fr\/ressources\/formations\/webinaire-lenveloppe-du-batiment\/\",\"url\":\"https:\/\/cep-experts.ca\/fr\/ressources\/formations\/webinaire-lenveloppe-du-batiment\/\",\"name\":\"Webinaire - L'enveloppe du b\u00e2timent - CEP Forensique\",\"isPartOf\":{\"@id\":\"https:\/\/cep-experts.ca\/fr\/#website\"},\"datePublished\":\"2020-06-17T21:10:02+00:00\",\"breadcrumb\":{\"@id\":\"https:\/\/cep-experts.ca\/fr\/ressources\/formations\/webinaire-lenveloppe-du-batiment\/#breadcrumb\"},\"inLanguage\":\"fr-CA\",\"potentialAction\":[{\"@type\":\"ReadAction\",\"target\":[\"https:\/\/cep-experts.ca\/fr\/ressources\/formations\/webinaire-lenveloppe-du-batiment\/\"]}]},{\"@type\":\"BreadcrumbList\",\"@id\":\"https:\/\/cep-experts.ca\/fr\/ressources\/formations\/webinaire-lenveloppe-du-batiment\/#breadcrumb\",\"itemListElement\":[{\"@type\":\"ListItem\",\"position\":1,\"name\":\"Accueil\",\"item\":\"https:\/\/cep-experts.ca\/fr\/\"},{\"@type\":\"ListItem\",\"position\":2,\"name\":\"Ressources\",\"item\":\"https:\/\/cep-experts.ca\/fr\/ressources\/\"},{\"@type\":\"ListItem\",\"position\":3,\"name\":\"Formations\",\"item\":\"https:\/\/cep-experts.ca\/fr\/?page_id=1884\"},{\"@type\":\"ListItem\",\"position\":4,\"name\":\"Webinaire &#8211; L&#8217;enveloppe du b\u00e2timent\"}]},{\"@type\":\"WebSite\",\"@id\":\"https:\/\/cep-experts.ca\/fr\/#website\",\"url\":\"https:\/\/cep-experts.ca\/fr\/\",\"name\":\"CEP Forensique\",\"description\":\"\",\"potentialAction\":[{\"@type\":\"SearchAction\",\"target\":{\"@type\":\"EntryPoint\",\"urlTemplate\":\"https:\/\/cep-experts.ca\/fr\/?s={search_term_string}\"},\"query-input\":{\"@type\":\"PropertyValueSpecification\",\"valueRequired\":true,\"valueName\":\"search_term_string\"}}],\"inLanguage\":\"fr-CA\"}]}<\/script>\n<!-- \/ Yoast SEO plugin. -->","yoast_head_json":{"title":"Webinaire - L'enveloppe du b\u00e2timent - CEP Forensique","robots":{"index":"index","follow":"follow","max-snippet":"max-snippet:-1","max-image-preview":"max-image-preview:large","max-video-preview":"max-video-preview:-1"},"canonical":"https:\/\/cep-experts.ca\/fr\/ressources\/formations\/webinaire-lenveloppe-du-batiment\/","og_locale":"fr_CA","og_type":"article","og_title":"Webinaire - L'enveloppe du b\u00e2timent - CEP Forensique","og_description":"L'enveloppe du b\u00e2timent Formateur : Patricia Fortier, ing. Accr\u00e9ditation :\u00a0ChAD AFC00088 Dur\u00e9e : 2 heures Ce webinaire pr\u00e9sente les notions fondamentales concernant l\u2019enveloppe du b\u00e2timent pour permettre aux participants de mieux g\u00e9rer les dossiers de r\u00e9clamation reli\u00e9s \u00e0 des dommages par infiltrations d\u2019eau ou de condensation aux composantes de l\u2019immeuble. Nous couvrirons les concepts de [&hellip;]","og_url":"https:\/\/cep-experts.ca\/fr\/ressources\/formations\/webinaire-lenveloppe-du-batiment\/","og_site_name":"CEP Forensique","og_image":[{"width":1920,"height":700,"url":"https:\/\/cep-experts.ca\/wp-content\/uploads\/2019\/04\/acceuil-finale.jpg","type":"image\/jpeg"}],"twitter_card":"summary_large_image","twitter_misc":{"Estimation du temps de lecture":"3 minutes"},"schema":{"@context":"https:\/\/schema.org","@graph":[{"@type":"WebPage","@id":"https:\/\/cep-experts.ca\/fr\/ressources\/formations\/webinaire-lenveloppe-du-batiment\/","url":"https:\/\/cep-experts.ca\/fr\/ressources\/formations\/webinaire-lenveloppe-du-batiment\/","name":"Webinaire - L'enveloppe du b\u00e2timent - CEP Forensique","isPartOf":{"@id":"https:\/\/cep-experts.ca\/fr\/#website"},"datePublished":"2020-06-17T21:10:02+00:00","breadcrumb":{"@id":"https:\/\/cep-experts.ca\/fr\/ressources\/formations\/webinaire-lenveloppe-du-batiment\/#breadcrumb"},"inLanguage":"fr-CA","potentialAction":[{"@type":"ReadAction","target":["https:\/\/cep-experts.ca\/fr\/ressources\/formations\/webinaire-lenveloppe-du-batiment\/"]}]},{"@type":"BreadcrumbList","@id":"https:\/\/cep-experts.ca\/fr\/ressources\/formations\/webinaire-lenveloppe-du-batiment\/#breadcrumb","itemListElement":[{"@type":"ListItem","position":1,"name":"Accueil","item":"https:\/\/cep-experts.ca\/fr\/"},{"@type":"ListItem","position":2,"name":"Ressources","item":"https:\/\/cep-experts.ca\/fr\/ressources\/"},{"@type":"ListItem","position":3,"name":"Formations","item":"https:\/\/cep-experts.ca\/fr\/?page_id=1884"},{"@type":"ListItem","position":4,"name":"Webinaire &#8211; L&#8217;enveloppe du b\u00e2timent"}]},{"@type":"WebSite","@id":"https:\/\/cep-experts.ca\/fr\/#website","url":"https:\/\/cep-experts.ca\/fr\/","name":"CEP Forensique","description":"","potentialAction":[{"@type":"SearchAction","target":{"@type":"EntryPoint","urlTemplate":"https:\/\/cep-experts.ca\/fr\/?s={search_term_string}"},"query-input":{"@type":"PropertyValueSpecification","valueRequired":true,"valueName":"search_term_string"}}],"inLanguage":"fr-CA"}]}},"_links":{"self":[{"href":"https:\/\/cep-experts.ca\/fr\/wp-json\/wp\/v2\/pages\/8281","targetHints":{"allow":["GET"]}}],"collection":[{"href":"https:\/\/cep-experts.ca\/fr\/wp-json\/wp\/v2\/pages"}],"about":[{"href":"https:\/\/cep-experts.ca\/fr\/wp-json\/wp\/v2\/types\/page"}],"author":[{"embeddable":true,"href":"https:\/\/cep-experts.ca\/fr\/wp-json\/wp\/v2\/users\/4"}],"replies":[{"embeddable":true,"href":"https:\/\/cep-experts.ca\/fr\/wp-json\/wp\/v2\/comments?post=8281"}],"version-history":[{"count":0,"href":"https:\/\/cep-experts.ca\/fr\/wp-json\/wp\/v2\/pages\/8281\/revisions"}],"up":[{"embeddable":true,"href":"https:\/\/cep-experts.ca\/fr\/wp-json\/wp\/v2\/pages\/1884"}],"wp:attachment":[{"href":"https:\/\/cep-experts.ca\/fr\/wp-json\/wp\/v2\/media?parent=8281"}],"wp:term":[{"taxonomy":"service-specialise","embeddable":true,"href":"https:\/\/cep-experts.ca\/fr\/wp-json\/wp\/v2\/service-specialise?post=8281"}],"curies":[{"name":"wp","href":"https:\/\/api.w.org\/{rel}","templated":true}]}}